{"id":4414,"date":"2021-08-31T16:08:04","date_gmt":"2021-08-31T14:08:04","guid":{"rendered":"https:\/\/tttattoo.com\/wholesale\/"},"modified":"2024-04-22T15:56:43","modified_gmt":"2024-04-22T13:56:43","slug":"ingrosso","status":"publish","type":"page","link":"https:\/\/tttattoo.com\/it\/ingrosso\/","title":{"rendered":"All&#8217;ingrosso"},"content":{"rendered":"\t\t<div data-elementor-type=\"wp-page\" data-elementor-id=\"4414\" class=\"elementor elementor-4414 elementor-4411\" data-elementor-post-type=\"page\">\n\t\t\t\t<div class=\"elementor-element elementor-element-5f1ba91 e-flex e-con-boxed e-con e-parent\" data-id=\"5f1ba91\" data-element_type=\"container\" data-e-type=\"container\">\n\t\t\t\t\t<div class=\"e-con-inner\">\n\t\t<div class=\"elementor-element elementor-element-4d0f533 e-con-full e-flex e-con e-child\" data-id=\"4d0f533\" data-element_type=\"container\" data-e-type=\"container\">\n\t\t\t\t<div class=\"elementor-element elementor-element-f66bc3c elementor-widget elementor-widget-heading\" data-id=\"f66bc3c\" data-element_type=\"widget\" data-e-type=\"widget\" data-widget_type=\"heading.default\">\n\t\t\t\t<div class=\"elementor-widget-container\">\n\t\t\t\t\t<h1 class=\"elementor-heading-title elementor-size-default\">All'ingrosso<\/h1>\t\t\t\t<\/div>\n\t\t\t\t<\/div>\n\t\t\t\t<div class=\"elementor-element elementor-element-f1f2549 elementor-widget elementor-widget-heading\" data-id=\"f1f2549\" data-element_type=\"widget\" data-e-type=\"widget\" data-widget_type=\"heading.default\">\n\t\t\t\t<div class=\"elementor-widget-container\">\n\t\t\t\t\t<h2 class=\"elementor-heading-title elementor-size-default\">Tatuaggi personalizzati TEMPORANEI all'ingrosso<\/h2>\t\t\t\t<\/div>\n\t\t\t\t<\/div>\n\t\t\t\t<div class=\"elementor-element elementor-element-250a93d elementor-widget elementor-widget-text-editor\" data-id=\"250a93d\" data-element_type=\"widget\" data-e-type=\"widget\" data-widget_type=\"text-editor.default\">\n\t\t\t\t<div class=\"elementor-widget-container\">\n\t\t\t\t\t\t\t\t\t<p>Stai cercando un modo originale per promuovere il tuo marchio? Vuoi che il tuo evento di marketing viva sulla pelle dei tuoi ospiti anche dopo il grande giorno e che raggiunga molte pi\u00f9 persone di quelle che hanno effettivamente assistito? Sei nel posto giusto! Abbiamo quello che stai cercando.<\/p>\n<p>I tatuaggi temporanei sono un modo divertente e originale per mettersi in mostra, un perfetto rompighiaccio per un evento, sono alla moda, economici e possono riportare un&#8217;intera generazione a un&#8217;infanzia nostalgica quando erano noti come &#8220;trasferimenti&#8221;.<\/p>\n<p><strong>TTTattoo ti offre una flessibilit\u00e0 quantitativa con la migliore qualit\u00e0. Abbiamo solo bisogno di:<\/strong><\/p>\n<ul>\n<li>Le dimensioni e la quantit\u00e0 del tatuaggio personalizzato<\/li>\n<li>Il tuo disegno (o modello), se ne sei gi\u00e0 in possesso puoi inviarlo nei seguenti formati: .PDF, .TIF, .JPG, .PNG, .PSD, .AI, .EPS (ricorda che devono essere file di alta qualit\u00e0)<\/li>\n<\/ul>\n<p>Rivitalizza la tua offerta di prodotti e distinguiti sul mercato con la vendita di tatuaggi temporanei all&#8217;ingrosso di TTTattoo. Questi prodotti non sono solo una tendenza passeggera, ma un potente strumento di marketing e un complemento perfetto per qualsiasi negozio che voglia innovare il proprio approccio. Le vendite all&#8217;ingrosso di tatuaggi temporanei di TTTattoo ti permettono di personalizzare i disegni che riflettono il tuo marchio o lo spirito del tuo evento, assicurandoti che ogni tatuaggio sia unico come i tuoi clienti.<\/p>\n<p>\u00c8 un&#8217;opportunit\u00e0 per generare conversazioni e connessioni. Puoi utilizzare i tatuaggi temporanei in occasione di eventi aziendali, concerti, festival o semplicemente come parte della normale offerta del tuo negozio: questi tatuaggi sono un modo sicuro per lasciare un&#8217;impressione duratura.<\/p>\n<p>Con TTTattoo, il processo \u00e8 semplice e adattabile alle tue esigenze. Puoi scegliere tra un&#8217;ampia gamma di disegni gi\u00e0 disponibili o inviare i tuoi disegni in vari formati, assicurandoti che il prodotto finale sia esattamente quello di cui hai bisogno, completamente personalizzato. Inoltre, sia che tu abbia bisogno di piccole quantit\u00e0 per un evento specifico o di grandi volumi per una distribuzione pi\u00f9 ampia, TTTattoo si adatta alle tue esigenze con flessibilit\u00e0 ed efficienza.<\/p>\n<p>Incoraggia i tuoi clienti a esprimere la loro creativit\u00e0 e il loro stile personale con tatuaggi che possono indossare con orgoglio e senza impegni a lungo termine. La vendita all&#8217;ingrosso di tatuaggi temporanei di TTTattoo non \u00e8 solo un servizio: sono esperienze portatili e condivisibili che i tuoi clienti porteranno con s\u00e9 e ricorderanno. \u00c8 il momento di aumentare la tua portata e approfondire l&#8217;impatto della tua attivit\u00e0 con TTTattoo, dove la qualit\u00e0 incontra la creativit\u00e0.<\/p>\n<p>Ancora dubbi? Non preoccuparti, siamo molto preparati in materia \ud83d\ude09 Consultaci su <a href=\"mailto:info@tttattoo.com\">info@tttattoo.com!<\/a><\/p>\n\t\t\t\t\t\t\t\t<\/div>\n\t\t\t\t<\/div>\n\t\t\t\t<div class=\"elementor-element elementor-element-9437d39 elementor-widget elementor-widget-text-editor\" data-id=\"9437d39\" data-element_type=\"widget\" data-e-type=\"widget\" data-widget_type=\"text-editor.default\">\n\t\t\t\t<div class=\"elementor-widget-container\">\n\t\t\t\t\t\t\t\t\t<p>Sei interessato a scoprire di pi\u00f9 sulla nostra linea di tatuaggi temporanei personalizzati? Hai un negozio e pensi che i nostri TTTattoo si adattino al tuo negozio? Fantastico! Puoi richiedere il nostro catalogo all&#8217;ingrosso e contattarci a <a href=\"mailto:info@tttattoo.com\">info@tttattoo.com.<\/a> Saremo felici di parlare con te.<\/p>\n<p>Non vediamo l&#8217;ora di sentirti!<\/p>\n\t\t\t\t\t\t\t\t<\/div>\n\t\t\t\t<\/div>\n\t\t\t\t<\/div>\n\t\t\t\t\t<\/div>\n\t\t\t\t<\/div>\n\t\t\t\t<\/div>\n\t\t","protected":false},"excerpt":{"rendered":"<p>All&#8217;ingrosso Tatuaggi personalizzati TEMPORANEI all&#8217;ingrosso Stai cercando un modo originale per promuovere il tuo marchio? Vuoi che il tuo evento di marketing viva sulla pelle dei tuoi ospiti anche dopo il grande giorno e che raggiunga molte pi\u00f9 persone di quelle che hanno effettivamente assistito? Sei nel posto giusto! Abbiamo quello che stai cercando. I [&hellip;]<\/p>\n","protected":false},"author":1,"featured_media":0,"parent":0,"menu_order":6,"comment_status":"closed","ping_status":"closed","template":"","meta":{"footnotes":""},"class_list":["post-4414","page","type-page","status-publish","hentry"],"yoast_head":"<!-- This site is optimized with the Yoast SEO plugin v27.4 - https:\/\/yoast.com\/product\/yoast-seo-wordpress\/ -->\n<title>Vendita all&#039;ingrosso di tatuaggi temporanei<\/title>\n<meta name=\"description\" content=\"TTTatto ti offre un servizio di vendita all&#039;ingrosso di tatuaggi temporanei: per eventi di marketing, feste, matrimoni o per vendere nel tuo locale.\" \/>\n<meta name=\"robots\" content=\"index, follow, max-snippet:-1, max-image-preview:large, max-video-preview:-1\" \/>\n<link rel=\"canonical\" href=\"https:\/\/tttattoo.com\/it\/ingrosso\/\" \/>\n<meta property=\"og:locale\" content=\"it_IT\" \/>\n<meta property=\"og:type\" content=\"article\" \/>\n<meta property=\"og:title\" content=\"Vendita all&#039;ingrosso di tatuaggi temporanei\" \/>\n<meta property=\"og:description\" content=\"TTTatto ti offre un servizio di vendita all&#039;ingrosso di tatuaggi temporanei: per eventi di marketing, feste, matrimoni o per vendere nel tuo locale.\" \/>\n<meta property=\"og:url\" content=\"https:\/\/tttattoo.com\/it\/ingrosso\/\" \/>\n<meta property=\"og:site_name\" content=\"Acquista Tatuaggi Temporanei Originali - TTTattoo\" \/>\n<meta property=\"article:modified_time\" content=\"2024-04-22T13:56:43+00:00\" \/>\n<meta name=\"twitter:card\" content=\"summary_large_image\" \/>\n<meta name=\"twitter:label1\" content=\"Tempo di lettura stimato\" \/>\n\t<meta name=\"twitter:data1\" content=\"1 minuto\" \/>\n<script type=\"application\/ld+json\" class=\"yoast-schema-graph\">{\"@context\":\"https:\\\/\\\/schema.org\",\"@graph\":[{\"@type\":\"WebPage\",\"@id\":\"https:\\\/\\\/tttattoo.com\\\/it\\\/ingrosso\\\/\",\"url\":\"https:\\\/\\\/tttattoo.com\\\/it\\\/ingrosso\\\/\",\"name\":\"Vendita all'ingrosso di tatuaggi temporanei\",\"isPartOf\":{\"@id\":\"https:\\\/\\\/tttattoo.com\\\/it\\\/#website\"},\"datePublished\":\"2021-08-31T14:08:04+00:00\",\"dateModified\":\"2024-04-22T13:56:43+00:00\",\"description\":\"TTTatto ti offre un servizio di vendita all'ingrosso di tatuaggi temporanei: per eventi di marketing, feste, matrimoni o per vendere nel tuo locale.\",\"breadcrumb\":{\"@id\":\"https:\\\/\\\/tttattoo.com\\\/it\\\/ingrosso\\\/#breadcrumb\"},\"inLanguage\":\"it-IT\",\"potentialAction\":[{\"@type\":\"ReadAction\",\"target\":[\"https:\\\/\\\/tttattoo.com\\\/it\\\/ingrosso\\\/\"]}]},{\"@type\":\"BreadcrumbList\",\"@id\":\"https:\\\/\\\/tttattoo.com\\\/it\\\/ingrosso\\\/#breadcrumb\",\"itemListElement\":[{\"@type\":\"ListItem\",\"position\":1,\"name\":\"Portada\",\"item\":\"https:\\\/\\\/tttattoo.com\\\/it\\\/\"},{\"@type\":\"ListItem\",\"position\":2,\"name\":\"All&rsquo;ingrosso\"}]},{\"@type\":\"WebSite\",\"@id\":\"https:\\\/\\\/tttattoo.com\\\/it\\\/#website\",\"url\":\"https:\\\/\\\/tttattoo.com\\\/it\\\/\",\"name\":\"Acquista Tatuaggi Temporanei Originali - TTTattoo\",\"description\":\"Su TT Tattoo puoi acquistare tatuaggi temporanei originali di altissima qualit\u00e0. Abbiamo un ampio catalogo e puoi anche personalizzarli! Gioca con la tua creativit\u00e0.\",\"publisher\":{\"@id\":\"https:\\\/\\\/tttattoo.com\\\/it\\\/#organization\"},\"potentialAction\":[{\"@type\":\"SearchAction\",\"target\":{\"@type\":\"EntryPoint\",\"urlTemplate\":\"https:\\\/\\\/tttattoo.com\\\/it\\\/?s={search_term_string}\"},\"query-input\":{\"@type\":\"PropertyValueSpecification\",\"valueRequired\":true,\"valueName\":\"search_term_string\"}}],\"inLanguage\":\"it-IT\"},{\"@type\":\"Organization\",\"@id\":\"https:\\\/\\\/tttattoo.com\\\/it\\\/#organization\",\"name\":\"Acquista Tatuaggi Temporanei Originali - TTTattoo\",\"url\":\"https:\\\/\\\/tttattoo.com\\\/it\\\/\",\"logo\":{\"@type\":\"ImageObject\",\"inLanguage\":\"it-IT\",\"@id\":\"https:\\\/\\\/tttattoo.com\\\/it\\\/#\\\/schema\\\/logo\\\/image\\\/\",\"url\":\"https:\\\/\\\/tttattoo.com\\\/wp-content\\\/uploads\\\/2024\\\/03\\\/TTTattoo.png\",\"contentUrl\":\"https:\\\/\\\/tttattoo.com\\\/wp-content\\\/uploads\\\/2024\\\/03\\\/TTTattoo.png\",\"width\":500,\"height\":124,\"caption\":\"Acquista Tatuaggi Temporanei Originali - TTTattoo\"},\"image\":{\"@id\":\"https:\\\/\\\/tttattoo.com\\\/it\\\/#\\\/schema\\\/logo\\\/image\\\/\"}}]}<\/script>\n<!-- \/ Yoast SEO plugin. -->","yoast_head_json":{"title":"Vendita all'ingrosso di tatuaggi temporanei","description":"TTTatto ti offre un servizio di vendita all'ingrosso di tatuaggi temporanei: per eventi di marketing, feste, matrimoni o per vendere nel tuo locale.","robots":{"index":"index","follow":"follow","max-snippet":"max-snippet:-1","max-image-preview":"max-image-preview:large","max-video-preview":"max-video-preview:-1"},"canonical":"https:\/\/tttattoo.com\/it\/ingrosso\/","og_locale":"it_IT","og_type":"article","og_title":"Vendita all'ingrosso di tatuaggi temporanei","og_description":"TTTatto ti offre un servizio di vendita all'ingrosso di tatuaggi temporanei: per eventi di marketing, feste, matrimoni o per vendere nel tuo locale.","og_url":"https:\/\/tttattoo.com\/it\/ingrosso\/","og_site_name":"Acquista Tatuaggi Temporanei Originali - TTTattoo","article_modified_time":"2024-04-22T13:56:43+00:00","twitter_card":"summary_large_image","twitter_misc":{"Tempo di lettura stimato":"1 minuto"},"schema":{"@context":"https:\/\/schema.org","@graph":[{"@type":"WebPage","@id":"https:\/\/tttattoo.com\/it\/ingrosso\/","url":"https:\/\/tttattoo.com\/it\/ingrosso\/","name":"Vendita all'ingrosso di tatuaggi temporanei","isPartOf":{"@id":"https:\/\/tttattoo.com\/it\/#website"},"datePublished":"2021-08-31T14:08:04+00:00","dateModified":"2024-04-22T13:56:43+00:00","description":"TTTatto ti offre un servizio di vendita all'ingrosso di tatuaggi temporanei: per eventi di marketing, feste, matrimoni o per vendere nel tuo locale.","breadcrumb":{"@id":"https:\/\/tttattoo.com\/it\/ingrosso\/#breadcrumb"},"inLanguage":"it-IT","potentialAction":[{"@type":"ReadAction","target":["https:\/\/tttattoo.com\/it\/ingrosso\/"]}]},{"@type":"BreadcrumbList","@id":"https:\/\/tttattoo.com\/it\/ingrosso\/#breadcrumb","itemListElement":[{"@type":"ListItem","position":1,"name":"Portada","item":"https:\/\/tttattoo.com\/it\/"},{"@type":"ListItem","position":2,"name":"All&rsquo;ingrosso"}]},{"@type":"WebSite","@id":"https:\/\/tttattoo.com\/it\/#website","url":"https:\/\/tttattoo.com\/it\/","name":"Acquista Tatuaggi Temporanei Originali - TTTattoo","description":"Su TT Tattoo puoi acquistare tatuaggi temporanei originali di altissima qualit\u00e0. Abbiamo un ampio catalogo e puoi anche personalizzarli! Gioca con la tua creativit\u00e0.","publisher":{"@id":"https:\/\/tttattoo.com\/it\/#organization"},"potentialAction":[{"@type":"SearchAction","target":{"@type":"EntryPoint","urlTemplate":"https:\/\/tttattoo.com\/it\/?s={search_term_string}"},"query-input":{"@type":"PropertyValueSpecification","valueRequired":true,"valueName":"search_term_string"}}],"inLanguage":"it-IT"},{"@type":"Organization","@id":"https:\/\/tttattoo.com\/it\/#organization","name":"Acquista Tatuaggi Temporanei Originali - TTTattoo","url":"https:\/\/tttattoo.com\/it\/","logo":{"@type":"ImageObject","inLanguage":"it-IT","@id":"https:\/\/tttattoo.com\/it\/#\/schema\/logo\/image\/","url":"https:\/\/tttattoo.com\/wp-content\/uploads\/2024\/03\/TTTattoo.png","contentUrl":"https:\/\/tttattoo.com\/wp-content\/uploads\/2024\/03\/TTTattoo.png","width":500,"height":124,"caption":"Acquista Tatuaggi Temporanei Originali - TTTattoo"},"image":{"@id":"https:\/\/tttattoo.com\/it\/#\/schema\/logo\/image\/"}}]}},"_links":{"self":[{"href":"https:\/\/tttattoo.com\/it\/wp-json\/wp\/v2\/pages\/4414","targetHints":{"allow":["GET"]}}],"collection":[{"href":"https:\/\/tttattoo.com\/it\/wp-json\/wp\/v2\/pages"}],"about":[{"href":"https:\/\/tttattoo.com\/it\/wp-json\/wp\/v2\/types\/page"}],"author":[{"embeddable":true,"href":"https:\/\/tttattoo.com\/it\/wp-json\/wp\/v2\/users\/1"}],"replies":[{"embeddable":true,"href":"https:\/\/tttattoo.com\/it\/wp-json\/wp\/v2\/comments?post=4414"}],"version-history":[{"count":5,"href":"https:\/\/tttattoo.com\/it\/wp-json\/wp\/v2\/pages\/4414\/revisions"}],"predecessor-version":[{"id":9919,"href":"https:\/\/tttattoo.com\/it\/wp-json\/wp\/v2\/pages\/4414\/revisions\/9919"}],"wp:attachment":[{"href":"https:\/\/tttattoo.com\/it\/wp-json\/wp\/v2\/media?parent=4414"}],"curies":[{"name":"wp","href":"https:\/\/api.w.org\/{rel}","templated":true}]}}