{"id":9974,"date":"2014-09-20T12:53:40","date_gmt":"2014-09-20T10:53:40","guid":{"rendered":"https:\/\/tttattoo.com\/product\/rose-geometrique-2\/"},"modified":"2024-05-31T13:43:28","modified_gmt":"2024-05-31T11:43:28","slug":"rose-geometrique-2","status":"publish","type":"product","link":"https:\/\/tttattoo.com\/fr\/product\/rose-geometrique-2\/","title":{"rendered":"Rose g\u00e9om\u00e9trique"},"content":{"rendered":"","protected":false},"excerpt":{"rendered":"<p>Ensemble de 2 tatuajes<br \/>\nTaille : 6,7 x 6,8 cm<br \/>\nS\u00fbr et non toxique<\/p>\n","protected":false},"featured_media":9965,"comment_status":"open","ping_status":"closed","template":"","meta":[],"product_brand":[],"product_cat":[17],"product_tag":[],"class_list":{"0":"post-9974","1":"product","2":"type-product","3":"status-publish","4":"has-post-thumbnail","6":"product_cat-tout-fr","8":"first","9":"instock","10":"shipping-taxable","11":"purchasable","12":"product-type-simple"},"yoast_head":"<!-- This site is optimized with the Yoast SEO plugin v27.5 - https:\/\/yoast.com\/product\/yoast-seo-wordpress\/ -->\n<title>Tatouage de rose g\u00e9om\u00e9trique<\/title>\n<meta name=\"description\" content=\"Tatouage de rose g\u00e9om\u00e9trique\" \/>\n<meta name=\"robots\" content=\"index, follow, max-snippet:-1, max-image-preview:large, max-video-preview:-1\" \/>\n<link rel=\"canonical\" href=\"https:\/\/tttattoo.com\/fr\/product\/rose-geometrique-2\/\" \/>\n<meta property=\"og:locale\" content=\"fr_FR\" \/>\n<meta property=\"og:type\" content=\"article\" \/>\n<meta property=\"og:title\" content=\"Tatouage de rose g\u00e9om\u00e9trique\" \/>\n<meta property=\"og:description\" content=\"Tatouage de rose g\u00e9om\u00e9trique\" \/>\n<meta property=\"og:url\" content=\"https:\/\/tttattoo.com\/fr\/product\/rose-geometrique-2\/\" \/>\n<meta property=\"og:site_name\" content=\"Acheter Tatouages \u200b\u200bTemporaires Originaux - TTTattoo\" \/>\n<meta property=\"article:modified_time\" content=\"2024-05-31T11:43:28+00:00\" \/>\n<meta property=\"og:image\" content=\"https:\/\/tttattoo.com\/wp-content\/uploads\/2014\/09\/rosa-geo_amazon.png\" \/>\n\t<meta property=\"og:image:width\" content=\"500\" \/>\n\t<meta property=\"og:image:height\" content=\"500\" \/>\n\t<meta property=\"og:image:type\" content=\"image\/png\" \/>\n<meta name=\"twitter:card\" content=\"summary_large_image\" \/>\n<script type=\"application\/ld+json\" class=\"yoast-schema-graph\">{\"@context\":\"https:\\\/\\\/schema.org\",\"@graph\":[{\"@type\":\"WebPage\",\"@id\":\"https:\\\/\\\/tttattoo.com\\\/fr\\\/product\\\/rose-geometrique-2\\\/\",\"url\":\"https:\\\/\\\/tttattoo.com\\\/fr\\\/product\\\/rose-geometrique-2\\\/\",\"name\":\"Tatouage de rose g\u00e9om\u00e9trique\",\"isPartOf\":{\"@id\":\"https:\\\/\\\/tttattoo.com\\\/fr\\\/#website\"},\"primaryImageOfPage\":{\"@id\":\"https:\\\/\\\/tttattoo.com\\\/fr\\\/product\\\/rose-geometrique-2\\\/#primaryimage\"},\"image\":{\"@id\":\"https:\\\/\\\/tttattoo.com\\\/fr\\\/product\\\/rose-geometrique-2\\\/#primaryimage\"},\"thumbnailUrl\":\"https:\\\/\\\/tttattoo.com\\\/wp-content\\\/uploads\\\/2014\\\/09\\\/rosa-geo_amazon.png\",\"datePublished\":\"2014-09-20T10:53:40+00:00\",\"dateModified\":\"2024-05-31T11:43:28+00:00\",\"description\":\"Tatouage de rose g\u00e9om\u00e9trique\",\"breadcrumb\":{\"@id\":\"https:\\\/\\\/tttattoo.com\\\/fr\\\/product\\\/rose-geometrique-2\\\/#breadcrumb\"},\"inLanguage\":\"fr-FR\",\"potentialAction\":[{\"@type\":\"ReadAction\",\"target\":[\"https:\\\/\\\/tttattoo.com\\\/fr\\\/product\\\/rose-geometrique-2\\\/\"]}]},{\"@type\":\"ImageObject\",\"inLanguage\":\"fr-FR\",\"@id\":\"https:\\\/\\\/tttattoo.com\\\/fr\\\/product\\\/rose-geometrique-2\\\/#primaryimage\",\"url\":\"https:\\\/\\\/tttattoo.com\\\/wp-content\\\/uploads\\\/2014\\\/09\\\/rosa-geo_amazon.png\",\"contentUrl\":\"https:\\\/\\\/tttattoo.com\\\/wp-content\\\/uploads\\\/2014\\\/09\\\/rosa-geo_amazon.png\",\"width\":500,\"height\":500},{\"@type\":\"BreadcrumbList\",\"@id\":\"https:\\\/\\\/tttattoo.com\\\/fr\\\/product\\\/rose-geometrique-2\\\/#breadcrumb\",\"itemListElement\":[{\"@type\":\"ListItem\",\"position\":1,\"name\":\"Portada\",\"item\":\"https:\\\/\\\/tttattoo.com\\\/fr\\\/\"},{\"@type\":\"ListItem\",\"position\":2,\"name\":\"Boutique\",\"item\":\"https:\\\/\\\/tttattoo.com\\\/shop\\\/\"},{\"@type\":\"ListItem\",\"position\":3,\"name\":\"Rose g\u00e9om\u00e9trique\"}]},{\"@type\":\"WebSite\",\"@id\":\"https:\\\/\\\/tttattoo.com\\\/fr\\\/#website\",\"url\":\"https:\\\/\\\/tttattoo.com\\\/fr\\\/\",\"name\":\"Acheter Tatouages \u200b\u200bTemporaires Originaux - TTTattoo\",\"description\":\"Chez TTTattoo, vous pouvez acheter des tatouages \u200b\u200btemporaires originaux de qualit\u00e9 sup\u00e9rieure. Nous avons un large catalogue et vous pouvez \u00e9galement les personnaliser ! Jouez avec votre cr\u00e9ativit\u00e9.\",\"publisher\":{\"@id\":\"https:\\\/\\\/tttattoo.com\\\/fr\\\/#organization\"},\"potentialAction\":[{\"@type\":\"SearchAction\",\"target\":{\"@type\":\"EntryPoint\",\"urlTemplate\":\"https:\\\/\\\/tttattoo.com\\\/fr\\\/?s={search_term_string}\"},\"query-input\":{\"@type\":\"PropertyValueSpecification\",\"valueRequired\":true,\"valueName\":\"search_term_string\"}}],\"inLanguage\":\"fr-FR\"},{\"@type\":\"Organization\",\"@id\":\"https:\\\/\\\/tttattoo.com\\\/fr\\\/#organization\",\"name\":\"Acheter Tatouages \u200b\u200bTemporaires Originaux - TTTattoo\",\"url\":\"https:\\\/\\\/tttattoo.com\\\/fr\\\/\",\"logo\":{\"@type\":\"ImageObject\",\"inLanguage\":\"fr-FR\",\"@id\":\"https:\\\/\\\/tttattoo.com\\\/fr\\\/#\\\/schema\\\/logo\\\/image\\\/\",\"url\":\"https:\\\/\\\/tttattoo.com\\\/wp-content\\\/uploads\\\/2024\\\/03\\\/TTTattoo.png\",\"contentUrl\":\"https:\\\/\\\/tttattoo.com\\\/wp-content\\\/uploads\\\/2024\\\/03\\\/TTTattoo.png\",\"width\":500,\"height\":124,\"caption\":\"Acheter Tatouages \u200b\u200bTemporaires Originaux - TTTattoo\"},\"image\":{\"@id\":\"https:\\\/\\\/tttattoo.com\\\/fr\\\/#\\\/schema\\\/logo\\\/image\\\/\"}}]}<\/script>\n<!-- \/ Yoast SEO plugin. -->","yoast_head_json":{"title":"Tatouage de rose g\u00e9om\u00e9trique","description":"Tatouage de rose g\u00e9om\u00e9trique","robots":{"index":"index","follow":"follow","max-snippet":"max-snippet:-1","max-image-preview":"max-image-preview:large","max-video-preview":"max-video-preview:-1"},"canonical":"https:\/\/tttattoo.com\/fr\/product\/rose-geometrique-2\/","og_locale":"fr_FR","og_type":"article","og_title":"Tatouage de rose g\u00e9om\u00e9trique","og_description":"Tatouage de rose g\u00e9om\u00e9trique","og_url":"https:\/\/tttattoo.com\/fr\/product\/rose-geometrique-2\/","og_site_name":"Acheter Tatouages \u200b\u200bTemporaires Originaux - TTTattoo","article_modified_time":"2024-05-31T11:43:28+00:00","og_image":[{"width":500,"height":500,"url":"https:\/\/tttattoo.com\/wp-content\/uploads\/2014\/09\/rosa-geo_amazon.png","type":"image\/png"}],"twitter_card":"summary_large_image","schema":{"@context":"https:\/\/schema.org","@graph":[{"@type":"WebPage","@id":"https:\/\/tttattoo.com\/fr\/product\/rose-geometrique-2\/","url":"https:\/\/tttattoo.com\/fr\/product\/rose-geometrique-2\/","name":"Tatouage de rose g\u00e9om\u00e9trique","isPartOf":{"@id":"https:\/\/tttattoo.com\/fr\/#website"},"primaryImageOfPage":{"@id":"https:\/\/tttattoo.com\/fr\/product\/rose-geometrique-2\/#primaryimage"},"image":{"@id":"https:\/\/tttattoo.com\/fr\/product\/rose-geometrique-2\/#primaryimage"},"thumbnailUrl":"https:\/\/tttattoo.com\/wp-content\/uploads\/2014\/09\/rosa-geo_amazon.png","datePublished":"2014-09-20T10:53:40+00:00","dateModified":"2024-05-31T11:43:28+00:00","description":"Tatouage de rose g\u00e9om\u00e9trique","breadcrumb":{"@id":"https:\/\/tttattoo.com\/fr\/product\/rose-geometrique-2\/#breadcrumb"},"inLanguage":"fr-FR","potentialAction":[{"@type":"ReadAction","target":["https:\/\/tttattoo.com\/fr\/product\/rose-geometrique-2\/"]}]},{"@type":"ImageObject","inLanguage":"fr-FR","@id":"https:\/\/tttattoo.com\/fr\/product\/rose-geometrique-2\/#primaryimage","url":"https:\/\/tttattoo.com\/wp-content\/uploads\/2014\/09\/rosa-geo_amazon.png","contentUrl":"https:\/\/tttattoo.com\/wp-content\/uploads\/2014\/09\/rosa-geo_amazon.png","width":500,"height":500},{"@type":"BreadcrumbList","@id":"https:\/\/tttattoo.com\/fr\/product\/rose-geometrique-2\/#breadcrumb","itemListElement":[{"@type":"ListItem","position":1,"name":"Portada","item":"https:\/\/tttattoo.com\/fr\/"},{"@type":"ListItem","position":2,"name":"Boutique","item":"https:\/\/tttattoo.com\/shop\/"},{"@type":"ListItem","position":3,"name":"Rose g\u00e9om\u00e9trique"}]},{"@type":"WebSite","@id":"https:\/\/tttattoo.com\/fr\/#website","url":"https:\/\/tttattoo.com\/fr\/","name":"Acheter Tatouages \u200b\u200bTemporaires Originaux - TTTattoo","description":"Chez TTTattoo, vous pouvez acheter des tatouages \u200b\u200btemporaires originaux de qualit\u00e9 sup\u00e9rieure. Nous avons un large catalogue et vous pouvez \u00e9galement les personnaliser ! Jouez avec votre cr\u00e9ativit\u00e9.","publisher":{"@id":"https:\/\/tttattoo.com\/fr\/#organization"},"potentialAction":[{"@type":"SearchAction","target":{"@type":"EntryPoint","urlTemplate":"https:\/\/tttattoo.com\/fr\/?s={search_term_string}"},"query-input":{"@type":"PropertyValueSpecification","valueRequired":true,"valueName":"search_term_string"}}],"inLanguage":"fr-FR"},{"@type":"Organization","@id":"https:\/\/tttattoo.com\/fr\/#organization","name":"Acheter Tatouages \u200b\u200bTemporaires Originaux - TTTattoo","url":"https:\/\/tttattoo.com\/fr\/","logo":{"@type":"ImageObject","inLanguage":"fr-FR","@id":"https:\/\/tttattoo.com\/fr\/#\/schema\/logo\/image\/","url":"https:\/\/tttattoo.com\/wp-content\/uploads\/2024\/03\/TTTattoo.png","contentUrl":"https:\/\/tttattoo.com\/wp-content\/uploads\/2024\/03\/TTTattoo.png","width":500,"height":124,"caption":"Acheter Tatouages \u200b\u200bTemporaires Originaux - TTTattoo"},"image":{"@id":"https:\/\/tttattoo.com\/fr\/#\/schema\/logo\/image\/"}}]}},"_links":{"self":[{"href":"https:\/\/tttattoo.com\/fr\/wp-json\/wp\/v2\/product\/9974","targetHints":{"allow":["GET"]}}],"collection":[{"href":"https:\/\/tttattoo.com\/fr\/wp-json\/wp\/v2\/product"}],"about":[{"href":"https:\/\/tttattoo.com\/fr\/wp-json\/wp\/v2\/types\/product"}],"replies":[{"embeddable":true,"href":"https:\/\/tttattoo.com\/fr\/wp-json\/wp\/v2\/comments?post=9974"}],"wp:featuredmedia":[{"embeddable":true,"href":"https:\/\/tttattoo.com\/fr\/wp-json\/wp\/v2\/media\/9965"}],"wp:attachment":[{"href":"https:\/\/tttattoo.com\/fr\/wp-json\/wp\/v2\/media?parent=9974"}],"wp:term":[{"taxonomy":"product_brand","embeddable":true,"href":"https:\/\/tttattoo.com\/fr\/wp-json\/wp\/v2\/product_brand?post=9974"},{"taxonomy":"product_cat","embeddable":true,"href":"https:\/\/tttattoo.com\/fr\/wp-json\/wp\/v2\/product_cat?post=9974"},{"taxonomy":"product_tag","embeddable":true,"href":"https:\/\/tttattoo.com\/fr\/wp-json\/wp\/v2\/product_tag?post=9974"}],"curies":[{"name":"wp","href":"https:\/\/api.w.org\/{rel}","templated":true}]}}