{"id":2940,"date":"2018-03-27T21:05:37","date_gmt":"2018-03-27T19:05:37","guid":{"rendered":"https:\/\/tttattoo.com\/producto\/renarde\/"},"modified":"2024-03-22T22:16:24","modified_gmt":"2024-03-22T21:16:24","slug":"renarde","status":"publish","type":"product","link":"https:\/\/tttattoo.com\/fr\/product\/renarde\/","title":{"rendered":"Renarde"},"content":{"rendered":"","protected":false},"excerpt":{"rendered":"<p>Lot de 1 tatouage<br \/>Taille: 7 x 9 cm<br \/>S\u00fbr et non toxique<\/p>\n","protected":false},"featured_media":2929,"comment_status":"open","ping_status":"closed","template":"","meta":[],"product_brand":[],"product_cat":[47],"product_tag":[],"class_list":{"0":"post-2940","1":"product","2":"type-product","3":"status-publish","4":"has-post-thumbnail","6":"product_cat-animaux-fr","8":"first","9":"instock","10":"shipping-taxable","11":"purchasable","12":"product-type-simple"},"yoast_head":"<!-- This site is optimized with the Yoast SEO plugin v27.4 - https:\/\/yoast.com\/product\/yoast-seo-wordpress\/ -->\n<title>Planets tattoo<\/title>\n<meta name=\"description\" content=\"Planets tattoo\" \/>\n<meta name=\"robots\" content=\"index, follow, max-snippet:-1, max-image-preview:large, max-video-preview:-1\" \/>\n<link rel=\"canonical\" href=\"https:\/\/tttattoo.com\/fr\/product\/renarde\/\" \/>\n<meta property=\"og:locale\" content=\"fr_FR\" \/>\n<meta property=\"og:type\" content=\"article\" \/>\n<meta property=\"og:title\" content=\"Planets tattoo\" \/>\n<meta property=\"og:description\" content=\"Planets tattoo\" \/>\n<meta property=\"og:url\" content=\"https:\/\/tttattoo.com\/fr\/product\/renarde\/\" \/>\n<meta property=\"og:site_name\" content=\"Acheter Tatouages \u200b\u200bTemporaires Originaux - TTTattoo\" \/>\n<meta property=\"article:modified_time\" content=\"2024-03-22T21:16:24+00:00\" \/>\n<meta property=\"og:image\" content=\"https:\/\/tttattoo.com\/wp-content\/uploads\/2018\/03\/2404-Fox.jpg\" \/>\n\t<meta property=\"og:image:width\" content=\"1000\" \/>\n\t<meta property=\"og:image:height\" content=\"1000\" \/>\n\t<meta property=\"og:image:type\" content=\"image\/jpeg\" \/>\n<meta name=\"twitter:card\" content=\"summary_large_image\" \/>\n<script type=\"application\/ld+json\" class=\"yoast-schema-graph\">{\"@context\":\"https:\\\/\\\/schema.org\",\"@graph\":[{\"@type\":\"WebPage\",\"@id\":\"https:\\\/\\\/tttattoo.com\\\/fr\\\/product\\\/renarde\\\/\",\"url\":\"https:\\\/\\\/tttattoo.com\\\/fr\\\/product\\\/renarde\\\/\",\"name\":\"Planets tattoo\",\"isPartOf\":{\"@id\":\"https:\\\/\\\/tttattoo.com\\\/fr\\\/#website\"},\"primaryImageOfPage\":{\"@id\":\"https:\\\/\\\/tttattoo.com\\\/fr\\\/product\\\/renarde\\\/#primaryimage\"},\"image\":{\"@id\":\"https:\\\/\\\/tttattoo.com\\\/fr\\\/product\\\/renarde\\\/#primaryimage\"},\"thumbnailUrl\":\"https:\\\/\\\/tttattoo.com\\\/wp-content\\\/uploads\\\/2018\\\/03\\\/2404-Fox.jpg\",\"datePublished\":\"2018-03-27T19:05:37+00:00\",\"dateModified\":\"2024-03-22T21:16:24+00:00\",\"description\":\"Planets tattoo\",\"breadcrumb\":{\"@id\":\"https:\\\/\\\/tttattoo.com\\\/fr\\\/product\\\/renarde\\\/#breadcrumb\"},\"inLanguage\":\"fr-FR\",\"potentialAction\":[{\"@type\":\"ReadAction\",\"target\":[\"https:\\\/\\\/tttattoo.com\\\/fr\\\/product\\\/renarde\\\/\"]}]},{\"@type\":\"ImageObject\",\"inLanguage\":\"fr-FR\",\"@id\":\"https:\\\/\\\/tttattoo.com\\\/fr\\\/product\\\/renarde\\\/#primaryimage\",\"url\":\"https:\\\/\\\/tttattoo.com\\\/wp-content\\\/uploads\\\/2018\\\/03\\\/2404-Fox.jpg\",\"contentUrl\":\"https:\\\/\\\/tttattoo.com\\\/wp-content\\\/uploads\\\/2018\\\/03\\\/2404-Fox.jpg\",\"width\":1000,\"height\":1000,\"caption\":\"Fox\"},{\"@type\":\"BreadcrumbList\",\"@id\":\"https:\\\/\\\/tttattoo.com\\\/fr\\\/product\\\/renarde\\\/#breadcrumb\",\"itemListElement\":[{\"@type\":\"ListItem\",\"position\":1,\"name\":\"Portada\",\"item\":\"https:\\\/\\\/tttattoo.com\\\/fr\\\/\"},{\"@type\":\"ListItem\",\"position\":2,\"name\":\"Boutique\",\"item\":\"https:\\\/\\\/tttattoo.com\\\/shop\\\/\"},{\"@type\":\"ListItem\",\"position\":3,\"name\":\"Renarde\"}]},{\"@type\":\"WebSite\",\"@id\":\"https:\\\/\\\/tttattoo.com\\\/fr\\\/#website\",\"url\":\"https:\\\/\\\/tttattoo.com\\\/fr\\\/\",\"name\":\"Acheter Tatouages \u200b\u200bTemporaires Originaux - TTTattoo\",\"description\":\"Chez TTTattoo, vous pouvez acheter des tatouages \u200b\u200btemporaires originaux de qualit\u00e9 sup\u00e9rieure. Nous avons un large catalogue et vous pouvez \u00e9galement les personnaliser ! Jouez avec votre cr\u00e9ativit\u00e9.\",\"publisher\":{\"@id\":\"https:\\\/\\\/tttattoo.com\\\/fr\\\/#organization\"},\"potentialAction\":[{\"@type\":\"SearchAction\",\"target\":{\"@type\":\"EntryPoint\",\"urlTemplate\":\"https:\\\/\\\/tttattoo.com\\\/fr\\\/?s={search_term_string}\"},\"query-input\":{\"@type\":\"PropertyValueSpecification\",\"valueRequired\":true,\"valueName\":\"search_term_string\"}}],\"inLanguage\":\"fr-FR\"},{\"@type\":\"Organization\",\"@id\":\"https:\\\/\\\/tttattoo.com\\\/fr\\\/#organization\",\"name\":\"Acheter Tatouages \u200b\u200bTemporaires Originaux - TTTattoo\",\"url\":\"https:\\\/\\\/tttattoo.com\\\/fr\\\/\",\"logo\":{\"@type\":\"ImageObject\",\"inLanguage\":\"fr-FR\",\"@id\":\"https:\\\/\\\/tttattoo.com\\\/fr\\\/#\\\/schema\\\/logo\\\/image\\\/\",\"url\":\"https:\\\/\\\/tttattoo.com\\\/wp-content\\\/uploads\\\/2024\\\/03\\\/TTTattoo.png\",\"contentUrl\":\"https:\\\/\\\/tttattoo.com\\\/wp-content\\\/uploads\\\/2024\\\/03\\\/TTTattoo.png\",\"width\":500,\"height\":124,\"caption\":\"Acheter Tatouages \u200b\u200bTemporaires Originaux - TTTattoo\"},\"image\":{\"@id\":\"https:\\\/\\\/tttattoo.com\\\/fr\\\/#\\\/schema\\\/logo\\\/image\\\/\"}}]}<\/script>\n<!-- \/ Yoast SEO plugin. -->","yoast_head_json":{"title":"Planets tattoo","description":"Planets tattoo","robots":{"index":"index","follow":"follow","max-snippet":"max-snippet:-1","max-image-preview":"max-image-preview:large","max-video-preview":"max-video-preview:-1"},"canonical":"https:\/\/tttattoo.com\/fr\/product\/renarde\/","og_locale":"fr_FR","og_type":"article","og_title":"Planets tattoo","og_description":"Planets tattoo","og_url":"https:\/\/tttattoo.com\/fr\/product\/renarde\/","og_site_name":"Acheter Tatouages \u200b\u200bTemporaires Originaux - TTTattoo","article_modified_time":"2024-03-22T21:16:24+00:00","og_image":[{"width":1000,"height":1000,"url":"https:\/\/tttattoo.com\/wp-content\/uploads\/2018\/03\/2404-Fox.jpg","type":"image\/jpeg"}],"twitter_card":"summary_large_image","schema":{"@context":"https:\/\/schema.org","@graph":[{"@type":"WebPage","@id":"https:\/\/tttattoo.com\/fr\/product\/renarde\/","url":"https:\/\/tttattoo.com\/fr\/product\/renarde\/","name":"Planets tattoo","isPartOf":{"@id":"https:\/\/tttattoo.com\/fr\/#website"},"primaryImageOfPage":{"@id":"https:\/\/tttattoo.com\/fr\/product\/renarde\/#primaryimage"},"image":{"@id":"https:\/\/tttattoo.com\/fr\/product\/renarde\/#primaryimage"},"thumbnailUrl":"https:\/\/tttattoo.com\/wp-content\/uploads\/2018\/03\/2404-Fox.jpg","datePublished":"2018-03-27T19:05:37+00:00","dateModified":"2024-03-22T21:16:24+00:00","description":"Planets tattoo","breadcrumb":{"@id":"https:\/\/tttattoo.com\/fr\/product\/renarde\/#breadcrumb"},"inLanguage":"fr-FR","potentialAction":[{"@type":"ReadAction","target":["https:\/\/tttattoo.com\/fr\/product\/renarde\/"]}]},{"@type":"ImageObject","inLanguage":"fr-FR","@id":"https:\/\/tttattoo.com\/fr\/product\/renarde\/#primaryimage","url":"https:\/\/tttattoo.com\/wp-content\/uploads\/2018\/03\/2404-Fox.jpg","contentUrl":"https:\/\/tttattoo.com\/wp-content\/uploads\/2018\/03\/2404-Fox.jpg","width":1000,"height":1000,"caption":"Fox"},{"@type":"BreadcrumbList","@id":"https:\/\/tttattoo.com\/fr\/product\/renarde\/#breadcrumb","itemListElement":[{"@type":"ListItem","position":1,"name":"Portada","item":"https:\/\/tttattoo.com\/fr\/"},{"@type":"ListItem","position":2,"name":"Boutique","item":"https:\/\/tttattoo.com\/shop\/"},{"@type":"ListItem","position":3,"name":"Renarde"}]},{"@type":"WebSite","@id":"https:\/\/tttattoo.com\/fr\/#website","url":"https:\/\/tttattoo.com\/fr\/","name":"Acheter Tatouages \u200b\u200bTemporaires Originaux - TTTattoo","description":"Chez TTTattoo, vous pouvez acheter des tatouages \u200b\u200btemporaires originaux de qualit\u00e9 sup\u00e9rieure. Nous avons un large catalogue et vous pouvez \u00e9galement les personnaliser ! Jouez avec votre cr\u00e9ativit\u00e9.","publisher":{"@id":"https:\/\/tttattoo.com\/fr\/#organization"},"potentialAction":[{"@type":"SearchAction","target":{"@type":"EntryPoint","urlTemplate":"https:\/\/tttattoo.com\/fr\/?s={search_term_string}"},"query-input":{"@type":"PropertyValueSpecification","valueRequired":true,"valueName":"search_term_string"}}],"inLanguage":"fr-FR"},{"@type":"Organization","@id":"https:\/\/tttattoo.com\/fr\/#organization","name":"Acheter Tatouages \u200b\u200bTemporaires Originaux - TTTattoo","url":"https:\/\/tttattoo.com\/fr\/","logo":{"@type":"ImageObject","inLanguage":"fr-FR","@id":"https:\/\/tttattoo.com\/fr\/#\/schema\/logo\/image\/","url":"https:\/\/tttattoo.com\/wp-content\/uploads\/2024\/03\/TTTattoo.png","contentUrl":"https:\/\/tttattoo.com\/wp-content\/uploads\/2024\/03\/TTTattoo.png","width":500,"height":124,"caption":"Acheter Tatouages \u200b\u200bTemporaires Originaux - TTTattoo"},"image":{"@id":"https:\/\/tttattoo.com\/fr\/#\/schema\/logo\/image\/"}}]}},"_links":{"self":[{"href":"https:\/\/tttattoo.com\/fr\/wp-json\/wp\/v2\/product\/2940","targetHints":{"allow":["GET"]}}],"collection":[{"href":"https:\/\/tttattoo.com\/fr\/wp-json\/wp\/v2\/product"}],"about":[{"href":"https:\/\/tttattoo.com\/fr\/wp-json\/wp\/v2\/types\/product"}],"replies":[{"embeddable":true,"href":"https:\/\/tttattoo.com\/fr\/wp-json\/wp\/v2\/comments?post=2940"}],"wp:featuredmedia":[{"embeddable":true,"href":"https:\/\/tttattoo.com\/fr\/wp-json\/wp\/v2\/media\/2929"}],"wp:attachment":[{"href":"https:\/\/tttattoo.com\/fr\/wp-json\/wp\/v2\/media?parent=2940"}],"wp:term":[{"taxonomy":"product_brand","embeddable":true,"href":"https:\/\/tttattoo.com\/fr\/wp-json\/wp\/v2\/product_brand?post=2940"},{"taxonomy":"product_cat","embeddable":true,"href":"https:\/\/tttattoo.com\/fr\/wp-json\/wp\/v2\/product_cat?post=2940"},{"taxonomy":"product_tag","embeddable":true,"href":"https:\/\/tttattoo.com\/fr\/wp-json\/wp\/v2\/product_tag?post=2940"}],"curies":[{"name":"wp","href":"https:\/\/api.w.org\/{rel}","templated":true}]}}