{"id":2527,"date":"2016-09-16T10:31:17","date_gmt":"2016-09-16T08:31:17","guid":{"rendered":"https:\/\/tttattoo.com\/producto\/viking-aegishjalmur-vegvisir-tatouage\/"},"modified":"2024-03-22T22:27:08","modified_gmt":"2024-03-22T21:27:08","slug":"viking-aegishjalmur-vegvisir-tatouage","status":"publish","type":"product","link":"https:\/\/tttattoo.com\/fr\/product\/viking-aegishjalmur-vegvisir-tatouage\/","title":{"rendered":"Viking &#8211; Aegishjalmur &#8211; Vegvisir"},"content":{"rendered":"","protected":false},"excerpt":{"rendered":"<p>Lot de 2 tatouages<br \/>Taille: 4 cm \/ 7 cm<br \/>S\u00fbr et non toxique<\/p>\n","protected":false},"featured_media":2514,"comment_status":"open","ping_status":"closed","template":"","meta":[],"product_brand":[],"product_cat":[32,1178,17],"product_tag":[],"class_list":{"0":"post-2527","1":"product","2":"type-product","3":"status-publish","4":"has-post-thumbnail","6":"product_cat-iconique-fr","7":"product_cat-meilleurs-vendeurs","8":"product_cat-tout-fr","9":"pa_size-4x4normal","10":"pa_size-7x7extralarge","12":"first","13":"instock","14":"shipping-taxable","15":"purchasable","16":"product-type-variable","17":"has-default-attributes"},"yoast_head":"<!-- This site is optimized with the Yoast SEO plugin v27.4 - https:\/\/yoast.com\/product\/yoast-seo-wordpress\/ -->\n<title>Viking aegishjalmur vegvisir tatouage<\/title>\n<meta name=\"description\" content=\"Viking aegishjalmur vegvisir tatouage\" \/>\n<meta name=\"robots\" content=\"index, follow, max-snippet:-1, max-image-preview:large, max-video-preview:-1\" \/>\n<link rel=\"canonical\" href=\"https:\/\/tttattoo.com\/fr\/product\/viking-aegishjalmur-vegvisir-tatouage\/\" \/>\n<meta property=\"og:locale\" content=\"fr_FR\" \/>\n<meta property=\"og:type\" content=\"article\" \/>\n<meta property=\"og:title\" content=\"Viking aegishjalmur vegvisir tatouage\" \/>\n<meta property=\"og:description\" content=\"Viking aegishjalmur vegvisir tatouage\" \/>\n<meta property=\"og:url\" content=\"https:\/\/tttattoo.com\/fr\/product\/viking-aegishjalmur-vegvisir-tatouage\/\" \/>\n<meta property=\"og:site_name\" content=\"Acheter Tatouages \u200b\u200bTemporaires Originaux - TTTattoo\" \/>\n<meta property=\"article:modified_time\" content=\"2024-03-22T21:27:08+00:00\" \/>\n<meta property=\"og:image\" content=\"https:\/\/tttattoo.com\/wp-content\/uploads\/2016\/09\/1995-Vikingo-Aegishjalmur-Vegvisir.jpg\" \/>\n\t<meta property=\"og:image:width\" content=\"645\" \/>\n\t<meta property=\"og:image:height\" content=\"645\" \/>\n\t<meta property=\"og:image:type\" content=\"image\/jpeg\" \/>\n<meta name=\"twitter:card\" content=\"summary_large_image\" \/>\n<script type=\"application\/ld+json\" class=\"yoast-schema-graph\">{\"@context\":\"https:\\\/\\\/schema.org\",\"@graph\":[{\"@type\":\"WebPage\",\"@id\":\"https:\\\/\\\/tttattoo.com\\\/fr\\\/product\\\/viking-aegishjalmur-vegvisir-tatouage\\\/\",\"url\":\"https:\\\/\\\/tttattoo.com\\\/fr\\\/product\\\/viking-aegishjalmur-vegvisir-tatouage\\\/\",\"name\":\"Viking aegishjalmur vegvisir tatouage\",\"isPartOf\":{\"@id\":\"https:\\\/\\\/tttattoo.com\\\/fr\\\/#website\"},\"primaryImageOfPage\":{\"@id\":\"https:\\\/\\\/tttattoo.com\\\/fr\\\/product\\\/viking-aegishjalmur-vegvisir-tatouage\\\/#primaryimage\"},\"image\":{\"@id\":\"https:\\\/\\\/tttattoo.com\\\/fr\\\/product\\\/viking-aegishjalmur-vegvisir-tatouage\\\/#primaryimage\"},\"thumbnailUrl\":\"https:\\\/\\\/tttattoo.com\\\/wp-content\\\/uploads\\\/2016\\\/09\\\/1995-Vikingo-Aegishjalmur-Vegvisir.jpg\",\"datePublished\":\"2016-09-16T08:31:17+00:00\",\"dateModified\":\"2024-03-22T21:27:08+00:00\",\"description\":\"Viking aegishjalmur vegvisir tatouage\",\"breadcrumb\":{\"@id\":\"https:\\\/\\\/tttattoo.com\\\/fr\\\/product\\\/viking-aegishjalmur-vegvisir-tatouage\\\/#breadcrumb\"},\"inLanguage\":\"fr-FR\",\"potentialAction\":[{\"@type\":\"ReadAction\",\"target\":[\"https:\\\/\\\/tttattoo.com\\\/fr\\\/product\\\/viking-aegishjalmur-vegvisir-tatouage\\\/\"]}]},{\"@type\":\"ImageObject\",\"inLanguage\":\"fr-FR\",\"@id\":\"https:\\\/\\\/tttattoo.com\\\/fr\\\/product\\\/viking-aegishjalmur-vegvisir-tatouage\\\/#primaryimage\",\"url\":\"https:\\\/\\\/tttattoo.com\\\/wp-content\\\/uploads\\\/2016\\\/09\\\/1995-Vikingo-Aegishjalmur-Vegvisir.jpg\",\"contentUrl\":\"https:\\\/\\\/tttattoo.com\\\/wp-content\\\/uploads\\\/2016\\\/09\\\/1995-Vikingo-Aegishjalmur-Vegvisir.jpg\",\"width\":645,\"height\":645,\"caption\":\"Vikingo - Aegishjalmur - Vegvisir\"},{\"@type\":\"BreadcrumbList\",\"@id\":\"https:\\\/\\\/tttattoo.com\\\/fr\\\/product\\\/viking-aegishjalmur-vegvisir-tatouage\\\/#breadcrumb\",\"itemListElement\":[{\"@type\":\"ListItem\",\"position\":1,\"name\":\"Portada\",\"item\":\"https:\\\/\\\/tttattoo.com\\\/fr\\\/\"},{\"@type\":\"ListItem\",\"position\":2,\"name\":\"Boutique\",\"item\":\"https:\\\/\\\/tttattoo.com\\\/shop\\\/\"},{\"@type\":\"ListItem\",\"position\":3,\"name\":\"Viking &#8211; Aegishjalmur &#8211; Vegvisir\"}]},{\"@type\":\"WebSite\",\"@id\":\"https:\\\/\\\/tttattoo.com\\\/fr\\\/#website\",\"url\":\"https:\\\/\\\/tttattoo.com\\\/fr\\\/\",\"name\":\"Acheter Tatouages \u200b\u200bTemporaires Originaux - TTTattoo\",\"description\":\"Chez TTTattoo, vous pouvez acheter des tatouages \u200b\u200btemporaires originaux de qualit\u00e9 sup\u00e9rieure. Nous avons un large catalogue et vous pouvez \u00e9galement les personnaliser ! Jouez avec votre cr\u00e9ativit\u00e9.\",\"publisher\":{\"@id\":\"https:\\\/\\\/tttattoo.com\\\/fr\\\/#organization\"},\"potentialAction\":[{\"@type\":\"SearchAction\",\"target\":{\"@type\":\"EntryPoint\",\"urlTemplate\":\"https:\\\/\\\/tttattoo.com\\\/fr\\\/?s={search_term_string}\"},\"query-input\":{\"@type\":\"PropertyValueSpecification\",\"valueRequired\":true,\"valueName\":\"search_term_string\"}}],\"inLanguage\":\"fr-FR\"},{\"@type\":\"Organization\",\"@id\":\"https:\\\/\\\/tttattoo.com\\\/fr\\\/#organization\",\"name\":\"Acheter Tatouages \u200b\u200bTemporaires Originaux - TTTattoo\",\"url\":\"https:\\\/\\\/tttattoo.com\\\/fr\\\/\",\"logo\":{\"@type\":\"ImageObject\",\"inLanguage\":\"fr-FR\",\"@id\":\"https:\\\/\\\/tttattoo.com\\\/fr\\\/#\\\/schema\\\/logo\\\/image\\\/\",\"url\":\"https:\\\/\\\/tttattoo.com\\\/wp-content\\\/uploads\\\/2024\\\/03\\\/TTTattoo.png\",\"contentUrl\":\"https:\\\/\\\/tttattoo.com\\\/wp-content\\\/uploads\\\/2024\\\/03\\\/TTTattoo.png\",\"width\":500,\"height\":124,\"caption\":\"Acheter Tatouages \u200b\u200bTemporaires Originaux - TTTattoo\"},\"image\":{\"@id\":\"https:\\\/\\\/tttattoo.com\\\/fr\\\/#\\\/schema\\\/logo\\\/image\\\/\"}}]}<\/script>\n<!-- \/ Yoast SEO plugin. -->","yoast_head_json":{"title":"Viking aegishjalmur vegvisir tatouage","description":"Viking aegishjalmur vegvisir tatouage","robots":{"index":"index","follow":"follow","max-snippet":"max-snippet:-1","max-image-preview":"max-image-preview:large","max-video-preview":"max-video-preview:-1"},"canonical":"https:\/\/tttattoo.com\/fr\/product\/viking-aegishjalmur-vegvisir-tatouage\/","og_locale":"fr_FR","og_type":"article","og_title":"Viking aegishjalmur vegvisir tatouage","og_description":"Viking aegishjalmur vegvisir tatouage","og_url":"https:\/\/tttattoo.com\/fr\/product\/viking-aegishjalmur-vegvisir-tatouage\/","og_site_name":"Acheter Tatouages \u200b\u200bTemporaires Originaux - TTTattoo","article_modified_time":"2024-03-22T21:27:08+00:00","og_image":[{"width":645,"height":645,"url":"https:\/\/tttattoo.com\/wp-content\/uploads\/2016\/09\/1995-Vikingo-Aegishjalmur-Vegvisir.jpg","type":"image\/jpeg"}],"twitter_card":"summary_large_image","schema":{"@context":"https:\/\/schema.org","@graph":[{"@type":"WebPage","@id":"https:\/\/tttattoo.com\/fr\/product\/viking-aegishjalmur-vegvisir-tatouage\/","url":"https:\/\/tttattoo.com\/fr\/product\/viking-aegishjalmur-vegvisir-tatouage\/","name":"Viking aegishjalmur vegvisir tatouage","isPartOf":{"@id":"https:\/\/tttattoo.com\/fr\/#website"},"primaryImageOfPage":{"@id":"https:\/\/tttattoo.com\/fr\/product\/viking-aegishjalmur-vegvisir-tatouage\/#primaryimage"},"image":{"@id":"https:\/\/tttattoo.com\/fr\/product\/viking-aegishjalmur-vegvisir-tatouage\/#primaryimage"},"thumbnailUrl":"https:\/\/tttattoo.com\/wp-content\/uploads\/2016\/09\/1995-Vikingo-Aegishjalmur-Vegvisir.jpg","datePublished":"2016-09-16T08:31:17+00:00","dateModified":"2024-03-22T21:27:08+00:00","description":"Viking aegishjalmur vegvisir tatouage","breadcrumb":{"@id":"https:\/\/tttattoo.com\/fr\/product\/viking-aegishjalmur-vegvisir-tatouage\/#breadcrumb"},"inLanguage":"fr-FR","potentialAction":[{"@type":"ReadAction","target":["https:\/\/tttattoo.com\/fr\/product\/viking-aegishjalmur-vegvisir-tatouage\/"]}]},{"@type":"ImageObject","inLanguage":"fr-FR","@id":"https:\/\/tttattoo.com\/fr\/product\/viking-aegishjalmur-vegvisir-tatouage\/#primaryimage","url":"https:\/\/tttattoo.com\/wp-content\/uploads\/2016\/09\/1995-Vikingo-Aegishjalmur-Vegvisir.jpg","contentUrl":"https:\/\/tttattoo.com\/wp-content\/uploads\/2016\/09\/1995-Vikingo-Aegishjalmur-Vegvisir.jpg","width":645,"height":645,"caption":"Vikingo - Aegishjalmur - Vegvisir"},{"@type":"BreadcrumbList","@id":"https:\/\/tttattoo.com\/fr\/product\/viking-aegishjalmur-vegvisir-tatouage\/#breadcrumb","itemListElement":[{"@type":"ListItem","position":1,"name":"Portada","item":"https:\/\/tttattoo.com\/fr\/"},{"@type":"ListItem","position":2,"name":"Boutique","item":"https:\/\/tttattoo.com\/shop\/"},{"@type":"ListItem","position":3,"name":"Viking &#8211; Aegishjalmur &#8211; Vegvisir"}]},{"@type":"WebSite","@id":"https:\/\/tttattoo.com\/fr\/#website","url":"https:\/\/tttattoo.com\/fr\/","name":"Acheter Tatouages \u200b\u200bTemporaires Originaux - TTTattoo","description":"Chez TTTattoo, vous pouvez acheter des tatouages \u200b\u200btemporaires originaux de qualit\u00e9 sup\u00e9rieure. Nous avons un large catalogue et vous pouvez \u00e9galement les personnaliser ! Jouez avec votre cr\u00e9ativit\u00e9.","publisher":{"@id":"https:\/\/tttattoo.com\/fr\/#organization"},"potentialAction":[{"@type":"SearchAction","target":{"@type":"EntryPoint","urlTemplate":"https:\/\/tttattoo.com\/fr\/?s={search_term_string}"},"query-input":{"@type":"PropertyValueSpecification","valueRequired":true,"valueName":"search_term_string"}}],"inLanguage":"fr-FR"},{"@type":"Organization","@id":"https:\/\/tttattoo.com\/fr\/#organization","name":"Acheter Tatouages \u200b\u200bTemporaires Originaux - TTTattoo","url":"https:\/\/tttattoo.com\/fr\/","logo":{"@type":"ImageObject","inLanguage":"fr-FR","@id":"https:\/\/tttattoo.com\/fr\/#\/schema\/logo\/image\/","url":"https:\/\/tttattoo.com\/wp-content\/uploads\/2024\/03\/TTTattoo.png","contentUrl":"https:\/\/tttattoo.com\/wp-content\/uploads\/2024\/03\/TTTattoo.png","width":500,"height":124,"caption":"Acheter Tatouages \u200b\u200bTemporaires Originaux - TTTattoo"},"image":{"@id":"https:\/\/tttattoo.com\/fr\/#\/schema\/logo\/image\/"}}]}},"_links":{"self":[{"href":"https:\/\/tttattoo.com\/fr\/wp-json\/wp\/v2\/product\/2527","targetHints":{"allow":["GET"]}}],"collection":[{"href":"https:\/\/tttattoo.com\/fr\/wp-json\/wp\/v2\/product"}],"about":[{"href":"https:\/\/tttattoo.com\/fr\/wp-json\/wp\/v2\/types\/product"}],"replies":[{"embeddable":true,"href":"https:\/\/tttattoo.com\/fr\/wp-json\/wp\/v2\/comments?post=2527"}],"wp:featuredmedia":[{"embeddable":true,"href":"https:\/\/tttattoo.com\/fr\/wp-json\/wp\/v2\/media\/2514"}],"wp:attachment":[{"href":"https:\/\/tttattoo.com\/fr\/wp-json\/wp\/v2\/media?parent=2527"}],"wp:term":[{"taxonomy":"product_brand","embeddable":true,"href":"https:\/\/tttattoo.com\/fr\/wp-json\/wp\/v2\/product_brand?post=2527"},{"taxonomy":"product_cat","embeddable":true,"href":"https:\/\/tttattoo.com\/fr\/wp-json\/wp\/v2\/product_cat?post=2527"},{"taxonomy":"product_tag","embeddable":true,"href":"https:\/\/tttattoo.com\/fr\/wp-json\/wp\/v2\/product_tag?post=2527"}],"curies":[{"name":"wp","href":"https:\/\/api.w.org\/{rel}","templated":true}]}}