{"id":1075,"date":"2014-03-31T13:45:11","date_gmt":"2014-03-31T11:45:11","guid":{"rendered":"https:\/\/tttattoo.com\/producto\/calligraphie-arabe-aimer\/"},"modified":"2024-03-23T17:43:30","modified_gmt":"2024-03-23T16:43:30","slug":"calligraphie-arabe-aimer","status":"publish","type":"product","link":"https:\/\/tttattoo.com\/fr\/product\/calligraphie-arabe-aimer\/","title":{"rendered":"Calligraphie arabe &#8211; Aimer"},"content":{"rendered":"","protected":false},"excerpt":{"rendered":"<p>Lot de 2 tatouages<br \/>Taille: 6,8 x 2,2 cm<br \/>S\u00fbr et non toxique<\/p>\n","protected":false},"featured_media":1064,"comment_status":"open","ping_status":"closed","template":"","meta":[],"product_brand":[],"product_cat":[37],"product_tag":[1817,1816,573,252,253],"class_list":{"0":"post-1075","1":"product","2":"type-product","3":"status-publish","4":"has-post-thumbnail","6":"product_cat-mots-fr","7":"product_tag-all-fr","8":"product_tag-black-tattoos-fr","9":"product_tag-tatouage-calligraphie-arabe","10":"product_tag-tatouage-noir","11":"product_tag-tous","13":"first","14":"instock","15":"shipping-taxable","16":"purchasable","17":"product-type-simple"},"yoast_head":"<!-- This site is optimized with the Yoast SEO plugin v27.4 - https:\/\/yoast.com\/product\/yoast-seo-wordpress\/ -->\n<title>tatouage calligraphie arabe<\/title>\n<meta name=\"description\" content=\"tatouage calligraphie arabe\" \/>\n<meta name=\"robots\" content=\"index, follow, max-snippet:-1, max-image-preview:large, max-video-preview:-1\" \/>\n<link rel=\"canonical\" href=\"https:\/\/tttattoo.com\/fr\/product\/calligraphie-arabe-aimer\/\" \/>\n<meta property=\"og:locale\" content=\"fr_FR\" \/>\n<meta property=\"og:type\" content=\"article\" \/>\n<meta property=\"og:title\" content=\"tatouage calligraphie arabe\" \/>\n<meta property=\"og:description\" content=\"tatouage calligraphie arabe\" \/>\n<meta property=\"og:url\" content=\"https:\/\/tttattoo.com\/fr\/product\/calligraphie-arabe-aimer\/\" \/>\n<meta property=\"og:site_name\" content=\"Acheter Tatouages \u200b\u200bTemporaires Originaux - TTTattoo\" \/>\n<meta property=\"article:modified_time\" content=\"2024-03-23T16:43:30+00:00\" \/>\n<meta property=\"og:image\" content=\"https:\/\/tttattoo.com\/wp-content\/uploads\/2014\/03\/2284-Arabic-calligraphy-Love.jpg\" \/>\n\t<meta property=\"og:image:width\" content=\"645\" \/>\n\t<meta property=\"og:image:height\" content=\"665\" \/>\n\t<meta property=\"og:image:type\" content=\"image\/jpeg\" \/>\n<meta name=\"twitter:card\" content=\"summary_large_image\" \/>\n<script type=\"application\/ld+json\" class=\"yoast-schema-graph\">{\"@context\":\"https:\\\/\\\/schema.org\",\"@graph\":[{\"@type\":\"WebPage\",\"@id\":\"https:\\\/\\\/tttattoo.com\\\/fr\\\/product\\\/calligraphie-arabe-aimer\\\/\",\"url\":\"https:\\\/\\\/tttattoo.com\\\/fr\\\/product\\\/calligraphie-arabe-aimer\\\/\",\"name\":\"tatouage calligraphie arabe\",\"isPartOf\":{\"@id\":\"https:\\\/\\\/tttattoo.com\\\/fr\\\/#website\"},\"primaryImageOfPage\":{\"@id\":\"https:\\\/\\\/tttattoo.com\\\/fr\\\/product\\\/calligraphie-arabe-aimer\\\/#primaryimage\"},\"image\":{\"@id\":\"https:\\\/\\\/tttattoo.com\\\/fr\\\/product\\\/calligraphie-arabe-aimer\\\/#primaryimage\"},\"thumbnailUrl\":\"https:\\\/\\\/tttattoo.com\\\/wp-content\\\/uploads\\\/2014\\\/03\\\/2284-Arabic-calligraphy-Love.jpg\",\"datePublished\":\"2014-03-31T11:45:11+00:00\",\"dateModified\":\"2024-03-23T16:43:30+00:00\",\"description\":\"tatouage calligraphie arabe\",\"breadcrumb\":{\"@id\":\"https:\\\/\\\/tttattoo.com\\\/fr\\\/product\\\/calligraphie-arabe-aimer\\\/#breadcrumb\"},\"inLanguage\":\"fr-FR\",\"potentialAction\":[{\"@type\":\"ReadAction\",\"target\":[\"https:\\\/\\\/tttattoo.com\\\/fr\\\/product\\\/calligraphie-arabe-aimer\\\/\"]}]},{\"@type\":\"ImageObject\",\"inLanguage\":\"fr-FR\",\"@id\":\"https:\\\/\\\/tttattoo.com\\\/fr\\\/product\\\/calligraphie-arabe-aimer\\\/#primaryimage\",\"url\":\"https:\\\/\\\/tttattoo.com\\\/wp-content\\\/uploads\\\/2014\\\/03\\\/2284-Arabic-calligraphy-Love.jpg\",\"contentUrl\":\"https:\\\/\\\/tttattoo.com\\\/wp-content\\\/uploads\\\/2014\\\/03\\\/2284-Arabic-calligraphy-Love.jpg\",\"width\":645,\"height\":665,\"caption\":\"Arabic calligraphy - Love\"},{\"@type\":\"BreadcrumbList\",\"@id\":\"https:\\\/\\\/tttattoo.com\\\/fr\\\/product\\\/calligraphie-arabe-aimer\\\/#breadcrumb\",\"itemListElement\":[{\"@type\":\"ListItem\",\"position\":1,\"name\":\"Portada\",\"item\":\"https:\\\/\\\/tttattoo.com\\\/fr\\\/\"},{\"@type\":\"ListItem\",\"position\":2,\"name\":\"Boutique\",\"item\":\"https:\\\/\\\/tttattoo.com\\\/shop\\\/\"},{\"@type\":\"ListItem\",\"position\":3,\"name\":\"Calligraphie arabe &#8211; Aimer\"}]},{\"@type\":\"WebSite\",\"@id\":\"https:\\\/\\\/tttattoo.com\\\/fr\\\/#website\",\"url\":\"https:\\\/\\\/tttattoo.com\\\/fr\\\/\",\"name\":\"Acheter Tatouages \u200b\u200bTemporaires Originaux - TTTattoo\",\"description\":\"Chez TTTattoo, vous pouvez acheter des tatouages \u200b\u200btemporaires originaux de qualit\u00e9 sup\u00e9rieure. Nous avons un large catalogue et vous pouvez \u00e9galement les personnaliser ! Jouez avec votre cr\u00e9ativit\u00e9.\",\"publisher\":{\"@id\":\"https:\\\/\\\/tttattoo.com\\\/fr\\\/#organization\"},\"potentialAction\":[{\"@type\":\"SearchAction\",\"target\":{\"@type\":\"EntryPoint\",\"urlTemplate\":\"https:\\\/\\\/tttattoo.com\\\/fr\\\/?s={search_term_string}\"},\"query-input\":{\"@type\":\"PropertyValueSpecification\",\"valueRequired\":true,\"valueName\":\"search_term_string\"}}],\"inLanguage\":\"fr-FR\"},{\"@type\":\"Organization\",\"@id\":\"https:\\\/\\\/tttattoo.com\\\/fr\\\/#organization\",\"name\":\"Acheter Tatouages \u200b\u200bTemporaires Originaux - TTTattoo\",\"url\":\"https:\\\/\\\/tttattoo.com\\\/fr\\\/\",\"logo\":{\"@type\":\"ImageObject\",\"inLanguage\":\"fr-FR\",\"@id\":\"https:\\\/\\\/tttattoo.com\\\/fr\\\/#\\\/schema\\\/logo\\\/image\\\/\",\"url\":\"https:\\\/\\\/tttattoo.com\\\/wp-content\\\/uploads\\\/2024\\\/03\\\/TTTattoo.png\",\"contentUrl\":\"https:\\\/\\\/tttattoo.com\\\/wp-content\\\/uploads\\\/2024\\\/03\\\/TTTattoo.png\",\"width\":500,\"height\":124,\"caption\":\"Acheter Tatouages \u200b\u200bTemporaires Originaux - TTTattoo\"},\"image\":{\"@id\":\"https:\\\/\\\/tttattoo.com\\\/fr\\\/#\\\/schema\\\/logo\\\/image\\\/\"}}]}<\/script>\n<!-- \/ Yoast SEO plugin. -->","yoast_head_json":{"title":"tatouage calligraphie arabe","description":"tatouage calligraphie arabe","robots":{"index":"index","follow":"follow","max-snippet":"max-snippet:-1","max-image-preview":"max-image-preview:large","max-video-preview":"max-video-preview:-1"},"canonical":"https:\/\/tttattoo.com\/fr\/product\/calligraphie-arabe-aimer\/","og_locale":"fr_FR","og_type":"article","og_title":"tatouage calligraphie arabe","og_description":"tatouage calligraphie arabe","og_url":"https:\/\/tttattoo.com\/fr\/product\/calligraphie-arabe-aimer\/","og_site_name":"Acheter Tatouages \u200b\u200bTemporaires Originaux - TTTattoo","article_modified_time":"2024-03-23T16:43:30+00:00","og_image":[{"width":645,"height":665,"url":"https:\/\/tttattoo.com\/wp-content\/uploads\/2014\/03\/2284-Arabic-calligraphy-Love.jpg","type":"image\/jpeg"}],"twitter_card":"summary_large_image","schema":{"@context":"https:\/\/schema.org","@graph":[{"@type":"WebPage","@id":"https:\/\/tttattoo.com\/fr\/product\/calligraphie-arabe-aimer\/","url":"https:\/\/tttattoo.com\/fr\/product\/calligraphie-arabe-aimer\/","name":"tatouage calligraphie arabe","isPartOf":{"@id":"https:\/\/tttattoo.com\/fr\/#website"},"primaryImageOfPage":{"@id":"https:\/\/tttattoo.com\/fr\/product\/calligraphie-arabe-aimer\/#primaryimage"},"image":{"@id":"https:\/\/tttattoo.com\/fr\/product\/calligraphie-arabe-aimer\/#primaryimage"},"thumbnailUrl":"https:\/\/tttattoo.com\/wp-content\/uploads\/2014\/03\/2284-Arabic-calligraphy-Love.jpg","datePublished":"2014-03-31T11:45:11+00:00","dateModified":"2024-03-23T16:43:30+00:00","description":"tatouage calligraphie arabe","breadcrumb":{"@id":"https:\/\/tttattoo.com\/fr\/product\/calligraphie-arabe-aimer\/#breadcrumb"},"inLanguage":"fr-FR","potentialAction":[{"@type":"ReadAction","target":["https:\/\/tttattoo.com\/fr\/product\/calligraphie-arabe-aimer\/"]}]},{"@type":"ImageObject","inLanguage":"fr-FR","@id":"https:\/\/tttattoo.com\/fr\/product\/calligraphie-arabe-aimer\/#primaryimage","url":"https:\/\/tttattoo.com\/wp-content\/uploads\/2014\/03\/2284-Arabic-calligraphy-Love.jpg","contentUrl":"https:\/\/tttattoo.com\/wp-content\/uploads\/2014\/03\/2284-Arabic-calligraphy-Love.jpg","width":645,"height":665,"caption":"Arabic calligraphy - Love"},{"@type":"BreadcrumbList","@id":"https:\/\/tttattoo.com\/fr\/product\/calligraphie-arabe-aimer\/#breadcrumb","itemListElement":[{"@type":"ListItem","position":1,"name":"Portada","item":"https:\/\/tttattoo.com\/fr\/"},{"@type":"ListItem","position":2,"name":"Boutique","item":"https:\/\/tttattoo.com\/shop\/"},{"@type":"ListItem","position":3,"name":"Calligraphie arabe &#8211; Aimer"}]},{"@type":"WebSite","@id":"https:\/\/tttattoo.com\/fr\/#website","url":"https:\/\/tttattoo.com\/fr\/","name":"Acheter Tatouages \u200b\u200bTemporaires Originaux - TTTattoo","description":"Chez TTTattoo, vous pouvez acheter des tatouages \u200b\u200btemporaires originaux de qualit\u00e9 sup\u00e9rieure. Nous avons un large catalogue et vous pouvez \u00e9galement les personnaliser ! Jouez avec votre cr\u00e9ativit\u00e9.","publisher":{"@id":"https:\/\/tttattoo.com\/fr\/#organization"},"potentialAction":[{"@type":"SearchAction","target":{"@type":"EntryPoint","urlTemplate":"https:\/\/tttattoo.com\/fr\/?s={search_term_string}"},"query-input":{"@type":"PropertyValueSpecification","valueRequired":true,"valueName":"search_term_string"}}],"inLanguage":"fr-FR"},{"@type":"Organization","@id":"https:\/\/tttattoo.com\/fr\/#organization","name":"Acheter Tatouages \u200b\u200bTemporaires Originaux - TTTattoo","url":"https:\/\/tttattoo.com\/fr\/","logo":{"@type":"ImageObject","inLanguage":"fr-FR","@id":"https:\/\/tttattoo.com\/fr\/#\/schema\/logo\/image\/","url":"https:\/\/tttattoo.com\/wp-content\/uploads\/2024\/03\/TTTattoo.png","contentUrl":"https:\/\/tttattoo.com\/wp-content\/uploads\/2024\/03\/TTTattoo.png","width":500,"height":124,"caption":"Acheter Tatouages \u200b\u200bTemporaires Originaux - TTTattoo"},"image":{"@id":"https:\/\/tttattoo.com\/fr\/#\/schema\/logo\/image\/"}}]}},"_links":{"self":[{"href":"https:\/\/tttattoo.com\/fr\/wp-json\/wp\/v2\/product\/1075","targetHints":{"allow":["GET"]}}],"collection":[{"href":"https:\/\/tttattoo.com\/fr\/wp-json\/wp\/v2\/product"}],"about":[{"href":"https:\/\/tttattoo.com\/fr\/wp-json\/wp\/v2\/types\/product"}],"replies":[{"embeddable":true,"href":"https:\/\/tttattoo.com\/fr\/wp-json\/wp\/v2\/comments?post=1075"}],"wp:featuredmedia":[{"embeddable":true,"href":"https:\/\/tttattoo.com\/fr\/wp-json\/wp\/v2\/media\/1064"}],"wp:attachment":[{"href":"https:\/\/tttattoo.com\/fr\/wp-json\/wp\/v2\/media?parent=1075"}],"wp:term":[{"taxonomy":"product_brand","embeddable":true,"href":"https:\/\/tttattoo.com\/fr\/wp-json\/wp\/v2\/product_brand?post=1075"},{"taxonomy":"product_cat","embeddable":true,"href":"https:\/\/tttattoo.com\/fr\/wp-json\/wp\/v2\/product_cat?post=1075"},{"taxonomy":"product_tag","embeddable":true,"href":"https:\/\/tttattoo.com\/fr\/wp-json\/wp\/v2\/product_tag?post=1075"}],"curies":[{"name":"wp","href":"https:\/\/api.w.org\/{rel}","templated":true}]}}