{"id":1309,"date":"2014-05-13T20:49:28","date_gmt":"2014-05-13T18:49:28","guid":{"rendered":"https:\/\/tttattoo.com\/producto\/tatuaje-personalizado-para-antebrazos\/"},"modified":"2024-03-23T03:15:07","modified_gmt":"2024-03-23T02:15:07","slug":"tatuaje-personalizado-para-antebrazos","status":"publish","type":"product","link":"https:\/\/tttattoo.com\/es\/product\/tatuaje-personalizado-para-antebrazos\/","title":{"rendered":"Tatuaje personalizado para antebrazos"},"content":{"rendered":"","protected":false},"excerpt":{"rendered":"<p><span style=\"background-color:#fdfdfd;\">Env\u00edanos un mensaje a\u00a0<\/span><span style=\"background-color:#fdfdfd;\"><strong>info@tttattoo.com<\/strong>\u00a0<\/span><span style=\"background-color:#fdfdfd;\">con tu logotipo o la informaci\u00f3n y \/ o im\u00e1genes que deseas utilizar en tus tatuajes temporales.<\/span><\/p>\n<p><span><br \/><\/span><\/p>\n<p>Crea un tatuaje personalizado para tu antebrazo.<br \/>Por cada tatuaje comprado, te enviamos un segundo gratis.<\/p>\n","protected":false},"featured_media":1294,"comment_status":"open","ping_status":"closed","template":"","meta":[],"product_brand":[],"product_cat":[23],"product_tag":[635,628,627],"class_list":{"0":"post-1309","1":"product","2":"type-product","3":"status-publish","4":"has-post-thumbnail","6":"product_cat-tattoos-personalizados-es","7":"product_tag-disenar-su-propio-tatuaje-en-linea","8":"product_tag-generador-de-tatuajes","9":"product_tag-tatuajes-personalizados","10":"pa_sizewrist-14x2cm-es","11":"pa_sizewrist-25x3cm-es","12":"pa_sizewrist-36x4cm-es","13":"pa_sizewrist-47x5cm-es","15":"first","16":"instock","17":"shipping-taxable","18":"purchasable","19":"product-type-variable"},"yoast_head":"<!-- This site is optimized with the Yoast SEO plugin v27.5 - https:\/\/yoast.com\/product\/yoast-seo-wordpress\/ -->\n<title>dise\u00f1ar su propio tatuaje en l\u00ednea<\/title>\n<meta name=\"description\" content=\"dise\u00f1ar su propio tatuaje en l\u00ednea\" \/>\n<meta name=\"robots\" content=\"index, follow, max-snippet:-1, max-image-preview:large, max-video-preview:-1\" \/>\n<link rel=\"canonical\" href=\"https:\/\/tttattoo.com\/es\/product\/tatuaje-personalizado-para-antebrazos\/\" \/>\n<meta property=\"og:locale\" content=\"es_ES\" \/>\n<meta property=\"og:type\" content=\"article\" \/>\n<meta property=\"og:title\" content=\"dise\u00f1ar su propio tatuaje en l\u00ednea\" \/>\n<meta property=\"og:description\" content=\"dise\u00f1ar su propio tatuaje en l\u00ednea\" \/>\n<meta property=\"og:url\" content=\"https:\/\/tttattoo.com\/es\/product\/tatuaje-personalizado-para-antebrazos\/\" \/>\n<meta property=\"og:site_name\" content=\"Comprar Tatuajes Temporales Originales \u2013 TTTattoo\" \/>\n<meta property=\"article:modified_time\" content=\"2024-03-23T02:15:07+00:00\" \/>\n<meta property=\"og:image\" content=\"https:\/\/tttattoo.com\/wp-content\/uploads\/2014\/05\/2359-Wrist-custom-tattoo.jpg\" \/>\n\t<meta property=\"og:image:width\" content=\"1200\" \/>\n\t<meta property=\"og:image:height\" content=\"1200\" \/>\n\t<meta property=\"og:image:type\" content=\"image\/jpeg\" \/>\n<meta name=\"twitter:card\" content=\"summary_large_image\" \/>\n<script type=\"application\/ld+json\" class=\"yoast-schema-graph\">{\"@context\":\"https:\\\/\\\/schema.org\",\"@graph\":[{\"@type\":\"WebPage\",\"@id\":\"https:\\\/\\\/tttattoo.com\\\/es\\\/product\\\/tatuaje-personalizado-para-antebrazos\\\/\",\"url\":\"https:\\\/\\\/tttattoo.com\\\/es\\\/product\\\/tatuaje-personalizado-para-antebrazos\\\/\",\"name\":\"dise\u00f1ar su propio tatuaje en l\u00ednea\",\"isPartOf\":{\"@id\":\"https:\\\/\\\/tttattoo.com\\\/es\\\/#website\"},\"primaryImageOfPage\":{\"@id\":\"https:\\\/\\\/tttattoo.com\\\/es\\\/product\\\/tatuaje-personalizado-para-antebrazos\\\/#primaryimage\"},\"image\":{\"@id\":\"https:\\\/\\\/tttattoo.com\\\/es\\\/product\\\/tatuaje-personalizado-para-antebrazos\\\/#primaryimage\"},\"thumbnailUrl\":\"https:\\\/\\\/tttattoo.com\\\/wp-content\\\/uploads\\\/2014\\\/05\\\/2359-Wrist-custom-tattoo.jpg\",\"datePublished\":\"2014-05-13T18:49:28+00:00\",\"dateModified\":\"2024-03-23T02:15:07+00:00\",\"description\":\"dise\u00f1ar su propio tatuaje en l\u00ednea\",\"breadcrumb\":{\"@id\":\"https:\\\/\\\/tttattoo.com\\\/es\\\/product\\\/tatuaje-personalizado-para-antebrazos\\\/#breadcrumb\"},\"inLanguage\":\"es\",\"potentialAction\":[{\"@type\":\"ReadAction\",\"target\":[\"https:\\\/\\\/tttattoo.com\\\/es\\\/product\\\/tatuaje-personalizado-para-antebrazos\\\/\"]}]},{\"@type\":\"ImageObject\",\"inLanguage\":\"es\",\"@id\":\"https:\\\/\\\/tttattoo.com\\\/es\\\/product\\\/tatuaje-personalizado-para-antebrazos\\\/#primaryimage\",\"url\":\"https:\\\/\\\/tttattoo.com\\\/wp-content\\\/uploads\\\/2014\\\/05\\\/2359-Wrist-custom-tattoo.jpg\",\"contentUrl\":\"https:\\\/\\\/tttattoo.com\\\/wp-content\\\/uploads\\\/2014\\\/05\\\/2359-Wrist-custom-tattoo.jpg\",\"width\":1200,\"height\":1200,\"caption\":\"Wrist custom tattoo\"},{\"@type\":\"BreadcrumbList\",\"@id\":\"https:\\\/\\\/tttattoo.com\\\/es\\\/product\\\/tatuaje-personalizado-para-antebrazos\\\/#breadcrumb\",\"itemListElement\":[{\"@type\":\"ListItem\",\"position\":1,\"name\":\"Portada\",\"item\":\"https:\\\/\\\/tttattoo.com\\\/es\\\/inicio\\\/\"},{\"@type\":\"ListItem\",\"position\":2,\"name\":\"Tienda\",\"item\":\"https:\\\/\\\/tttattoo.com\\\/shop\\\/\"},{\"@type\":\"ListItem\",\"position\":3,\"name\":\"Tatuaje personalizado para antebrazos\"}]},{\"@type\":\"WebSite\",\"@id\":\"https:\\\/\\\/tttattoo.com\\\/es\\\/#website\",\"url\":\"https:\\\/\\\/tttattoo.com\\\/es\\\/\",\"name\":\"Comprar Tatuajes Temporales Originales \u2013 TTTattoo\",\"description\":\"En TTTattoo puedes comprar tatuajes temporales originales de primera calidad. Tenemos un amplio cat\u00e1logo \u00a1Y tambi\u00e9n puedes personalizarlos! Atr\u00e9vete a jugar con tu creatividad.\",\"publisher\":{\"@id\":\"https:\\\/\\\/tttattoo.com\\\/es\\\/#organization\"},\"potentialAction\":[{\"@type\":\"SearchAction\",\"target\":{\"@type\":\"EntryPoint\",\"urlTemplate\":\"https:\\\/\\\/tttattoo.com\\\/es\\\/?s={search_term_string}\"},\"query-input\":{\"@type\":\"PropertyValueSpecification\",\"valueRequired\":true,\"valueName\":\"search_term_string\"}}],\"inLanguage\":\"es\"},{\"@type\":\"Organization\",\"@id\":\"https:\\\/\\\/tttattoo.com\\\/es\\\/#organization\",\"name\":\"Comprar Tatuajes Temporales Originales \u2013 TTTattoo\",\"url\":\"https:\\\/\\\/tttattoo.com\\\/es\\\/\",\"logo\":{\"@type\":\"ImageObject\",\"inLanguage\":\"es\",\"@id\":\"https:\\\/\\\/tttattoo.com\\\/es\\\/#\\\/schema\\\/logo\\\/image\\\/\",\"url\":\"https:\\\/\\\/tttattoo.com\\\/wp-content\\\/uploads\\\/2024\\\/03\\\/TTTattoo.png\",\"contentUrl\":\"https:\\\/\\\/tttattoo.com\\\/wp-content\\\/uploads\\\/2024\\\/03\\\/TTTattoo.png\",\"width\":500,\"height\":124,\"caption\":\"Comprar Tatuajes Temporales Originales \u2013 TTTattoo\"},\"image\":{\"@id\":\"https:\\\/\\\/tttattoo.com\\\/es\\\/#\\\/schema\\\/logo\\\/image\\\/\"}}]}<\/script>\n<!-- \/ Yoast SEO plugin. -->","yoast_head_json":{"title":"dise\u00f1ar su propio tatuaje en l\u00ednea","description":"dise\u00f1ar su propio tatuaje en l\u00ednea","robots":{"index":"index","follow":"follow","max-snippet":"max-snippet:-1","max-image-preview":"max-image-preview:large","max-video-preview":"max-video-preview:-1"},"canonical":"https:\/\/tttattoo.com\/es\/product\/tatuaje-personalizado-para-antebrazos\/","og_locale":"es_ES","og_type":"article","og_title":"dise\u00f1ar su propio tatuaje en l\u00ednea","og_description":"dise\u00f1ar su propio tatuaje en l\u00ednea","og_url":"https:\/\/tttattoo.com\/es\/product\/tatuaje-personalizado-para-antebrazos\/","og_site_name":"Comprar Tatuajes Temporales Originales \u2013 TTTattoo","article_modified_time":"2024-03-23T02:15:07+00:00","og_image":[{"width":1200,"height":1200,"url":"https:\/\/tttattoo.com\/wp-content\/uploads\/2014\/05\/2359-Wrist-custom-tattoo.jpg","type":"image\/jpeg"}],"twitter_card":"summary_large_image","schema":{"@context":"https:\/\/schema.org","@graph":[{"@type":"WebPage","@id":"https:\/\/tttattoo.com\/es\/product\/tatuaje-personalizado-para-antebrazos\/","url":"https:\/\/tttattoo.com\/es\/product\/tatuaje-personalizado-para-antebrazos\/","name":"dise\u00f1ar su propio tatuaje en l\u00ednea","isPartOf":{"@id":"https:\/\/tttattoo.com\/es\/#website"},"primaryImageOfPage":{"@id":"https:\/\/tttattoo.com\/es\/product\/tatuaje-personalizado-para-antebrazos\/#primaryimage"},"image":{"@id":"https:\/\/tttattoo.com\/es\/product\/tatuaje-personalizado-para-antebrazos\/#primaryimage"},"thumbnailUrl":"https:\/\/tttattoo.com\/wp-content\/uploads\/2014\/05\/2359-Wrist-custom-tattoo.jpg","datePublished":"2014-05-13T18:49:28+00:00","dateModified":"2024-03-23T02:15:07+00:00","description":"dise\u00f1ar su propio tatuaje en l\u00ednea","breadcrumb":{"@id":"https:\/\/tttattoo.com\/es\/product\/tatuaje-personalizado-para-antebrazos\/#breadcrumb"},"inLanguage":"es","potentialAction":[{"@type":"ReadAction","target":["https:\/\/tttattoo.com\/es\/product\/tatuaje-personalizado-para-antebrazos\/"]}]},{"@type":"ImageObject","inLanguage":"es","@id":"https:\/\/tttattoo.com\/es\/product\/tatuaje-personalizado-para-antebrazos\/#primaryimage","url":"https:\/\/tttattoo.com\/wp-content\/uploads\/2014\/05\/2359-Wrist-custom-tattoo.jpg","contentUrl":"https:\/\/tttattoo.com\/wp-content\/uploads\/2014\/05\/2359-Wrist-custom-tattoo.jpg","width":1200,"height":1200,"caption":"Wrist custom tattoo"},{"@type":"BreadcrumbList","@id":"https:\/\/tttattoo.com\/es\/product\/tatuaje-personalizado-para-antebrazos\/#breadcrumb","itemListElement":[{"@type":"ListItem","position":1,"name":"Portada","item":"https:\/\/tttattoo.com\/es\/inicio\/"},{"@type":"ListItem","position":2,"name":"Tienda","item":"https:\/\/tttattoo.com\/shop\/"},{"@type":"ListItem","position":3,"name":"Tatuaje personalizado para antebrazos"}]},{"@type":"WebSite","@id":"https:\/\/tttattoo.com\/es\/#website","url":"https:\/\/tttattoo.com\/es\/","name":"Comprar Tatuajes Temporales Originales \u2013 TTTattoo","description":"En TTTattoo puedes comprar tatuajes temporales originales de primera calidad. Tenemos un amplio cat\u00e1logo \u00a1Y tambi\u00e9n puedes personalizarlos! Atr\u00e9vete a jugar con tu creatividad.","publisher":{"@id":"https:\/\/tttattoo.com\/es\/#organization"},"potentialAction":[{"@type":"SearchAction","target":{"@type":"EntryPoint","urlTemplate":"https:\/\/tttattoo.com\/es\/?s={search_term_string}"},"query-input":{"@type":"PropertyValueSpecification","valueRequired":true,"valueName":"search_term_string"}}],"inLanguage":"es"},{"@type":"Organization","@id":"https:\/\/tttattoo.com\/es\/#organization","name":"Comprar Tatuajes Temporales Originales \u2013 TTTattoo","url":"https:\/\/tttattoo.com\/es\/","logo":{"@type":"ImageObject","inLanguage":"es","@id":"https:\/\/tttattoo.com\/es\/#\/schema\/logo\/image\/","url":"https:\/\/tttattoo.com\/wp-content\/uploads\/2024\/03\/TTTattoo.png","contentUrl":"https:\/\/tttattoo.com\/wp-content\/uploads\/2024\/03\/TTTattoo.png","width":500,"height":124,"caption":"Comprar Tatuajes Temporales Originales \u2013 TTTattoo"},"image":{"@id":"https:\/\/tttattoo.com\/es\/#\/schema\/logo\/image\/"}}]}},"_links":{"self":[{"href":"https:\/\/tttattoo.com\/es\/wp-json\/wp\/v2\/product\/1309","targetHints":{"allow":["GET"]}}],"collection":[{"href":"https:\/\/tttattoo.com\/es\/wp-json\/wp\/v2\/product"}],"about":[{"href":"https:\/\/tttattoo.com\/es\/wp-json\/wp\/v2\/types\/product"}],"replies":[{"embeddable":true,"href":"https:\/\/tttattoo.com\/es\/wp-json\/wp\/v2\/comments?post=1309"}],"wp:featuredmedia":[{"embeddable":true,"href":"https:\/\/tttattoo.com\/es\/wp-json\/wp\/v2\/media\/1294"}],"wp:attachment":[{"href":"https:\/\/tttattoo.com\/es\/wp-json\/wp\/v2\/media?parent=1309"}],"wp:term":[{"taxonomy":"product_brand","embeddable":true,"href":"https:\/\/tttattoo.com\/es\/wp-json\/wp\/v2\/product_brand?post=1309"},{"taxonomy":"product_cat","embeddable":true,"href":"https:\/\/tttattoo.com\/es\/wp-json\/wp\/v2\/product_cat?post=1309"},{"taxonomy":"product_tag","embeddable":true,"href":"https:\/\/tttattoo.com\/es\/wp-json\/wp\/v2\/product_tag?post=1309"}],"curies":[{"name":"wp","href":"https:\/\/api.w.org\/{rel}","templated":true}]}}