{"id":9460,"date":"2024-02-29T17:20:54","date_gmt":"2024-02-29T16:20:54","guid":{"rendered":"https:\/\/tttattoo.com\/?page_id=9460"},"modified":"2024-03-26T12:51:53","modified_gmt":"2024-03-26T11:51:53","slug":"faq","status":"publish","type":"page","link":"https:\/\/tttattoo.com\/es\/faq\/","title":{"rendered":"Preguntas frecuentes"},"content":{"rendered":"\t\t<div data-elementor-type=\"wp-page\" data-elementor-id=\"9460\" class=\"elementor elementor-9460 elementor-7818\" data-elementor-post-type=\"page\">\n\t\t\t\t<div class=\"elementor-element elementor-element-861782d e-flex e-con-boxed e-con e-parent\" data-id=\"861782d\" data-element_type=\"container\" data-e-type=\"container\">\n\t\t\t\t\t<div class=\"e-con-inner\">\n\t\t<div class=\"elementor-element elementor-element-ef7bc2b e-con-full e-flex e-con e-child\" data-id=\"ef7bc2b\" data-element_type=\"container\" data-e-type=\"container\">\n\t\t\t\t<div class=\"elementor-element elementor-element-7924c22 elementor-widget elementor-widget-heading\" data-id=\"7924c22\" data-element_type=\"widget\" data-e-type=\"widget\" data-widget_type=\"heading.default\">\n\t\t\t\t<div class=\"elementor-widget-container\">\n\t\t\t\t\t<h1 class=\"elementor-heading-title elementor-size-default\">Ayuda e informaci\u00f3n<\/h1>\t\t\t\t<\/div>\n\t\t\t\t<\/div>\n\t\t\t\t<div class=\"elementor-element elementor-element-fbe12ed elementor-widget elementor-widget-heading\" data-id=\"fbe12ed\" data-element_type=\"widget\" data-e-type=\"widget\" data-widget_type=\"heading.default\">\n\t\t\t\t<div class=\"elementor-widget-container\">\n\t\t\t\t\t<h2 class=\"elementor-heading-title elementor-size-default\">Faq<\/h2>\t\t\t\t<\/div>\n\t\t\t\t<\/div>\n\t\t\t\t<div class=\"elementor-element elementor-element-9e25f23 elementor-widget__width-inherit elementor-widget elementor-widget-toggle\" data-id=\"9e25f23\" data-element_type=\"widget\" data-e-type=\"widget\" data-widget_type=\"toggle.default\">\n\t\t\t\t<div class=\"elementor-widget-container\">\n\t\t\t\t\t\t\t<div class=\"elementor-toggle\">\n\t\t\t\t\t\t\t<div class=\"elementor-toggle-item\">\n\t\t\t\t\t<div id=\"elementor-tab-title-1651\" class=\"elementor-tab-title\" data-tab=\"1\" role=\"button\" aria-controls=\"elementor-tab-content-1651\" aria-expanded=\"false\">\n\t\t\t\t\t\t\t\t\t\t\t\t<a class=\"elementor-toggle-title\" tabindex=\"0\">\u00bfQu\u00e9 es TTTattoo?<\/a>\n\t\t\t\t\t<\/div>\n\n\t\t\t\t\t<div id=\"elementor-tab-content-1651\" class=\"elementor-tab-content elementor-clearfix\" data-tab=\"1\" role=\"region\" aria-labelledby=\"elementor-tab-title-1651\"><p>TTTattoo es una tienda online especializada en tatuajes temporales.<\/p><\/div>\n\t\t\t\t<\/div>\n\t\t\t\t\t\t\t<div class=\"elementor-toggle-item\">\n\t\t\t\t\t<div id=\"elementor-tab-title-1652\" class=\"elementor-tab-title\" data-tab=\"2\" role=\"button\" aria-controls=\"elementor-tab-content-1652\" aria-expanded=\"false\">\n\t\t\t\t\t\t\t\t\t\t\t\t<a class=\"elementor-toggle-title\" tabindex=\"0\">\u00bfCu\u00e1nto duran los tatuajes temporales?<\/a>\n\t\t\t\t\t<\/div>\n\n\t\t\t\t\t<div id=\"elementor-tab-content-1652\" class=\"elementor-tab-content elementor-clearfix\" data-tab=\"2\" role=\"region\" aria-labelledby=\"elementor-tab-title-1652\"><p>La mayor\u00eda de los tatuajes duran por lo menos 2 o 3 d\u00edas. Son impermeables y no hay problema en la ducha o en piscinas. No se olvide de colocar el tatuaje en una superficie de la piel sin aceite!<\/p><\/div>\n\t\t\t\t<\/div>\n\t\t\t\t\t\t\t<div class=\"elementor-toggle-item\">\n\t\t\t\t\t<div id=\"elementor-tab-title-1653\" class=\"elementor-tab-title\" data-tab=\"3\" role=\"button\" aria-controls=\"elementor-tab-content-1653\" aria-expanded=\"false\">\n\t\t\t\t\t\t\t\t\t\t\t\t<a class=\"elementor-toggle-title\" tabindex=\"0\">\u00bfC\u00f3mo puedo eliminar el tatuaje temporal?<\/a>\n\t\t\t\t\t<\/div>\n\n\t\t\t\t\t<div id=\"elementor-tab-content-1653\" class=\"elementor-tab-content elementor-clearfix\" data-tab=\"3\" role=\"region\" aria-labelledby=\"elementor-tab-title-1653\"><p>Muy f\u00e1cilmente, aplicando aceite para la piel. M\u00e1s tiempo se deja actuar el aceite, m\u00e1s f\u00e1cil ser\u00e1 eliminar el tatuaje simplemente frotando con delicadeza.<\/p><\/div>\n\t\t\t\t<\/div>\n\t\t\t\t\t\t\t<div class=\"elementor-toggle-item\">\n\t\t\t\t\t<div id=\"elementor-tab-title-1654\" class=\"elementor-tab-title\" data-tab=\"4\" role=\"button\" aria-controls=\"elementor-tab-content-1654\" aria-expanded=\"false\">\n\t\t\t\t\t\t\t\t\t\t\t\t<a class=\"elementor-toggle-title\" tabindex=\"0\">\u00bfSon seguros?<\/a>\n\t\t\t\t\t<\/div>\n\n\t\t\t\t\t<div id=\"elementor-tab-content-1654\" class=\"elementor-tab-content elementor-clearfix\" data-tab=\"4\" role=\"region\" aria-labelledby=\"elementor-tab-title-1654\"><p>La seguridad es una prioridad para TTTattoo. Todos nuestros tatuajes son seguros y no t\u00f3xicos. Nos aseguramos de que cada tatuaje temporal este realizado de acuerdo con las certificaciones de seguridad vigentes y las normas internacionales de regulaci\u00f3n. TTTattoo cumple con la FDA. Adem\u00e1s garantizamos que cumplen con los est\u00e1ndares de la industria de cosm\u00e9ticos y juguetes. Sin embargo, si su piel es muy sensible, o si es al\u00e9rgico a los adhesivos, no recomendamos el uso de TTTattoos.<\/p><\/div>\n\t\t\t\t<\/div>\n\t\t\t\t\t\t\t<div class=\"elementor-toggle-item\">\n\t\t\t\t\t<div id=\"elementor-tab-title-1655\" class=\"elementor-tab-title\" data-tab=\"5\" role=\"button\" aria-controls=\"elementor-tab-content-1655\" aria-expanded=\"false\">\n\t\t\t\t\t\t\t\t\t\t\t\t<a class=\"elementor-toggle-title\" tabindex=\"0\">Pago<\/a>\n\t\t\t\t\t<\/div>\n\n\t\t\t\t\t<div id=\"elementor-tab-content-1655\" class=\"elementor-tab-content elementor-clearfix\" data-tab=\"5\" role=\"region\" aria-labelledby=\"elementor-tab-title-1655\"><p><span title=\"The payment of the orders is performed through PayPal.\">El pago de los pedidos se realiza a trav\u00e9s de PayPal y tarjetas de cr\u00e9dito.\u00a0<\/span><span title=\"The payment cards accepted to this day are: Visa, MasterCard and American Express.\">Las tarjetas de pago aceptadas son: Visa, MasterCard y American Express.\u00a0<\/span><span title=\"The order will be considered effective upon receipt of the approval by the bank payment centres.\">El pedido se considerar\u00e1 efectivo desde la recepci\u00f3n de la aprobaci\u00f3n por los centros de pago bancario.\u00a0<\/span><span title=\"In accordance with applicable legislation and to ensure the security and privacy of the customers' information, Tattyoo does not memorise the banking data of the customers.\">De conformidad con la legislaci\u00f3n aplicable y para garantizar la seguridad y privacidad de la informaci\u00f3n de los clientes, TTTattoo no memoriza los datos bancarios de los clientes.\u00a0<\/span><span title=\"It is therefore up to the customer to save and print his certificate of payment if he wishes to preserve the details of the payment related to his order.\">Por tanto, es responsabilidad del cliente guardar e imprimir su certificado de pago si se quiere preservar los detalles del pago relacionado con su pedido.<\/span><span title=\"The PayPal site is highly secure.\">\u00a0PayPal\u00a0<\/span><span title=\"The PayPal site is highly secure.\">utilizan la tecnolog\u00eda l\u00edder en la industria (como SSL) para mantener la informaci\u00f3n segura.<\/span><\/p><\/div>\n\t\t\t\t<\/div>\n\t\t\t\t\t\t\t<div class=\"elementor-toggle-item\">\n\t\t\t\t\t<div id=\"elementor-tab-title-1656\" class=\"elementor-tab-title\" data-tab=\"6\" role=\"button\" aria-controls=\"elementor-tab-content-1656\" aria-expanded=\"false\">\n\t\t\t\t\t\t\t\t\t\t\t\t<a class=\"elementor-toggle-title\" tabindex=\"0\">\u00bfCu\u00e1nto cuesta el Env\u00edo?<\/a>\n\t\t\t\t\t<\/div>\n\n\t\t\t\t\t<div id=\"elementor-tab-content-1656\" class=\"elementor-tab-content elementor-clearfix\" data-tab=\"6\" role=\"region\" aria-labelledby=\"elementor-tab-title-1656\"><p>El env\u00edo var\u00eda seg\u00fan el pa\u00eds, para los tatuajes desde 2,10\u20ac hasta 3\u20ac, para los otros productos puede llegar hasta 5\u20ac. Si requiere de un env\u00edo express, se ejecutar\u00e1 con un coste adicional.<\/p><\/div>\n\t\t\t\t<\/div>\n\t\t\t\t\t\t\t<div class=\"elementor-toggle-item\">\n\t\t\t\t\t<div id=\"elementor-tab-title-1657\" class=\"elementor-tab-title\" data-tab=\"7\" role=\"button\" aria-controls=\"elementor-tab-content-1657\" aria-expanded=\"false\">\n\t\t\t\t\t\t\t\t\t\t\t\t<a class=\"elementor-toggle-title\" tabindex=\"0\">\u00bfRealizan env\u00edos en todas partes?<\/a>\n\t\t\t\t\t<\/div>\n\n\t\t\t\t\t<div id=\"elementor-tab-content-1657\" class=\"elementor-tab-content elementor-clearfix\" data-tab=\"7\" role=\"region\" aria-labelledby=\"elementor-tab-title-1657\"><p>S\u00ed, a todos los pa\u00edses.<\/p><\/div>\n\t\t\t\t<\/div>\n\t\t\t\t\t\t\t<div class=\"elementor-toggle-item\">\n\t\t\t\t\t<div id=\"elementor-tab-title-1658\" class=\"elementor-tab-title\" data-tab=\"8\" role=\"button\" aria-controls=\"elementor-tab-content-1658\" aria-expanded=\"false\">\n\t\t\t\t\t\t\t\t\t\t\t\t<a class=\"elementor-toggle-title\" tabindex=\"0\">\u00bfCu\u00e1nto tarda en llegar mi pedido?<\/a>\n\t\t\t\t\t<\/div>\n\n\t\t\t\t\t<div id=\"elementor-tab-content-1658\" class=\"elementor-tab-content elementor-clearfix\" data-tab=\"8\" role=\"region\" aria-labelledby=\"elementor-tab-title-1658\"><p>Para pedidos de la Uni\u00f3n Europea, los tiempo de transito son 2-7 d\u00edas h\u00e1biles a partir de la formalizaci\u00f3n del pedido. Para los pedidos fuera de la\u00a0Uni\u00f3n Europea, el tiempo de tr\u00e1nsito puede tardar hasta 15 d\u00edas h\u00e1biles para la mayor\u00eda de los pa\u00edses. Cada oficina de aduana es diferente y TTTattoo no se responsabiliza de nada.<\/p><\/div>\n\t\t\t\t<\/div>\n\t\t\t\t\t\t\t<div class=\"elementor-toggle-item\">\n\t\t\t\t\t<div id=\"elementor-tab-title-1659\" class=\"elementor-tab-title\" data-tab=\"9\" role=\"button\" aria-controls=\"elementor-tab-content-1659\" aria-expanded=\"false\">\n\t\t\t\t\t\t\t\t\t\t\t\t<a class=\"elementor-toggle-title\" tabindex=\"0\">Devoluciones<\/a>\n\t\t\t\t\t<\/div>\n\n\t\t\t\t\t<div id=\"elementor-tab-content-1659\" class=\"elementor-tab-content elementor-clearfix\" data-tab=\"9\" role=\"region\" aria-labelledby=\"elementor-tab-title-1659\"><main id=\"content\" class=\"site-main post-4393 page type-page status-publish hentry\"><div class=\"page-content\"><p><span lang=\"es\" xml:lang=\"es\"><span class=\"hps\">A la recepci\u00f3n<\/span>\u00a0<span class=\"hps\">del producto<\/span>\u00a0<span class=\"hps\">por parte del cliente<\/span>,\u00a0<span class=\"hps\">dispondr\u00e1 el<\/span>\u00a0<span class=\"hps\">derecho de desistimiento<\/span>\u00a0<span class=\"hps\">que debe ejercerse<\/span>\u00a0<span class=\"hps\">en un plazo<\/span>\u00a0<span class=\"hps\">de<\/span>\u00a0<span class=\"hps\">30 d\u00edas<\/span>\u00a0<span class=\"hps\">mediante la devoluci\u00f3n del<\/span>\u00a0<span class=\"hps\">producto entregado<\/span>,\u00a0<span class=\"hps\">los gastos de devoluci\u00f3n<\/span>\u00a0ser\u00e1n responsabilidad d<span class=\"hps\">el cliente.<\/span>\u00a0<span class=\"hps\">Solamente<\/span>\u00a0<span class=\"hps\">los<\/span>\u00a0<span class=\"hps\">art\u00edculos comprados<\/span>\u00a0<span class=\"hps\">a trav\u00e9s de la<\/span>\u00a0<span class=\"hps\">p\u00e1gina web, y<\/span>\u00a0<span class=\"hps\">devueltos con<\/span>\u00a0<span class=\"hps\">su<\/span>\u00a0<span class=\"hps\">paquete<\/span>\u00a0<span class=\"hps\">original\u00a0<\/span><span class=\"hps atn\">(<\/span>sin abrir y en\u00a0<span class=\"hps\">su<\/span>\u00a0estado<span class=\"hps\">\u00a0original<\/span>) pueden\u00a0<span class=\"hps\">ser reembolsados<\/span>.\u00a0<\/span>De los art\u00edculos personalizados no se aceptar\u00e1n devoluciones,\u00a0como as\u00ed lo contempla la ley de prestaci\u00f3n de servicios personalizados. Ante cualquier duda, p\u00f3ngase en contacto con nuestro departamento de servicio al cliente info@tttattoo.com con su nombre o n\u00famero de pedido. Un representante de nuestra empresa le ayudar\u00e1.<\/p><div class=\"post-tags\">\u00a0<\/div><\/div><\/main><footer class=\"elementor elementor-7678 elementor-location-footer\" data-elementor-type=\"footer\" data-elementor-id=\"7678\" data-elementor-post-type=\"elementor_library\"><div class=\"elementor-element elementor-element-767024cd e-con-full e-flex e-con e-parent\" data-id=\"767024cd\" data-element_type=\"container\" data-settings=\"{&quot;background_background&quot;:&quot;classic&quot;}\" data-core-v316-plus=\"true\"><div class=\"elementor-element elementor-element-3a23589d e-con-full e-flex e-con e-child\" data-id=\"3a23589d\" data-element_type=\"container\"><div class=\"elementor-element elementor-element-90f6af4 e-con-full e-flex e-con e-child\" data-id=\"90f6af4\" data-element_type=\"container\"><div class=\"elementor-element elementor-element-75a57eb8 elementor-widget__width-auto elementor-widget elementor-widget-theme-site-logo elementor-widget-image animated fadeInUp\" data-id=\"75a57eb8\" data-element_type=\"widget\" data-settings=\"{&quot;_animation&quot;:&quot;fadeInUp&quot;}\" data-widget_type=\"theme-site-logo.default\">\u00a0<\/div><\/div><\/div><\/div><\/footer><\/div>\n\t\t\t\t<\/div>\n\t\t\t\t\t\t\t\t<\/div>\n\t\t\t\t\t\t<\/div>\n\t\t\t\t<\/div>\n\t\t\t\t<\/div>\n\t\t\t\t\t<\/div>\n\t\t\t\t<\/div>\n\t\t\t\t<\/div>\n\t\t","protected":false},"excerpt":{"rendered":"<p>Ayuda e informaci\u00f3n Faq \u00bfQu\u00e9 es TTTattoo? TTTattoo es una tienda online especializada en tatuajes temporales. \u00bfCu\u00e1nto duran los tatuajes temporales? La mayor\u00eda de los tatuajes duran por lo menos 2 o 3 d\u00edas. Son impermeables y no hay problema en la ducha o en piscinas. No se olvide de colocar el tatuaje en una [&hellip;]<\/p>\n","protected":false},"author":1,"featured_media":7825,"parent":0,"menu_order":0,"comment_status":"closed","ping_status":"closed","template":"elementor_header_footer","meta":{"footnotes":""},"class_list":["post-9460","page","type-page","status-publish","has-post-thumbnail","hentry"],"yoast_head":"<!-- This site is optimized with the Yoast SEO plugin v27.4 - https:\/\/yoast.com\/product\/yoast-seo-wordpress\/ -->\n<title>Preguntas frecuentes - Comprar Tatuajes Temporales Originales \u2013 TTTattoo<\/title>\n<meta name=\"robots\" content=\"index, follow, max-snippet:-1, max-image-preview:large, max-video-preview:-1\" \/>\n<link rel=\"canonical\" href=\"https:\/\/tttattoo.com\/es\/faq\/\" \/>\n<meta property=\"og:locale\" content=\"es_ES\" \/>\n<meta property=\"og:type\" content=\"article\" \/>\n<meta property=\"og:title\" content=\"Preguntas frecuentes - Comprar Tatuajes Temporales Originales \u2013 TTTattoo\" \/>\n<meta property=\"og:description\" content=\"Ayuda e informaci\u00f3n Faq \u00bfQu\u00e9 es TTTattoo? TTTattoo es una tienda online especializada en tatuajes temporales. \u00bfCu\u00e1nto duran los tatuajes temporales? La mayor\u00eda de los tatuajes duran por lo menos 2 o 3 d\u00edas. Son impermeables y no hay problema en la ducha o en piscinas. No se olvide de colocar el tatuaje en una [&hellip;]\" \/>\n<meta property=\"og:url\" content=\"https:\/\/tttattoo.com\/es\/faq\/\" \/>\n<meta property=\"og:site_name\" content=\"Comprar Tatuajes Temporales Originales \u2013 TTTattoo\" \/>\n<meta property=\"article:modified_time\" content=\"2024-03-26T11:51:53+00:00\" \/>\n<meta property=\"og:image\" content=\"https:\/\/tttattoo.com\/wp-content\/uploads\/2024\/02\/Handmade-Kid-Shop-My-cart.jpg\" \/>\n\t<meta property=\"og:image:width\" content=\"400\" \/>\n\t<meta property=\"og:image:height\" content=\"380\" \/>\n\t<meta property=\"og:image:type\" content=\"image\/jpeg\" \/>\n<meta name=\"twitter:card\" content=\"summary_large_image\" \/>\n<meta name=\"twitter:label1\" content=\"Tiempo de lectura\" \/>\n\t<meta name=\"twitter:data1\" content=\"3 minutos\" \/>\n<script type=\"application\/ld+json\" class=\"yoast-schema-graph\">{\"@context\":\"https:\\\/\\\/schema.org\",\"@graph\":[{\"@type\":\"WebPage\",\"@id\":\"https:\\\/\\\/tttattoo.com\\\/es\\\/faq\\\/\",\"url\":\"https:\\\/\\\/tttattoo.com\\\/es\\\/faq\\\/\",\"name\":\"Preguntas frecuentes - Comprar Tatuajes Temporales Originales \u2013 TTTattoo\",\"isPartOf\":{\"@id\":\"https:\\\/\\\/tttattoo.com\\\/es\\\/#website\"},\"primaryImageOfPage\":{\"@id\":\"https:\\\/\\\/tttattoo.com\\\/es\\\/faq\\\/#primaryimage\"},\"image\":{\"@id\":\"https:\\\/\\\/tttattoo.com\\\/es\\\/faq\\\/#primaryimage\"},\"thumbnailUrl\":\"https:\\\/\\\/tttattoo.com\\\/wp-content\\\/uploads\\\/2024\\\/02\\\/Handmade-Kid-Shop-My-cart.jpg\",\"datePublished\":\"2024-02-29T16:20:54+00:00\",\"dateModified\":\"2024-03-26T11:51:53+00:00\",\"breadcrumb\":{\"@id\":\"https:\\\/\\\/tttattoo.com\\\/es\\\/faq\\\/#breadcrumb\"},\"inLanguage\":\"es\",\"potentialAction\":[{\"@type\":\"ReadAction\",\"target\":[\"https:\\\/\\\/tttattoo.com\\\/es\\\/faq\\\/\"]}]},{\"@type\":\"ImageObject\",\"inLanguage\":\"es\",\"@id\":\"https:\\\/\\\/tttattoo.com\\\/es\\\/faq\\\/#primaryimage\",\"url\":\"https:\\\/\\\/tttattoo.com\\\/wp-content\\\/uploads\\\/2024\\\/02\\\/Handmade-Kid-Shop-My-cart.jpg\",\"contentUrl\":\"https:\\\/\\\/tttattoo.com\\\/wp-content\\\/uploads\\\/2024\\\/02\\\/Handmade-Kid-Shop-My-cart.jpg\",\"width\":400,\"height\":380},{\"@type\":\"BreadcrumbList\",\"@id\":\"https:\\\/\\\/tttattoo.com\\\/es\\\/faq\\\/#breadcrumb\",\"itemListElement\":[{\"@type\":\"ListItem\",\"position\":1,\"name\":\"Portada\",\"item\":\"https:\\\/\\\/tttattoo.com\\\/es\\\/inicio\\\/\"},{\"@type\":\"ListItem\",\"position\":2,\"name\":\"Preguntas frecuentes\"}]},{\"@type\":\"WebSite\",\"@id\":\"https:\\\/\\\/tttattoo.com\\\/es\\\/#website\",\"url\":\"https:\\\/\\\/tttattoo.com\\\/es\\\/\",\"name\":\"Comprar Tatuajes Temporales Originales \u2013 TTTattoo\",\"description\":\"En TTTattoo puedes comprar tatuajes temporales originales de primera calidad. Tenemos un amplio cat\u00e1logo \u00a1Y tambi\u00e9n puedes personalizarlos! Atr\u00e9vete a jugar con tu creatividad.\",\"publisher\":{\"@id\":\"https:\\\/\\\/tttattoo.com\\\/es\\\/#organization\"},\"potentialAction\":[{\"@type\":\"SearchAction\",\"target\":{\"@type\":\"EntryPoint\",\"urlTemplate\":\"https:\\\/\\\/tttattoo.com\\\/es\\\/?s={search_term_string}\"},\"query-input\":{\"@type\":\"PropertyValueSpecification\",\"valueRequired\":true,\"valueName\":\"search_term_string\"}}],\"inLanguage\":\"es\"},{\"@type\":\"Organization\",\"@id\":\"https:\\\/\\\/tttattoo.com\\\/es\\\/#organization\",\"name\":\"Comprar Tatuajes Temporales Originales \u2013 TTTattoo\",\"url\":\"https:\\\/\\\/tttattoo.com\\\/es\\\/\",\"logo\":{\"@type\":\"ImageObject\",\"inLanguage\":\"es\",\"@id\":\"https:\\\/\\\/tttattoo.com\\\/es\\\/#\\\/schema\\\/logo\\\/image\\\/\",\"url\":\"https:\\\/\\\/tttattoo.com\\\/wp-content\\\/uploads\\\/2024\\\/03\\\/TTTattoo.png\",\"contentUrl\":\"https:\\\/\\\/tttattoo.com\\\/wp-content\\\/uploads\\\/2024\\\/03\\\/TTTattoo.png\",\"width\":500,\"height\":124,\"caption\":\"Comprar Tatuajes Temporales Originales \u2013 TTTattoo\"},\"image\":{\"@id\":\"https:\\\/\\\/tttattoo.com\\\/es\\\/#\\\/schema\\\/logo\\\/image\\\/\"}}]}<\/script>\n<!-- \/ Yoast SEO plugin. -->","yoast_head_json":{"title":"Preguntas frecuentes - Comprar Tatuajes Temporales Originales \u2013 TTTattoo","robots":{"index":"index","follow":"follow","max-snippet":"max-snippet:-1","max-image-preview":"max-image-preview:large","max-video-preview":"max-video-preview:-1"},"canonical":"https:\/\/tttattoo.com\/es\/faq\/","og_locale":"es_ES","og_type":"article","og_title":"Preguntas frecuentes - Comprar Tatuajes Temporales Originales \u2013 TTTattoo","og_description":"Ayuda e informaci\u00f3n Faq \u00bfQu\u00e9 es TTTattoo? TTTattoo es una tienda online especializada en tatuajes temporales. \u00bfCu\u00e1nto duran los tatuajes temporales? La mayor\u00eda de los tatuajes duran por lo menos 2 o 3 d\u00edas. Son impermeables y no hay problema en la ducha o en piscinas. No se olvide de colocar el tatuaje en una [&hellip;]","og_url":"https:\/\/tttattoo.com\/es\/faq\/","og_site_name":"Comprar Tatuajes Temporales Originales \u2013 TTTattoo","article_modified_time":"2024-03-26T11:51:53+00:00","og_image":[{"width":400,"height":380,"url":"https:\/\/tttattoo.com\/wp-content\/uploads\/2024\/02\/Handmade-Kid-Shop-My-cart.jpg","type":"image\/jpeg"}],"twitter_card":"summary_large_image","twitter_misc":{"Tiempo de lectura":"3 minutos"},"schema":{"@context":"https:\/\/schema.org","@graph":[{"@type":"WebPage","@id":"https:\/\/tttattoo.com\/es\/faq\/","url":"https:\/\/tttattoo.com\/es\/faq\/","name":"Preguntas frecuentes - Comprar Tatuajes Temporales Originales \u2013 TTTattoo","isPartOf":{"@id":"https:\/\/tttattoo.com\/es\/#website"},"primaryImageOfPage":{"@id":"https:\/\/tttattoo.com\/es\/faq\/#primaryimage"},"image":{"@id":"https:\/\/tttattoo.com\/es\/faq\/#primaryimage"},"thumbnailUrl":"https:\/\/tttattoo.com\/wp-content\/uploads\/2024\/02\/Handmade-Kid-Shop-My-cart.jpg","datePublished":"2024-02-29T16:20:54+00:00","dateModified":"2024-03-26T11:51:53+00:00","breadcrumb":{"@id":"https:\/\/tttattoo.com\/es\/faq\/#breadcrumb"},"inLanguage":"es","potentialAction":[{"@type":"ReadAction","target":["https:\/\/tttattoo.com\/es\/faq\/"]}]},{"@type":"ImageObject","inLanguage":"es","@id":"https:\/\/tttattoo.com\/es\/faq\/#primaryimage","url":"https:\/\/tttattoo.com\/wp-content\/uploads\/2024\/02\/Handmade-Kid-Shop-My-cart.jpg","contentUrl":"https:\/\/tttattoo.com\/wp-content\/uploads\/2024\/02\/Handmade-Kid-Shop-My-cart.jpg","width":400,"height":380},{"@type":"BreadcrumbList","@id":"https:\/\/tttattoo.com\/es\/faq\/#breadcrumb","itemListElement":[{"@type":"ListItem","position":1,"name":"Portada","item":"https:\/\/tttattoo.com\/es\/inicio\/"},{"@type":"ListItem","position":2,"name":"Preguntas frecuentes"}]},{"@type":"WebSite","@id":"https:\/\/tttattoo.com\/es\/#website","url":"https:\/\/tttattoo.com\/es\/","name":"Comprar Tatuajes Temporales Originales \u2013 TTTattoo","description":"En TTTattoo puedes comprar tatuajes temporales originales de primera calidad. Tenemos un amplio cat\u00e1logo \u00a1Y tambi\u00e9n puedes personalizarlos! Atr\u00e9vete a jugar con tu creatividad.","publisher":{"@id":"https:\/\/tttattoo.com\/es\/#organization"},"potentialAction":[{"@type":"SearchAction","target":{"@type":"EntryPoint","urlTemplate":"https:\/\/tttattoo.com\/es\/?s={search_term_string}"},"query-input":{"@type":"PropertyValueSpecification","valueRequired":true,"valueName":"search_term_string"}}],"inLanguage":"es"},{"@type":"Organization","@id":"https:\/\/tttattoo.com\/es\/#organization","name":"Comprar Tatuajes Temporales Originales \u2013 TTTattoo","url":"https:\/\/tttattoo.com\/es\/","logo":{"@type":"ImageObject","inLanguage":"es","@id":"https:\/\/tttattoo.com\/es\/#\/schema\/logo\/image\/","url":"https:\/\/tttattoo.com\/wp-content\/uploads\/2024\/03\/TTTattoo.png","contentUrl":"https:\/\/tttattoo.com\/wp-content\/uploads\/2024\/03\/TTTattoo.png","width":500,"height":124,"caption":"Comprar Tatuajes Temporales Originales \u2013 TTTattoo"},"image":{"@id":"https:\/\/tttattoo.com\/es\/#\/schema\/logo\/image\/"}}]}},"_links":{"self":[{"href":"https:\/\/tttattoo.com\/es\/wp-json\/wp\/v2\/pages\/9460","targetHints":{"allow":["GET"]}}],"collection":[{"href":"https:\/\/tttattoo.com\/es\/wp-json\/wp\/v2\/pages"}],"about":[{"href":"https:\/\/tttattoo.com\/es\/wp-json\/wp\/v2\/types\/page"}],"author":[{"embeddable":true,"href":"https:\/\/tttattoo.com\/es\/wp-json\/wp\/v2\/users\/1"}],"replies":[{"embeddable":true,"href":"https:\/\/tttattoo.com\/es\/wp-json\/wp\/v2\/comments?post=9460"}],"version-history":[{"count":10,"href":"https:\/\/tttattoo.com\/es\/wp-json\/wp\/v2\/pages\/9460\/revisions"}],"predecessor-version":[{"id":9500,"href":"https:\/\/tttattoo.com\/es\/wp-json\/wp\/v2\/pages\/9460\/revisions\/9500"}],"wp:featuredmedia":[{"embeddable":true,"href":"https:\/\/tttattoo.com\/es\/wp-json\/wp\/v2\/media\/7825"}],"wp:attachment":[{"href":"https:\/\/tttattoo.com\/es\/wp-json\/wp\/v2\/media?parent=9460"}],"curies":[{"name":"wp","href":"https:\/\/api.w.org\/{rel}","templated":true}]}}