{"id":648,"date":"2014-03-07T20:35:45","date_gmt":"2014-03-07T19:35:45","guid":{"rendered":"https:\/\/tttattoo.com\/producto\/ufo-tattoo\/"},"modified":"2024-03-23T19:31:56","modified_gmt":"2024-03-23T18:31:56","slug":"ufo-tattoo","status":"publish","type":"product","link":"https:\/\/tttattoo.com\/de\/product\/ufo-tattoo\/","title":{"rendered":"Kosmischer Flieger"},"content":{"rendered":"","protected":false},"excerpt":{"rendered":"<p>Menge: 2 in einem Set<br \/>Gr\u00f6\u00dfe:\u00a0 4,5 x 1,3 cm<br \/>Sicher und ungiftig<\/p>\n","protected":false},"featured_media":634,"comment_status":"open","ping_status":"closed","template":"","meta":[],"product_brand":[],"product_cat":[35],"product_tag":[260,259,452],"class_list":{"0":"post-648","1":"product","2":"type-product","3":"status-publish","4":"has-post-thumbnail","6":"product_cat-ikonisch-de","7":"product_tag-alle","8":"product_tag-schwarze-tattoo","9":"product_tag-ufo-tattoo","11":"first","12":"instock","13":"shipping-taxable","14":"purchasable","15":"product-type-simple"},"yoast_head":"<!-- This site is optimized with the Yoast SEO plugin v27.4 - https:\/\/yoast.com\/product\/yoast-seo-wordpress\/ -->\n<title>Ufo tattoo| Tempor\u00e4res tattoo<\/title>\n<meta name=\"description\" content=\"TTTattoo ist dein Onlineshop f\u00fcr tempor\u00e4re Tattoos\" \/>\n<meta name=\"robots\" content=\"index, follow, max-snippet:-1, max-image-preview:large, max-video-preview:-1\" \/>\n<link rel=\"canonical\" href=\"https:\/\/tttattoo.com\/de\/product\/ufo-tattoo\/\" \/>\n<meta property=\"og:locale\" content=\"de_DE\" \/>\n<meta property=\"og:type\" content=\"article\" \/>\n<meta property=\"og:title\" content=\"Ufo tattoo| Tempor\u00e4res tattoo\" \/>\n<meta property=\"og:description\" content=\"TTTattoo ist dein Onlineshop f\u00fcr tempor\u00e4re Tattoos\" \/>\n<meta property=\"og:url\" content=\"https:\/\/tttattoo.com\/de\/product\/ufo-tattoo\/\" \/>\n<meta property=\"og:site_name\" content=\"Kaufen Originelle Tempor\u00e4re Tattoos - TTTattoo\" \/>\n<meta property=\"article:modified_time\" content=\"2024-03-23T18:31:56+00:00\" \/>\n<meta property=\"og:image\" content=\"https:\/\/tttattoo.com\/wp-content\/uploads\/2014\/03\/2206-ufo.jpg\" \/>\n\t<meta property=\"og:image:width\" content=\"1000\" \/>\n\t<meta property=\"og:image:height\" content=\"1000\" \/>\n\t<meta property=\"og:image:type\" content=\"image\/jpeg\" \/>\n<meta name=\"twitter:card\" content=\"summary_large_image\" \/>\n<script type=\"application\/ld+json\" class=\"yoast-schema-graph\">{\"@context\":\"https:\\\/\\\/schema.org\",\"@graph\":[{\"@type\":\"WebPage\",\"@id\":\"https:\\\/\\\/tttattoo.com\\\/de\\\/product\\\/ufo-tattoo\\\/\",\"url\":\"https:\\\/\\\/tttattoo.com\\\/de\\\/product\\\/ufo-tattoo\\\/\",\"name\":\"Ufo tattoo| Tempor\u00e4res tattoo\",\"isPartOf\":{\"@id\":\"https:\\\/\\\/tttattoo.com\\\/de\\\/#website\"},\"primaryImageOfPage\":{\"@id\":\"https:\\\/\\\/tttattoo.com\\\/de\\\/product\\\/ufo-tattoo\\\/#primaryimage\"},\"image\":{\"@id\":\"https:\\\/\\\/tttattoo.com\\\/de\\\/product\\\/ufo-tattoo\\\/#primaryimage\"},\"thumbnailUrl\":\"https:\\\/\\\/tttattoo.com\\\/wp-content\\\/uploads\\\/2014\\\/03\\\/2206-ufo.jpg\",\"datePublished\":\"2014-03-07T19:35:45+00:00\",\"dateModified\":\"2024-03-23T18:31:56+00:00\",\"description\":\"TTTattoo ist dein Onlineshop f\u00fcr tempor\u00e4re Tattoos\",\"breadcrumb\":{\"@id\":\"https:\\\/\\\/tttattoo.com\\\/de\\\/product\\\/ufo-tattoo\\\/#breadcrumb\"},\"inLanguage\":\"de\",\"potentialAction\":[{\"@type\":\"ReadAction\",\"target\":[\"https:\\\/\\\/tttattoo.com\\\/de\\\/product\\\/ufo-tattoo\\\/\"]}]},{\"@type\":\"ImageObject\",\"inLanguage\":\"de\",\"@id\":\"https:\\\/\\\/tttattoo.com\\\/de\\\/product\\\/ufo-tattoo\\\/#primaryimage\",\"url\":\"https:\\\/\\\/tttattoo.com\\\/wp-content\\\/uploads\\\/2014\\\/03\\\/2206-ufo.jpg\",\"contentUrl\":\"https:\\\/\\\/tttattoo.com\\\/wp-content\\\/uploads\\\/2014\\\/03\\\/2206-ufo.jpg\",\"width\":1000,\"height\":1000,\"caption\":\"ufo\"},{\"@type\":\"BreadcrumbList\",\"@id\":\"https:\\\/\\\/tttattoo.com\\\/de\\\/product\\\/ufo-tattoo\\\/#breadcrumb\",\"itemListElement\":[{\"@type\":\"ListItem\",\"position\":1,\"name\":\"Portada\",\"item\":\"https:\\\/\\\/tttattoo.com\\\/de\\\/zuhause\\\/\"},{\"@type\":\"ListItem\",\"position\":2,\"name\":\"Shop\",\"item\":\"https:\\\/\\\/tttattoo.com\\\/shop\\\/\"},{\"@type\":\"ListItem\",\"position\":3,\"name\":\"Kosmischer Flieger\"}]},{\"@type\":\"WebSite\",\"@id\":\"https:\\\/\\\/tttattoo.com\\\/de\\\/#website\",\"url\":\"https:\\\/\\\/tttattoo.com\\\/de\\\/\",\"name\":\"Kaufen Originelle Tempor\u00e4re Tattoos - TTTattoo\",\"description\":\"Bei TTTattoo k\u00f6nnen Sie originale tempor\u00e4re Tattoos in Top-Qualit\u00e4t kaufen. Wir haben einen umfangreichen Katalog und Sie k\u00f6nnen ihn auch individuell anpassen! Wagen Sie es, mit Ihrer Kreativit\u00e4t zu spielen.\",\"publisher\":{\"@id\":\"https:\\\/\\\/tttattoo.com\\\/de\\\/#organization\"},\"potentialAction\":[{\"@type\":\"SearchAction\",\"target\":{\"@type\":\"EntryPoint\",\"urlTemplate\":\"https:\\\/\\\/tttattoo.com\\\/de\\\/?s={search_term_string}\"},\"query-input\":{\"@type\":\"PropertyValueSpecification\",\"valueRequired\":true,\"valueName\":\"search_term_string\"}}],\"inLanguage\":\"de\"},{\"@type\":\"Organization\",\"@id\":\"https:\\\/\\\/tttattoo.com\\\/de\\\/#organization\",\"name\":\"Kaufen Originelle Tempor\u00e4re Tattoos - TTTattoo\",\"url\":\"https:\\\/\\\/tttattoo.com\\\/de\\\/\",\"logo\":{\"@type\":\"ImageObject\",\"inLanguage\":\"de\",\"@id\":\"https:\\\/\\\/tttattoo.com\\\/de\\\/#\\\/schema\\\/logo\\\/image\\\/\",\"url\":\"https:\\\/\\\/tttattoo.com\\\/wp-content\\\/uploads\\\/2024\\\/03\\\/TTTattoo.png\",\"contentUrl\":\"https:\\\/\\\/tttattoo.com\\\/wp-content\\\/uploads\\\/2024\\\/03\\\/TTTattoo.png\",\"width\":500,\"height\":124,\"caption\":\"Kaufen Originelle Tempor\u00e4re Tattoos - TTTattoo\"},\"image\":{\"@id\":\"https:\\\/\\\/tttattoo.com\\\/de\\\/#\\\/schema\\\/logo\\\/image\\\/\"}}]}<\/script>\n<!-- \/ Yoast SEO plugin. -->","yoast_head_json":{"title":"Ufo tattoo| Tempor\u00e4res tattoo","description":"TTTattoo ist dein Onlineshop f\u00fcr tempor\u00e4re Tattoos","robots":{"index":"index","follow":"follow","max-snippet":"max-snippet:-1","max-image-preview":"max-image-preview:large","max-video-preview":"max-video-preview:-1"},"canonical":"https:\/\/tttattoo.com\/de\/product\/ufo-tattoo\/","og_locale":"de_DE","og_type":"article","og_title":"Ufo tattoo| Tempor\u00e4res tattoo","og_description":"TTTattoo ist dein Onlineshop f\u00fcr tempor\u00e4re Tattoos","og_url":"https:\/\/tttattoo.com\/de\/product\/ufo-tattoo\/","og_site_name":"Kaufen Originelle Tempor\u00e4re Tattoos - TTTattoo","article_modified_time":"2024-03-23T18:31:56+00:00","og_image":[{"width":1000,"height":1000,"url":"https:\/\/tttattoo.com\/wp-content\/uploads\/2014\/03\/2206-ufo.jpg","type":"image\/jpeg"}],"twitter_card":"summary_large_image","schema":{"@context":"https:\/\/schema.org","@graph":[{"@type":"WebPage","@id":"https:\/\/tttattoo.com\/de\/product\/ufo-tattoo\/","url":"https:\/\/tttattoo.com\/de\/product\/ufo-tattoo\/","name":"Ufo tattoo| Tempor\u00e4res tattoo","isPartOf":{"@id":"https:\/\/tttattoo.com\/de\/#website"},"primaryImageOfPage":{"@id":"https:\/\/tttattoo.com\/de\/product\/ufo-tattoo\/#primaryimage"},"image":{"@id":"https:\/\/tttattoo.com\/de\/product\/ufo-tattoo\/#primaryimage"},"thumbnailUrl":"https:\/\/tttattoo.com\/wp-content\/uploads\/2014\/03\/2206-ufo.jpg","datePublished":"2014-03-07T19:35:45+00:00","dateModified":"2024-03-23T18:31:56+00:00","description":"TTTattoo ist dein Onlineshop f\u00fcr tempor\u00e4re Tattoos","breadcrumb":{"@id":"https:\/\/tttattoo.com\/de\/product\/ufo-tattoo\/#breadcrumb"},"inLanguage":"de","potentialAction":[{"@type":"ReadAction","target":["https:\/\/tttattoo.com\/de\/product\/ufo-tattoo\/"]}]},{"@type":"ImageObject","inLanguage":"de","@id":"https:\/\/tttattoo.com\/de\/product\/ufo-tattoo\/#primaryimage","url":"https:\/\/tttattoo.com\/wp-content\/uploads\/2014\/03\/2206-ufo.jpg","contentUrl":"https:\/\/tttattoo.com\/wp-content\/uploads\/2014\/03\/2206-ufo.jpg","width":1000,"height":1000,"caption":"ufo"},{"@type":"BreadcrumbList","@id":"https:\/\/tttattoo.com\/de\/product\/ufo-tattoo\/#breadcrumb","itemListElement":[{"@type":"ListItem","position":1,"name":"Portada","item":"https:\/\/tttattoo.com\/de\/zuhause\/"},{"@type":"ListItem","position":2,"name":"Shop","item":"https:\/\/tttattoo.com\/shop\/"},{"@type":"ListItem","position":3,"name":"Kosmischer Flieger"}]},{"@type":"WebSite","@id":"https:\/\/tttattoo.com\/de\/#website","url":"https:\/\/tttattoo.com\/de\/","name":"Kaufen Originelle Tempor\u00e4re Tattoos - TTTattoo","description":"Bei TTTattoo k\u00f6nnen Sie originale tempor\u00e4re Tattoos in Top-Qualit\u00e4t kaufen. Wir haben einen umfangreichen Katalog und Sie k\u00f6nnen ihn auch individuell anpassen! Wagen Sie es, mit Ihrer Kreativit\u00e4t zu spielen.","publisher":{"@id":"https:\/\/tttattoo.com\/de\/#organization"},"potentialAction":[{"@type":"SearchAction","target":{"@type":"EntryPoint","urlTemplate":"https:\/\/tttattoo.com\/de\/?s={search_term_string}"},"query-input":{"@type":"PropertyValueSpecification","valueRequired":true,"valueName":"search_term_string"}}],"inLanguage":"de"},{"@type":"Organization","@id":"https:\/\/tttattoo.com\/de\/#organization","name":"Kaufen Originelle Tempor\u00e4re Tattoos - TTTattoo","url":"https:\/\/tttattoo.com\/de\/","logo":{"@type":"ImageObject","inLanguage":"de","@id":"https:\/\/tttattoo.com\/de\/#\/schema\/logo\/image\/","url":"https:\/\/tttattoo.com\/wp-content\/uploads\/2024\/03\/TTTattoo.png","contentUrl":"https:\/\/tttattoo.com\/wp-content\/uploads\/2024\/03\/TTTattoo.png","width":500,"height":124,"caption":"Kaufen Originelle Tempor\u00e4re Tattoos - TTTattoo"},"image":{"@id":"https:\/\/tttattoo.com\/de\/#\/schema\/logo\/image\/"}}]}},"_links":{"self":[{"href":"https:\/\/tttattoo.com\/de\/wp-json\/wp\/v2\/product\/648","targetHints":{"allow":["GET"]}}],"collection":[{"href":"https:\/\/tttattoo.com\/de\/wp-json\/wp\/v2\/product"}],"about":[{"href":"https:\/\/tttattoo.com\/de\/wp-json\/wp\/v2\/types\/product"}],"replies":[{"embeddable":true,"href":"https:\/\/tttattoo.com\/de\/wp-json\/wp\/v2\/comments?post=648"}],"wp:featuredmedia":[{"embeddable":true,"href":"https:\/\/tttattoo.com\/de\/wp-json\/wp\/v2\/media\/634"}],"wp:attachment":[{"href":"https:\/\/tttattoo.com\/de\/wp-json\/wp\/v2\/media?parent=648"}],"wp:term":[{"taxonomy":"product_brand","embeddable":true,"href":"https:\/\/tttattoo.com\/de\/wp-json\/wp\/v2\/product_brand?post=648"},{"taxonomy":"product_cat","embeddable":true,"href":"https:\/\/tttattoo.com\/de\/wp-json\/wp\/v2\/product_cat?post=648"},{"taxonomy":"product_tag","embeddable":true,"href":"https:\/\/tttattoo.com\/de\/wp-json\/wp\/v2\/product_tag?post=648"}],"curies":[{"name":"wp","href":"https:\/\/api.w.org\/{rel}","templated":true}]}}