{"id":3938,"date":"2021-09-10T12:43:57","date_gmt":"2021-09-10T10:43:57","guid":{"rendered":"https:\/\/tttattoo.com\/producto\/herz-aus-palmen\/"},"modified":"2021-09-10T12:43:57","modified_gmt":"2021-09-10T10:43:57","slug":"herz-aus-palmen","status":"publish","type":"product","link":"https:\/\/tttattoo.com\/de\/product\/herz-aus-palmen\/","title":{"rendered":"Herz aus Palmen"},"content":{"rendered":"","protected":false},"excerpt":{"rendered":"<p>Menge:\u00a03 in einem Set<br \/>Gr\u00f6\u00dfe:\u00a02 cm \/ 4 cm<br \/>Sicher und ungiftig<\/p>\n","protected":false},"featured_media":3924,"comment_status":"open","ping_status":"closed","template":"","meta":[],"product_brand":[],"product_cat":[20,30],"product_tag":[],"class_list":{"0":"post-3938","1":"product","2":"type-product","3":"status-publish","4":"has-post-thumbnail","6":"product_cat-alle-de","7":"product_cat-kleines-de","9":"first","10":"instock","11":"shipping-taxable","12":"purchasable","13":"product-type-simple"},"yoast_head":"<!-- This site is optimized with the Yoast SEO plugin v27.4 - https:\/\/yoast.com\/product\/yoast-seo-wordpress\/ -->\n<title>Herz aus Palmen - Kaufen Originelle Tempor\u00e4re Tattoos - TTTattoo<\/title>\n<meta name=\"robots\" content=\"index, follow, max-snippet:-1, max-image-preview:large, max-video-preview:-1\" \/>\n<link rel=\"canonical\" href=\"https:\/\/tttattoo.com\/de\/product\/herz-aus-palmen\/\" \/>\n<meta property=\"og:locale\" content=\"de_DE\" \/>\n<meta property=\"og:type\" content=\"article\" \/>\n<meta property=\"og:title\" content=\"Herz aus Palmen - Kaufen Originelle Tempor\u00e4re Tattoos - TTTattoo\" \/>\n<meta property=\"og:description\" content=\"Menge:\u00a03 in einem SetGr\u00f6\u00dfe:\u00a02 cm \/ 4 cmSicher und ungiftig\" \/>\n<meta property=\"og:url\" content=\"https:\/\/tttattoo.com\/de\/product\/herz-aus-palmen\/\" \/>\n<meta property=\"og:site_name\" content=\"Kaufen Originelle Tempor\u00e4re Tattoos - TTTattoo\" \/>\n<meta property=\"og:image\" content=\"https:\/\/tttattoo.com\/wp-content\/uploads\/2021\/09\/2037-Heart-of-Palms.jpg\" \/>\n\t<meta property=\"og:image:width\" content=\"1000\" \/>\n\t<meta property=\"og:image:height\" content=\"1000\" \/>\n\t<meta property=\"og:image:type\" content=\"image\/jpeg\" \/>\n<meta name=\"twitter:card\" content=\"summary_large_image\" \/>\n<script type=\"application\/ld+json\" class=\"yoast-schema-graph\">{\"@context\":\"https:\\\/\\\/schema.org\",\"@graph\":[{\"@type\":\"WebPage\",\"@id\":\"https:\\\/\\\/tttattoo.com\\\/de\\\/product\\\/herz-aus-palmen\\\/\",\"url\":\"https:\\\/\\\/tttattoo.com\\\/de\\\/product\\\/herz-aus-palmen\\\/\",\"name\":\"Herz aus Palmen - Kaufen Originelle Tempor\u00e4re Tattoos - TTTattoo\",\"isPartOf\":{\"@id\":\"https:\\\/\\\/tttattoo.com\\\/de\\\/#website\"},\"primaryImageOfPage\":{\"@id\":\"https:\\\/\\\/tttattoo.com\\\/de\\\/product\\\/herz-aus-palmen\\\/#primaryimage\"},\"image\":{\"@id\":\"https:\\\/\\\/tttattoo.com\\\/de\\\/product\\\/herz-aus-palmen\\\/#primaryimage\"},\"thumbnailUrl\":\"https:\\\/\\\/tttattoo.com\\\/wp-content\\\/uploads\\\/2021\\\/09\\\/2037-Heart-of-Palms.jpg\",\"datePublished\":\"2021-09-10T10:43:57+00:00\",\"breadcrumb\":{\"@id\":\"https:\\\/\\\/tttattoo.com\\\/de\\\/product\\\/herz-aus-palmen\\\/#breadcrumb\"},\"inLanguage\":\"de\",\"potentialAction\":[{\"@type\":\"ReadAction\",\"target\":[\"https:\\\/\\\/tttattoo.com\\\/de\\\/product\\\/herz-aus-palmen\\\/\"]}]},{\"@type\":\"ImageObject\",\"inLanguage\":\"de\",\"@id\":\"https:\\\/\\\/tttattoo.com\\\/de\\\/product\\\/herz-aus-palmen\\\/#primaryimage\",\"url\":\"https:\\\/\\\/tttattoo.com\\\/wp-content\\\/uploads\\\/2021\\\/09\\\/2037-Heart-of-Palms.jpg\",\"contentUrl\":\"https:\\\/\\\/tttattoo.com\\\/wp-content\\\/uploads\\\/2021\\\/09\\\/2037-Heart-of-Palms.jpg\",\"width\":1000,\"height\":1000,\"caption\":\"Heart of Palms\"},{\"@type\":\"BreadcrumbList\",\"@id\":\"https:\\\/\\\/tttattoo.com\\\/de\\\/product\\\/herz-aus-palmen\\\/#breadcrumb\",\"itemListElement\":[{\"@type\":\"ListItem\",\"position\":1,\"name\":\"Portada\",\"item\":\"https:\\\/\\\/tttattoo.com\\\/de\\\/zuhause\\\/\"},{\"@type\":\"ListItem\",\"position\":2,\"name\":\"Shop\",\"item\":\"https:\\\/\\\/tttattoo.com\\\/shop\\\/\"},{\"@type\":\"ListItem\",\"position\":3,\"name\":\"Herz aus Palmen\"}]},{\"@type\":\"WebSite\",\"@id\":\"https:\\\/\\\/tttattoo.com\\\/de\\\/#website\",\"url\":\"https:\\\/\\\/tttattoo.com\\\/de\\\/\",\"name\":\"Kaufen Originelle Tempor\u00e4re Tattoos - TTTattoo\",\"description\":\"Bei TTTattoo k\u00f6nnen Sie originale tempor\u00e4re Tattoos in Top-Qualit\u00e4t kaufen. Wir haben einen umfangreichen Katalog und Sie k\u00f6nnen ihn auch individuell anpassen! Wagen Sie es, mit Ihrer Kreativit\u00e4t zu spielen.\",\"publisher\":{\"@id\":\"https:\\\/\\\/tttattoo.com\\\/de\\\/#organization\"},\"potentialAction\":[{\"@type\":\"SearchAction\",\"target\":{\"@type\":\"EntryPoint\",\"urlTemplate\":\"https:\\\/\\\/tttattoo.com\\\/de\\\/?s={search_term_string}\"},\"query-input\":{\"@type\":\"PropertyValueSpecification\",\"valueRequired\":true,\"valueName\":\"search_term_string\"}}],\"inLanguage\":\"de\"},{\"@type\":\"Organization\",\"@id\":\"https:\\\/\\\/tttattoo.com\\\/de\\\/#organization\",\"name\":\"Kaufen Originelle Tempor\u00e4re Tattoos - TTTattoo\",\"url\":\"https:\\\/\\\/tttattoo.com\\\/de\\\/\",\"logo\":{\"@type\":\"ImageObject\",\"inLanguage\":\"de\",\"@id\":\"https:\\\/\\\/tttattoo.com\\\/de\\\/#\\\/schema\\\/logo\\\/image\\\/\",\"url\":\"https:\\\/\\\/tttattoo.com\\\/wp-content\\\/uploads\\\/2024\\\/03\\\/TTTattoo.png\",\"contentUrl\":\"https:\\\/\\\/tttattoo.com\\\/wp-content\\\/uploads\\\/2024\\\/03\\\/TTTattoo.png\",\"width\":500,\"height\":124,\"caption\":\"Kaufen Originelle Tempor\u00e4re Tattoos - TTTattoo\"},\"image\":{\"@id\":\"https:\\\/\\\/tttattoo.com\\\/de\\\/#\\\/schema\\\/logo\\\/image\\\/\"}}]}<\/script>\n<!-- \/ Yoast SEO plugin. -->","yoast_head_json":{"title":"Herz aus Palmen - Kaufen Originelle Tempor\u00e4re Tattoos - TTTattoo","robots":{"index":"index","follow":"follow","max-snippet":"max-snippet:-1","max-image-preview":"max-image-preview:large","max-video-preview":"max-video-preview:-1"},"canonical":"https:\/\/tttattoo.com\/de\/product\/herz-aus-palmen\/","og_locale":"de_DE","og_type":"article","og_title":"Herz aus Palmen - Kaufen Originelle Tempor\u00e4re Tattoos - TTTattoo","og_description":"Menge:\u00a03 in einem SetGr\u00f6\u00dfe:\u00a02 cm \/ 4 cmSicher und ungiftig","og_url":"https:\/\/tttattoo.com\/de\/product\/herz-aus-palmen\/","og_site_name":"Kaufen Originelle Tempor\u00e4re Tattoos - TTTattoo","og_image":[{"width":1000,"height":1000,"url":"https:\/\/tttattoo.com\/wp-content\/uploads\/2021\/09\/2037-Heart-of-Palms.jpg","type":"image\/jpeg"}],"twitter_card":"summary_large_image","schema":{"@context":"https:\/\/schema.org","@graph":[{"@type":"WebPage","@id":"https:\/\/tttattoo.com\/de\/product\/herz-aus-palmen\/","url":"https:\/\/tttattoo.com\/de\/product\/herz-aus-palmen\/","name":"Herz aus Palmen - Kaufen Originelle Tempor\u00e4re Tattoos - TTTattoo","isPartOf":{"@id":"https:\/\/tttattoo.com\/de\/#website"},"primaryImageOfPage":{"@id":"https:\/\/tttattoo.com\/de\/product\/herz-aus-palmen\/#primaryimage"},"image":{"@id":"https:\/\/tttattoo.com\/de\/product\/herz-aus-palmen\/#primaryimage"},"thumbnailUrl":"https:\/\/tttattoo.com\/wp-content\/uploads\/2021\/09\/2037-Heart-of-Palms.jpg","datePublished":"2021-09-10T10:43:57+00:00","breadcrumb":{"@id":"https:\/\/tttattoo.com\/de\/product\/herz-aus-palmen\/#breadcrumb"},"inLanguage":"de","potentialAction":[{"@type":"ReadAction","target":["https:\/\/tttattoo.com\/de\/product\/herz-aus-palmen\/"]}]},{"@type":"ImageObject","inLanguage":"de","@id":"https:\/\/tttattoo.com\/de\/product\/herz-aus-palmen\/#primaryimage","url":"https:\/\/tttattoo.com\/wp-content\/uploads\/2021\/09\/2037-Heart-of-Palms.jpg","contentUrl":"https:\/\/tttattoo.com\/wp-content\/uploads\/2021\/09\/2037-Heart-of-Palms.jpg","width":1000,"height":1000,"caption":"Heart of Palms"},{"@type":"BreadcrumbList","@id":"https:\/\/tttattoo.com\/de\/product\/herz-aus-palmen\/#breadcrumb","itemListElement":[{"@type":"ListItem","position":1,"name":"Portada","item":"https:\/\/tttattoo.com\/de\/zuhause\/"},{"@type":"ListItem","position":2,"name":"Shop","item":"https:\/\/tttattoo.com\/shop\/"},{"@type":"ListItem","position":3,"name":"Herz aus Palmen"}]},{"@type":"WebSite","@id":"https:\/\/tttattoo.com\/de\/#website","url":"https:\/\/tttattoo.com\/de\/","name":"Kaufen Originelle Tempor\u00e4re Tattoos - TTTattoo","description":"Bei TTTattoo k\u00f6nnen Sie originale tempor\u00e4re Tattoos in Top-Qualit\u00e4t kaufen. Wir haben einen umfangreichen Katalog und Sie k\u00f6nnen ihn auch individuell anpassen! Wagen Sie es, mit Ihrer Kreativit\u00e4t zu spielen.","publisher":{"@id":"https:\/\/tttattoo.com\/de\/#organization"},"potentialAction":[{"@type":"SearchAction","target":{"@type":"EntryPoint","urlTemplate":"https:\/\/tttattoo.com\/de\/?s={search_term_string}"},"query-input":{"@type":"PropertyValueSpecification","valueRequired":true,"valueName":"search_term_string"}}],"inLanguage":"de"},{"@type":"Organization","@id":"https:\/\/tttattoo.com\/de\/#organization","name":"Kaufen Originelle Tempor\u00e4re Tattoos - TTTattoo","url":"https:\/\/tttattoo.com\/de\/","logo":{"@type":"ImageObject","inLanguage":"de","@id":"https:\/\/tttattoo.com\/de\/#\/schema\/logo\/image\/","url":"https:\/\/tttattoo.com\/wp-content\/uploads\/2024\/03\/TTTattoo.png","contentUrl":"https:\/\/tttattoo.com\/wp-content\/uploads\/2024\/03\/TTTattoo.png","width":500,"height":124,"caption":"Kaufen Originelle Tempor\u00e4re Tattoos - TTTattoo"},"image":{"@id":"https:\/\/tttattoo.com\/de\/#\/schema\/logo\/image\/"}}]}},"_links":{"self":[{"href":"https:\/\/tttattoo.com\/de\/wp-json\/wp\/v2\/product\/3938","targetHints":{"allow":["GET"]}}],"collection":[{"href":"https:\/\/tttattoo.com\/de\/wp-json\/wp\/v2\/product"}],"about":[{"href":"https:\/\/tttattoo.com\/de\/wp-json\/wp\/v2\/types\/product"}],"replies":[{"embeddable":true,"href":"https:\/\/tttattoo.com\/de\/wp-json\/wp\/v2\/comments?post=3938"}],"wp:featuredmedia":[{"embeddable":true,"href":"https:\/\/tttattoo.com\/de\/wp-json\/wp\/v2\/media\/3924"}],"wp:attachment":[{"href":"https:\/\/tttattoo.com\/de\/wp-json\/wp\/v2\/media?parent=3938"}],"wp:term":[{"taxonomy":"product_brand","embeddable":true,"href":"https:\/\/tttattoo.com\/de\/wp-json\/wp\/v2\/product_brand?post=3938"},{"taxonomy":"product_cat","embeddable":true,"href":"https:\/\/tttattoo.com\/de\/wp-json\/wp\/v2\/product_cat?post=3938"},{"taxonomy":"product_tag","embeddable":true,"href":"https:\/\/tttattoo.com\/de\/wp-json\/wp\/v2\/product_tag?post=3938"}],"curies":[{"name":"wp","href":"https:\/\/api.w.org\/{rel}","templated":true}]}}