{"id":3429,"date":"2021-01-26T20:35:00","date_gmt":"2021-01-26T19:35:00","guid":{"rendered":"https:\/\/tttattoo.com\/producto\/shoulder-custom-tattoo\/"},"modified":"2024-03-22T22:16:36","modified_gmt":"2024-03-22T21:16:36","slug":"shoulder-custom-tattoo","status":"publish","type":"product","link":"https:\/\/tttattoo.com\/de\/product\/shoulder-custom-tattoo\/","title":{"rendered":"Tattoo mit benutzerdefiniertem Text"},"content":{"rendered":"","protected":false},"excerpt":{"rendered":"<p>Bitte gebe die folgende Information in das &#8222;Bemerkungen f\u00fcr den Verk\u00e4ufer&#8220; Feld w\u00e4hrend des Abmeldens ein:<br \/>1) Ihr Wort oder Ihre Phrase f\u00fcr das Tattoo mit allen gew\u00fcnschten Zeilenumbr\u00fcchen.<br \/>2) Die Typografie, die Sie zwischen den Schriftarten ausw\u00e4hlen, die Sie hier sehen k\u00f6nnen:<img fetchpriority=\"high\" decoding=\"async\" class=\" size-full wp-image-3084\" src=\"https:\/\/tttattoo.com\/wp-content\/uploads\/2021\/01\/custom_frases_430N-custom-quotes-frases-world-tattoo.png\" alt=\"custom quotes frases world tattoo\" width=\"430\" height=\"610\" srcset=\"https:\/\/tttattoo.com\/wp-content\/uploads\/2021\/01\/custom_frases_430N-custom-quotes-frases-world-tattoo.png 430w, https:\/\/tttattoo.com\/wp-content\/uploads\/2021\/01\/custom_frases_430N-custom-quotes-frases-world-tattoo-211x300.png 211w\" sizes=\"(max-width: 430px) 100vw, 430px\" \/><\/p>\n<p>F\u00fcr jedes Tattoo, das Sie gekauft haben, senden wir Ihnen ein zweites kostenlos.<\/p>\n","protected":false},"featured_media":3076,"comment_status":"open","ping_status":"closed","template":"","meta":[],"product_brand":[],"product_cat":[25,1177,1181],"product_tag":[260,281,644],"class_list":{"0":"post-3429","1":"product","2":"type-product","3":"status-publish","4":"has-post-thumbnail","6":"product_cat-benutzerdefinierte-taet-de","7":"product_cat-best-sellers","8":"product_cat-bestseller","9":"product_tag-alle","10":"product_tag-custom-temporary-tattoos","11":"product_tag-design-your-own-tattoo","12":"pa_font-adam-de","13":"pa_font-american-de","14":"pa_font-army-de","15":"pa_font-baskerville-de","16":"pa_font-besom-de","17":"pa_font-blackhawk-de","18":"pa_font-blackletter-de","19":"pa_font-bromello-de","20":"pa_font-bukhari-de","21":"pa_font-channel-de","22":"pa_font-comic-de","23":"pa_font-cute-de","24":"pa_font-gabriel-de","25":"pa_font-halohand-de","26":"pa_font-helvetica-de","27":"pa_font-jellyka-de","28":"pa_font-label-de","29":"pa_font-moonflower-de","30":"pa_font-mytype-de","31":"pa_font-silver-de","32":"pa_font-tattoo-de","33":"pa_sizeshouder-14x4cm-de","34":"pa_sizeshouder-25x5cm-de","35":"pa_sizeshouder-36x6cm-de","36":"pa_sizeshouder-47x7cm-de","38":"first","39":"instock","40":"shipping-taxable","41":"purchasable","42":"product-type-variable","43":"has-default-attributes"},"yoast_head":"<!-- This site is optimized with the Yoast SEO plugin v27.4 - https:\/\/yoast.com\/product\/yoast-seo-wordpress\/ -->\n<title>design your own tattoo<\/title>\n<meta name=\"description\" content=\"design your own tattoo\" \/>\n<meta name=\"robots\" content=\"index, follow, max-snippet:-1, max-image-preview:large, max-video-preview:-1\" \/>\n<link rel=\"canonical\" href=\"https:\/\/tttattoo.com\/de\/product\/shoulder-custom-tattoo\/\" \/>\n<meta property=\"og:locale\" content=\"de_DE\" \/>\n<meta property=\"og:type\" content=\"article\" \/>\n<meta property=\"og:title\" content=\"design your own tattoo\" \/>\n<meta property=\"og:description\" content=\"design your own tattoo\" \/>\n<meta property=\"og:url\" content=\"https:\/\/tttattoo.com\/de\/product\/shoulder-custom-tattoo\/\" \/>\n<meta property=\"og:site_name\" content=\"Kaufen Originelle Tempor\u00e4re Tattoos - TTTattoo\" \/>\n<meta property=\"article:modified_time\" content=\"2024-03-22T21:16:36+00:00\" \/>\n<meta property=\"og:image\" content=\"https:\/\/tttattoo.com\/wp-content\/uploads\/2021\/01\/2368-Custom-text-temporary-tattoo.jpg\" \/>\n\t<meta property=\"og:image:width\" content=\"1000\" \/>\n\t<meta property=\"og:image:height\" content=\"1000\" \/>\n\t<meta property=\"og:image:type\" content=\"image\/jpeg\" \/>\n<meta name=\"twitter:card\" content=\"summary_large_image\" \/>\n<script type=\"application\/ld+json\" class=\"yoast-schema-graph\">{\"@context\":\"https:\\\/\\\/schema.org\",\"@graph\":[{\"@type\":\"WebPage\",\"@id\":\"https:\\\/\\\/tttattoo.com\\\/de\\\/product\\\/shoulder-custom-tattoo\\\/\",\"url\":\"https:\\\/\\\/tttattoo.com\\\/de\\\/product\\\/shoulder-custom-tattoo\\\/\",\"name\":\"design your own tattoo\",\"isPartOf\":{\"@id\":\"https:\\\/\\\/tttattoo.com\\\/de\\\/#website\"},\"primaryImageOfPage\":{\"@id\":\"https:\\\/\\\/tttattoo.com\\\/de\\\/product\\\/shoulder-custom-tattoo\\\/#primaryimage\"},\"image\":{\"@id\":\"https:\\\/\\\/tttattoo.com\\\/de\\\/product\\\/shoulder-custom-tattoo\\\/#primaryimage\"},\"thumbnailUrl\":\"https:\\\/\\\/tttattoo.com\\\/wp-content\\\/uploads\\\/2021\\\/01\\\/2368-Custom-text-temporary-tattoo.jpg\",\"datePublished\":\"2021-01-26T19:35:00+00:00\",\"dateModified\":\"2024-03-22T21:16:36+00:00\",\"description\":\"design your own tattoo\",\"breadcrumb\":{\"@id\":\"https:\\\/\\\/tttattoo.com\\\/de\\\/product\\\/shoulder-custom-tattoo\\\/#breadcrumb\"},\"inLanguage\":\"de\",\"potentialAction\":[{\"@type\":\"ReadAction\",\"target\":[\"https:\\\/\\\/tttattoo.com\\\/de\\\/product\\\/shoulder-custom-tattoo\\\/\"]}]},{\"@type\":\"ImageObject\",\"inLanguage\":\"de\",\"@id\":\"https:\\\/\\\/tttattoo.com\\\/de\\\/product\\\/shoulder-custom-tattoo\\\/#primaryimage\",\"url\":\"https:\\\/\\\/tttattoo.com\\\/wp-content\\\/uploads\\\/2021\\\/01\\\/2368-Custom-text-temporary-tattoo.jpg\",\"contentUrl\":\"https:\\\/\\\/tttattoo.com\\\/wp-content\\\/uploads\\\/2021\\\/01\\\/2368-Custom-text-temporary-tattoo.jpg\",\"width\":1000,\"height\":1000},{\"@type\":\"BreadcrumbList\",\"@id\":\"https:\\\/\\\/tttattoo.com\\\/de\\\/product\\\/shoulder-custom-tattoo\\\/#breadcrumb\",\"itemListElement\":[{\"@type\":\"ListItem\",\"position\":1,\"name\":\"Portada\",\"item\":\"https:\\\/\\\/tttattoo.com\\\/de\\\/zuhause\\\/\"},{\"@type\":\"ListItem\",\"position\":2,\"name\":\"Shop\",\"item\":\"https:\\\/\\\/tttattoo.com\\\/shop\\\/\"},{\"@type\":\"ListItem\",\"position\":3,\"name\":\"Tattoo mit benutzerdefiniertem Text\"}]},{\"@type\":\"WebSite\",\"@id\":\"https:\\\/\\\/tttattoo.com\\\/de\\\/#website\",\"url\":\"https:\\\/\\\/tttattoo.com\\\/de\\\/\",\"name\":\"Kaufen Originelle Tempor\u00e4re Tattoos - TTTattoo\",\"description\":\"Bei TTTattoo k\u00f6nnen Sie originale tempor\u00e4re Tattoos in Top-Qualit\u00e4t kaufen. Wir haben einen umfangreichen Katalog und Sie k\u00f6nnen ihn auch individuell anpassen! Wagen Sie es, mit Ihrer Kreativit\u00e4t zu spielen.\",\"publisher\":{\"@id\":\"https:\\\/\\\/tttattoo.com\\\/de\\\/#organization\"},\"potentialAction\":[{\"@type\":\"SearchAction\",\"target\":{\"@type\":\"EntryPoint\",\"urlTemplate\":\"https:\\\/\\\/tttattoo.com\\\/de\\\/?s={search_term_string}\"},\"query-input\":{\"@type\":\"PropertyValueSpecification\",\"valueRequired\":true,\"valueName\":\"search_term_string\"}}],\"inLanguage\":\"de\"},{\"@type\":\"Organization\",\"@id\":\"https:\\\/\\\/tttattoo.com\\\/de\\\/#organization\",\"name\":\"Kaufen Originelle Tempor\u00e4re Tattoos - TTTattoo\",\"url\":\"https:\\\/\\\/tttattoo.com\\\/de\\\/\",\"logo\":{\"@type\":\"ImageObject\",\"inLanguage\":\"de\",\"@id\":\"https:\\\/\\\/tttattoo.com\\\/de\\\/#\\\/schema\\\/logo\\\/image\\\/\",\"url\":\"https:\\\/\\\/tttattoo.com\\\/wp-content\\\/uploads\\\/2024\\\/03\\\/TTTattoo.png\",\"contentUrl\":\"https:\\\/\\\/tttattoo.com\\\/wp-content\\\/uploads\\\/2024\\\/03\\\/TTTattoo.png\",\"width\":500,\"height\":124,\"caption\":\"Kaufen Originelle Tempor\u00e4re Tattoos - TTTattoo\"},\"image\":{\"@id\":\"https:\\\/\\\/tttattoo.com\\\/de\\\/#\\\/schema\\\/logo\\\/image\\\/\"}}]}<\/script>\n<!-- \/ Yoast SEO plugin. -->","yoast_head_json":{"title":"design your own tattoo","description":"design your own tattoo","robots":{"index":"index","follow":"follow","max-snippet":"max-snippet:-1","max-image-preview":"max-image-preview:large","max-video-preview":"max-video-preview:-1"},"canonical":"https:\/\/tttattoo.com\/de\/product\/shoulder-custom-tattoo\/","og_locale":"de_DE","og_type":"article","og_title":"design your own tattoo","og_description":"design your own tattoo","og_url":"https:\/\/tttattoo.com\/de\/product\/shoulder-custom-tattoo\/","og_site_name":"Kaufen Originelle Tempor\u00e4re Tattoos - TTTattoo","article_modified_time":"2024-03-22T21:16:36+00:00","og_image":[{"width":1000,"height":1000,"url":"https:\/\/tttattoo.com\/wp-content\/uploads\/2021\/01\/2368-Custom-text-temporary-tattoo.jpg","type":"image\/jpeg"}],"twitter_card":"summary_large_image","schema":{"@context":"https:\/\/schema.org","@graph":[{"@type":"WebPage","@id":"https:\/\/tttattoo.com\/de\/product\/shoulder-custom-tattoo\/","url":"https:\/\/tttattoo.com\/de\/product\/shoulder-custom-tattoo\/","name":"design your own tattoo","isPartOf":{"@id":"https:\/\/tttattoo.com\/de\/#website"},"primaryImageOfPage":{"@id":"https:\/\/tttattoo.com\/de\/product\/shoulder-custom-tattoo\/#primaryimage"},"image":{"@id":"https:\/\/tttattoo.com\/de\/product\/shoulder-custom-tattoo\/#primaryimage"},"thumbnailUrl":"https:\/\/tttattoo.com\/wp-content\/uploads\/2021\/01\/2368-Custom-text-temporary-tattoo.jpg","datePublished":"2021-01-26T19:35:00+00:00","dateModified":"2024-03-22T21:16:36+00:00","description":"design your own tattoo","breadcrumb":{"@id":"https:\/\/tttattoo.com\/de\/product\/shoulder-custom-tattoo\/#breadcrumb"},"inLanguage":"de","potentialAction":[{"@type":"ReadAction","target":["https:\/\/tttattoo.com\/de\/product\/shoulder-custom-tattoo\/"]}]},{"@type":"ImageObject","inLanguage":"de","@id":"https:\/\/tttattoo.com\/de\/product\/shoulder-custom-tattoo\/#primaryimage","url":"https:\/\/tttattoo.com\/wp-content\/uploads\/2021\/01\/2368-Custom-text-temporary-tattoo.jpg","contentUrl":"https:\/\/tttattoo.com\/wp-content\/uploads\/2021\/01\/2368-Custom-text-temporary-tattoo.jpg","width":1000,"height":1000},{"@type":"BreadcrumbList","@id":"https:\/\/tttattoo.com\/de\/product\/shoulder-custom-tattoo\/#breadcrumb","itemListElement":[{"@type":"ListItem","position":1,"name":"Portada","item":"https:\/\/tttattoo.com\/de\/zuhause\/"},{"@type":"ListItem","position":2,"name":"Shop","item":"https:\/\/tttattoo.com\/shop\/"},{"@type":"ListItem","position":3,"name":"Tattoo mit benutzerdefiniertem Text"}]},{"@type":"WebSite","@id":"https:\/\/tttattoo.com\/de\/#website","url":"https:\/\/tttattoo.com\/de\/","name":"Kaufen Originelle Tempor\u00e4re Tattoos - TTTattoo","description":"Bei TTTattoo k\u00f6nnen Sie originale tempor\u00e4re Tattoos in Top-Qualit\u00e4t kaufen. Wir haben einen umfangreichen Katalog und Sie k\u00f6nnen ihn auch individuell anpassen! Wagen Sie es, mit Ihrer Kreativit\u00e4t zu spielen.","publisher":{"@id":"https:\/\/tttattoo.com\/de\/#organization"},"potentialAction":[{"@type":"SearchAction","target":{"@type":"EntryPoint","urlTemplate":"https:\/\/tttattoo.com\/de\/?s={search_term_string}"},"query-input":{"@type":"PropertyValueSpecification","valueRequired":true,"valueName":"search_term_string"}}],"inLanguage":"de"},{"@type":"Organization","@id":"https:\/\/tttattoo.com\/de\/#organization","name":"Kaufen Originelle Tempor\u00e4re Tattoos - TTTattoo","url":"https:\/\/tttattoo.com\/de\/","logo":{"@type":"ImageObject","inLanguage":"de","@id":"https:\/\/tttattoo.com\/de\/#\/schema\/logo\/image\/","url":"https:\/\/tttattoo.com\/wp-content\/uploads\/2024\/03\/TTTattoo.png","contentUrl":"https:\/\/tttattoo.com\/wp-content\/uploads\/2024\/03\/TTTattoo.png","width":500,"height":124,"caption":"Kaufen Originelle Tempor\u00e4re Tattoos - TTTattoo"},"image":{"@id":"https:\/\/tttattoo.com\/de\/#\/schema\/logo\/image\/"}}]}},"_links":{"self":[{"href":"https:\/\/tttattoo.com\/de\/wp-json\/wp\/v2\/product\/3429","targetHints":{"allow":["GET"]}}],"collection":[{"href":"https:\/\/tttattoo.com\/de\/wp-json\/wp\/v2\/product"}],"about":[{"href":"https:\/\/tttattoo.com\/de\/wp-json\/wp\/v2\/types\/product"}],"replies":[{"embeddable":true,"href":"https:\/\/tttattoo.com\/de\/wp-json\/wp\/v2\/comments?post=3429"}],"wp:featuredmedia":[{"embeddable":true,"href":"https:\/\/tttattoo.com\/de\/wp-json\/wp\/v2\/media\/3076"}],"wp:attachment":[{"href":"https:\/\/tttattoo.com\/de\/wp-json\/wp\/v2\/media?parent=3429"}],"wp:term":[{"taxonomy":"product_brand","embeddable":true,"href":"https:\/\/tttattoo.com\/de\/wp-json\/wp\/v2\/product_brand?post=3429"},{"taxonomy":"product_cat","embeddable":true,"href":"https:\/\/tttattoo.com\/de\/wp-json\/wp\/v2\/product_cat?post=3429"},{"taxonomy":"product_tag","embeddable":true,"href":"https:\/\/tttattoo.com\/de\/wp-json\/wp\/v2\/product_tag?post=3429"}],"curies":[{"name":"wp","href":"https:\/\/api.w.org\/{rel}","templated":true}]}}