{"id":2793,"date":"2017-03-02T17:58:11","date_gmt":"2017-03-02T16:58:11","guid":{"rendered":"https:\/\/tttattoo.com\/producto\/holographische-glitzersterne-fuer-gesicht-und-koerper\/"},"modified":"2024-03-22T22:26:17","modified_gmt":"2024-03-22T21:26:17","slug":"holographische-glitzersterne-fuer-gesicht-und-koerper","status":"publish","type":"product","link":"https:\/\/tttattoo.com\/de\/product\/holographische-glitzersterne-fuer-gesicht-und-koerper\/","title":{"rendered":"Holographische Glitzersterne f\u00fcr Gesicht und K\u00f6rper"},"content":{"rendered":"","protected":false},"excerpt":{"rendered":"<p>Holografische Glitzersterne von TTTattoo verleihen Ihrem Look Originalit\u00e4t und Glanz.<\/p>\n<p>Die Packung enth\u00e4lt 2 g Glitzersterne.<\/p>\n<p>ANWENDUNG: Glitzersterne k\u00f6nnen einfach mit Vaseline oder Wimpernkleber aufgetragen werden. Mit Make-up-Entferner entfernen.<\/p>\n","protected":false},"featured_media":2784,"comment_status":"open","ping_status":"closed","template":"","meta":[],"product_brand":[],"product_cat":[70],"product_tag":[],"class_list":{"0":"post-2793","1":"product","2":"type-product","3":"status-publish","4":"has-post-thumbnail","6":"product_cat-kristalle-de","8":"first","9":"instock","10":"shipping-taxable","11":"purchasable","12":"product-type-simple"},"yoast_head":"<!-- This site is optimized with the Yoast SEO plugin v27.4 - https:\/\/yoast.com\/product\/yoast-seo-wordpress\/ -->\n<title>Holographische Glitzersterne f\u00fcr Gesicht und K\u00f6rper<\/title>\n<meta name=\"description\" content=\"Holographische Glitzersterne f\u00fcr Gesicht und K\u00f6rper\" \/>\n<meta name=\"robots\" content=\"index, follow, max-snippet:-1, max-image-preview:large, max-video-preview:-1\" \/>\n<link rel=\"canonical\" href=\"https:\/\/tttattoo.com\/de\/product\/holographische-glitzersterne-fuer-gesicht-und-koerper\/\" \/>\n<meta property=\"og:locale\" content=\"de_DE\" \/>\n<meta property=\"og:type\" content=\"article\" \/>\n<meta property=\"og:title\" content=\"Holographische Glitzersterne f\u00fcr Gesicht und K\u00f6rper\" \/>\n<meta property=\"og:description\" content=\"Holographische Glitzersterne f\u00fcr Gesicht und K\u00f6rper\" \/>\n<meta property=\"og:url\" content=\"https:\/\/tttattoo.com\/de\/product\/holographische-glitzersterne-fuer-gesicht-und-koerper\/\" \/>\n<meta property=\"og:site_name\" content=\"Kaufen Originelle Tempor\u00e4re Tattoos - TTTattoo\" \/>\n<meta property=\"article:modified_time\" content=\"2024-03-22T21:26:17+00:00\" \/>\n<meta property=\"og:image\" content=\"https:\/\/tttattoo.com\/wp-content\/uploads\/2017\/03\/2081-Stars-holographic-glitter-for-Face-and-Body.jpg\" \/>\n\t<meta property=\"og:image:width\" content=\"1000\" \/>\n\t<meta property=\"og:image:height\" content=\"1000\" \/>\n\t<meta property=\"og:image:type\" content=\"image\/jpeg\" \/>\n<meta name=\"twitter:card\" content=\"summary_large_image\" \/>\n<script type=\"application\/ld+json\" class=\"yoast-schema-graph\">{\"@context\":\"https:\\\/\\\/schema.org\",\"@graph\":[{\"@type\":\"WebPage\",\"@id\":\"https:\\\/\\\/tttattoo.com\\\/de\\\/product\\\/holographische-glitzersterne-fuer-gesicht-und-koerper\\\/\",\"url\":\"https:\\\/\\\/tttattoo.com\\\/de\\\/product\\\/holographische-glitzersterne-fuer-gesicht-und-koerper\\\/\",\"name\":\"Holographische Glitzersterne f\u00fcr Gesicht und K\u00f6rper\",\"isPartOf\":{\"@id\":\"https:\\\/\\\/tttattoo.com\\\/de\\\/#website\"},\"primaryImageOfPage\":{\"@id\":\"https:\\\/\\\/tttattoo.com\\\/de\\\/product\\\/holographische-glitzersterne-fuer-gesicht-und-koerper\\\/#primaryimage\"},\"image\":{\"@id\":\"https:\\\/\\\/tttattoo.com\\\/de\\\/product\\\/holographische-glitzersterne-fuer-gesicht-und-koerper\\\/#primaryimage\"},\"thumbnailUrl\":\"https:\\\/\\\/tttattoo.com\\\/wp-content\\\/uploads\\\/2017\\\/03\\\/2081-Stars-holographic-glitter-for-Face-and-Body.jpg\",\"datePublished\":\"2017-03-02T16:58:11+00:00\",\"dateModified\":\"2024-03-22T21:26:17+00:00\",\"description\":\"Holographische Glitzersterne f\u00fcr Gesicht und K\u00f6rper\",\"breadcrumb\":{\"@id\":\"https:\\\/\\\/tttattoo.com\\\/de\\\/product\\\/holographische-glitzersterne-fuer-gesicht-und-koerper\\\/#breadcrumb\"},\"inLanguage\":\"de\",\"potentialAction\":[{\"@type\":\"ReadAction\",\"target\":[\"https:\\\/\\\/tttattoo.com\\\/de\\\/product\\\/holographische-glitzersterne-fuer-gesicht-und-koerper\\\/\"]}]},{\"@type\":\"ImageObject\",\"inLanguage\":\"de\",\"@id\":\"https:\\\/\\\/tttattoo.com\\\/de\\\/product\\\/holographische-glitzersterne-fuer-gesicht-und-koerper\\\/#primaryimage\",\"url\":\"https:\\\/\\\/tttattoo.com\\\/wp-content\\\/uploads\\\/2017\\\/03\\\/2081-Stars-holographic-glitter-for-Face-and-Body.jpg\",\"contentUrl\":\"https:\\\/\\\/tttattoo.com\\\/wp-content\\\/uploads\\\/2017\\\/03\\\/2081-Stars-holographic-glitter-for-Face-and-Body.jpg\",\"width\":1000,\"height\":1000,\"caption\":\"Stars holographic glitter for Face and Body\"},{\"@type\":\"BreadcrumbList\",\"@id\":\"https:\\\/\\\/tttattoo.com\\\/de\\\/product\\\/holographische-glitzersterne-fuer-gesicht-und-koerper\\\/#breadcrumb\",\"itemListElement\":[{\"@type\":\"ListItem\",\"position\":1,\"name\":\"Portada\",\"item\":\"https:\\\/\\\/tttattoo.com\\\/de\\\/zuhause\\\/\"},{\"@type\":\"ListItem\",\"position\":2,\"name\":\"Shop\",\"item\":\"https:\\\/\\\/tttattoo.com\\\/shop\\\/\"},{\"@type\":\"ListItem\",\"position\":3,\"name\":\"Holographische Glitzersterne f\u00fcr Gesicht und K\u00f6rper\"}]},{\"@type\":\"WebSite\",\"@id\":\"https:\\\/\\\/tttattoo.com\\\/de\\\/#website\",\"url\":\"https:\\\/\\\/tttattoo.com\\\/de\\\/\",\"name\":\"Kaufen Originelle Tempor\u00e4re Tattoos - TTTattoo\",\"description\":\"Bei TTTattoo k\u00f6nnen Sie originale tempor\u00e4re Tattoos in Top-Qualit\u00e4t kaufen. Wir haben einen umfangreichen Katalog und Sie k\u00f6nnen ihn auch individuell anpassen! Wagen Sie es, mit Ihrer Kreativit\u00e4t zu spielen.\",\"publisher\":{\"@id\":\"https:\\\/\\\/tttattoo.com\\\/de\\\/#organization\"},\"potentialAction\":[{\"@type\":\"SearchAction\",\"target\":{\"@type\":\"EntryPoint\",\"urlTemplate\":\"https:\\\/\\\/tttattoo.com\\\/de\\\/?s={search_term_string}\"},\"query-input\":{\"@type\":\"PropertyValueSpecification\",\"valueRequired\":true,\"valueName\":\"search_term_string\"}}],\"inLanguage\":\"de\"},{\"@type\":\"Organization\",\"@id\":\"https:\\\/\\\/tttattoo.com\\\/de\\\/#organization\",\"name\":\"Kaufen Originelle Tempor\u00e4re Tattoos - TTTattoo\",\"url\":\"https:\\\/\\\/tttattoo.com\\\/de\\\/\",\"logo\":{\"@type\":\"ImageObject\",\"inLanguage\":\"de\",\"@id\":\"https:\\\/\\\/tttattoo.com\\\/de\\\/#\\\/schema\\\/logo\\\/image\\\/\",\"url\":\"https:\\\/\\\/tttattoo.com\\\/wp-content\\\/uploads\\\/2024\\\/03\\\/TTTattoo.png\",\"contentUrl\":\"https:\\\/\\\/tttattoo.com\\\/wp-content\\\/uploads\\\/2024\\\/03\\\/TTTattoo.png\",\"width\":500,\"height\":124,\"caption\":\"Kaufen Originelle Tempor\u00e4re Tattoos - TTTattoo\"},\"image\":{\"@id\":\"https:\\\/\\\/tttattoo.com\\\/de\\\/#\\\/schema\\\/logo\\\/image\\\/\"}}]}<\/script>\n<!-- \/ Yoast SEO plugin. -->","yoast_head_json":{"title":"Holographische Glitzersterne f\u00fcr Gesicht und K\u00f6rper","description":"Holographische Glitzersterne f\u00fcr Gesicht und K\u00f6rper","robots":{"index":"index","follow":"follow","max-snippet":"max-snippet:-1","max-image-preview":"max-image-preview:large","max-video-preview":"max-video-preview:-1"},"canonical":"https:\/\/tttattoo.com\/de\/product\/holographische-glitzersterne-fuer-gesicht-und-koerper\/","og_locale":"de_DE","og_type":"article","og_title":"Holographische Glitzersterne f\u00fcr Gesicht und K\u00f6rper","og_description":"Holographische Glitzersterne f\u00fcr Gesicht und K\u00f6rper","og_url":"https:\/\/tttattoo.com\/de\/product\/holographische-glitzersterne-fuer-gesicht-und-koerper\/","og_site_name":"Kaufen Originelle Tempor\u00e4re Tattoos - TTTattoo","article_modified_time":"2024-03-22T21:26:17+00:00","og_image":[{"width":1000,"height":1000,"url":"https:\/\/tttattoo.com\/wp-content\/uploads\/2017\/03\/2081-Stars-holographic-glitter-for-Face-and-Body.jpg","type":"image\/jpeg"}],"twitter_card":"summary_large_image","schema":{"@context":"https:\/\/schema.org","@graph":[{"@type":"WebPage","@id":"https:\/\/tttattoo.com\/de\/product\/holographische-glitzersterne-fuer-gesicht-und-koerper\/","url":"https:\/\/tttattoo.com\/de\/product\/holographische-glitzersterne-fuer-gesicht-und-koerper\/","name":"Holographische Glitzersterne f\u00fcr Gesicht und K\u00f6rper","isPartOf":{"@id":"https:\/\/tttattoo.com\/de\/#website"},"primaryImageOfPage":{"@id":"https:\/\/tttattoo.com\/de\/product\/holographische-glitzersterne-fuer-gesicht-und-koerper\/#primaryimage"},"image":{"@id":"https:\/\/tttattoo.com\/de\/product\/holographische-glitzersterne-fuer-gesicht-und-koerper\/#primaryimage"},"thumbnailUrl":"https:\/\/tttattoo.com\/wp-content\/uploads\/2017\/03\/2081-Stars-holographic-glitter-for-Face-and-Body.jpg","datePublished":"2017-03-02T16:58:11+00:00","dateModified":"2024-03-22T21:26:17+00:00","description":"Holographische Glitzersterne f\u00fcr Gesicht und K\u00f6rper","breadcrumb":{"@id":"https:\/\/tttattoo.com\/de\/product\/holographische-glitzersterne-fuer-gesicht-und-koerper\/#breadcrumb"},"inLanguage":"de","potentialAction":[{"@type":"ReadAction","target":["https:\/\/tttattoo.com\/de\/product\/holographische-glitzersterne-fuer-gesicht-und-koerper\/"]}]},{"@type":"ImageObject","inLanguage":"de","@id":"https:\/\/tttattoo.com\/de\/product\/holographische-glitzersterne-fuer-gesicht-und-koerper\/#primaryimage","url":"https:\/\/tttattoo.com\/wp-content\/uploads\/2017\/03\/2081-Stars-holographic-glitter-for-Face-and-Body.jpg","contentUrl":"https:\/\/tttattoo.com\/wp-content\/uploads\/2017\/03\/2081-Stars-holographic-glitter-for-Face-and-Body.jpg","width":1000,"height":1000,"caption":"Stars holographic glitter for Face and Body"},{"@type":"BreadcrumbList","@id":"https:\/\/tttattoo.com\/de\/product\/holographische-glitzersterne-fuer-gesicht-und-koerper\/#breadcrumb","itemListElement":[{"@type":"ListItem","position":1,"name":"Portada","item":"https:\/\/tttattoo.com\/de\/zuhause\/"},{"@type":"ListItem","position":2,"name":"Shop","item":"https:\/\/tttattoo.com\/shop\/"},{"@type":"ListItem","position":3,"name":"Holographische Glitzersterne f\u00fcr Gesicht und K\u00f6rper"}]},{"@type":"WebSite","@id":"https:\/\/tttattoo.com\/de\/#website","url":"https:\/\/tttattoo.com\/de\/","name":"Kaufen Originelle Tempor\u00e4re Tattoos - TTTattoo","description":"Bei TTTattoo k\u00f6nnen Sie originale tempor\u00e4re Tattoos in Top-Qualit\u00e4t kaufen. Wir haben einen umfangreichen Katalog und Sie k\u00f6nnen ihn auch individuell anpassen! Wagen Sie es, mit Ihrer Kreativit\u00e4t zu spielen.","publisher":{"@id":"https:\/\/tttattoo.com\/de\/#organization"},"potentialAction":[{"@type":"SearchAction","target":{"@type":"EntryPoint","urlTemplate":"https:\/\/tttattoo.com\/de\/?s={search_term_string}"},"query-input":{"@type":"PropertyValueSpecification","valueRequired":true,"valueName":"search_term_string"}}],"inLanguage":"de"},{"@type":"Organization","@id":"https:\/\/tttattoo.com\/de\/#organization","name":"Kaufen Originelle Tempor\u00e4re Tattoos - TTTattoo","url":"https:\/\/tttattoo.com\/de\/","logo":{"@type":"ImageObject","inLanguage":"de","@id":"https:\/\/tttattoo.com\/de\/#\/schema\/logo\/image\/","url":"https:\/\/tttattoo.com\/wp-content\/uploads\/2024\/03\/TTTattoo.png","contentUrl":"https:\/\/tttattoo.com\/wp-content\/uploads\/2024\/03\/TTTattoo.png","width":500,"height":124,"caption":"Kaufen Originelle Tempor\u00e4re Tattoos - TTTattoo"},"image":{"@id":"https:\/\/tttattoo.com\/de\/#\/schema\/logo\/image\/"}}]}},"_links":{"self":[{"href":"https:\/\/tttattoo.com\/de\/wp-json\/wp\/v2\/product\/2793","targetHints":{"allow":["GET"]}}],"collection":[{"href":"https:\/\/tttattoo.com\/de\/wp-json\/wp\/v2\/product"}],"about":[{"href":"https:\/\/tttattoo.com\/de\/wp-json\/wp\/v2\/types\/product"}],"replies":[{"embeddable":true,"href":"https:\/\/tttattoo.com\/de\/wp-json\/wp\/v2\/comments?post=2793"}],"wp:featuredmedia":[{"embeddable":true,"href":"https:\/\/tttattoo.com\/de\/wp-json\/wp\/v2\/media\/2784"}],"wp:attachment":[{"href":"https:\/\/tttattoo.com\/de\/wp-json\/wp\/v2\/media?parent=2793"}],"wp:term":[{"taxonomy":"product_brand","embeddable":true,"href":"https:\/\/tttattoo.com\/de\/wp-json\/wp\/v2\/product_brand?post=2793"},{"taxonomy":"product_cat","embeddable":true,"href":"https:\/\/tttattoo.com\/de\/wp-json\/wp\/v2\/product_cat?post=2793"},{"taxonomy":"product_tag","embeddable":true,"href":"https:\/\/tttattoo.com\/de\/wp-json\/wp\/v2\/product_tag?post=2793"}],"curies":[{"name":"wp","href":"https:\/\/api.w.org\/{rel}","templated":true}]}}