{"id":2468,"date":"2024-05-30T12:13:19","date_gmt":"2024-05-30T10:13:19","guid":{"rendered":"https:\/\/tttattoo.com\/?post_type=product&#038;p=2468"},"modified":"2024-05-30T12:13:20","modified_gmt":"2024-05-30T10:13:20","slug":"bindi-set-8","status":"publish","type":"product","link":"https:\/\/tttattoo.com\/de\/product\/bindi-set-8\/","title":{"rendered":"Primavera bindi set"},"content":{"rendered":"","protected":false},"excerpt":{"rendered":"<p>Verwende das Bindi wie es dir gef\u00e4llt, schm\u00fccke deine Stirn, deinen Bauchnabel, deinen Arm oder benutze es als Nasenstecker &#8211; die M\u00f6glichkeiten sind endlos.<\/p>\n<p>Wenn du es wiederverwenden m\u00f6chtest, trage einfach Hautkleber oder transparenten Wimpernkleber auf der R\u00fcckseite des Bindi auf und platzieren es. Wenn du es so verwendest, h\u00e4lt das Bindi sehr lange. <\/p>\n","protected":false},"featured_media":2454,"comment_status":"open","ping_status":"closed","template":"","meta":[],"product_brand":[],"product_cat":[70],"product_tag":[],"class_list":{"0":"post-2468","1":"product","2":"type-product","3":"status-publish","4":"has-post-thumbnail","6":"product_cat-kristalle-de","8":"first","9":"instock","10":"shipping-taxable","11":"purchasable","12":"product-type-simple"},"yoast_head":"<!-- This site is optimized with the Yoast SEO plugin v27.4 - https:\/\/yoast.com\/product\/yoast-seo-wordpress\/ -->\n<title>Bindi Self Adhesive Dots<\/title>\n<meta name=\"description\" content=\"Bindi Self Adhesive Dots\" \/>\n<meta name=\"robots\" content=\"index, follow, max-snippet:-1, max-image-preview:large, max-video-preview:-1\" \/>\n<link rel=\"canonical\" href=\"https:\/\/tttattoo.com\/de\/product\/bindi-set-8\/\" \/>\n<meta property=\"og:locale\" content=\"de_DE\" \/>\n<meta property=\"og:type\" content=\"article\" \/>\n<meta property=\"og:title\" content=\"Bindi Self Adhesive Dots\" \/>\n<meta property=\"og:description\" content=\"Bindi Self Adhesive Dots\" \/>\n<meta property=\"og:url\" content=\"https:\/\/tttattoo.com\/de\/product\/bindi-set-8\/\" \/>\n<meta property=\"og:site_name\" content=\"Kaufen Originelle Tempor\u00e4re Tattoos - TTTattoo\" \/>\n<meta property=\"article:modified_time\" content=\"2024-05-30T10:13:20+00:00\" \/>\n<meta property=\"og:image\" content=\"https:\/\/tttattoo.com\/wp-content\/uploads\/2016\/06\/1683-Primavera-bindi-set.jpg\" \/>\n\t<meta property=\"og:image:width\" content=\"300\" \/>\n\t<meta property=\"og:image:height\" content=\"300\" \/>\n\t<meta property=\"og:image:type\" content=\"image\/jpeg\" \/>\n<meta name=\"twitter:card\" content=\"summary_large_image\" \/>\n<script type=\"application\/ld+json\" class=\"yoast-schema-graph\">{\"@context\":\"https:\\\/\\\/schema.org\",\"@graph\":[{\"@type\":\"WebPage\",\"@id\":\"https:\\\/\\\/tttattoo.com\\\/de\\\/product\\\/bindi-set-8\\\/\",\"url\":\"https:\\\/\\\/tttattoo.com\\\/de\\\/product\\\/bindi-set-8\\\/\",\"name\":\"Bindi Self Adhesive Dots\",\"isPartOf\":{\"@id\":\"https:\\\/\\\/tttattoo.com\\\/de\\\/#website\"},\"primaryImageOfPage\":{\"@id\":\"https:\\\/\\\/tttattoo.com\\\/de\\\/product\\\/bindi-set-8\\\/#primaryimage\"},\"image\":{\"@id\":\"https:\\\/\\\/tttattoo.com\\\/de\\\/product\\\/bindi-set-8\\\/#primaryimage\"},\"thumbnailUrl\":\"https:\\\/\\\/tttattoo.com\\\/wp-content\\\/uploads\\\/2016\\\/06\\\/1683-Primavera-bindi-set.jpg\",\"datePublished\":\"2024-05-30T10:13:19+00:00\",\"dateModified\":\"2024-05-30T10:13:20+00:00\",\"description\":\"Bindi Self Adhesive Dots\",\"breadcrumb\":{\"@id\":\"https:\\\/\\\/tttattoo.com\\\/de\\\/product\\\/bindi-set-8\\\/#breadcrumb\"},\"inLanguage\":\"de\",\"potentialAction\":[{\"@type\":\"ReadAction\",\"target\":[\"https:\\\/\\\/tttattoo.com\\\/de\\\/product\\\/bindi-set-8\\\/\"]}]},{\"@type\":\"ImageObject\",\"inLanguage\":\"de\",\"@id\":\"https:\\\/\\\/tttattoo.com\\\/de\\\/product\\\/bindi-set-8\\\/#primaryimage\",\"url\":\"https:\\\/\\\/tttattoo.com\\\/wp-content\\\/uploads\\\/2016\\\/06\\\/1683-Primavera-bindi-set.jpg\",\"contentUrl\":\"https:\\\/\\\/tttattoo.com\\\/wp-content\\\/uploads\\\/2016\\\/06\\\/1683-Primavera-bindi-set.jpg\",\"width\":300,\"height\":300,\"caption\":\"Primavera bindi set\"},{\"@type\":\"BreadcrumbList\",\"@id\":\"https:\\\/\\\/tttattoo.com\\\/de\\\/product\\\/bindi-set-8\\\/#breadcrumb\",\"itemListElement\":[{\"@type\":\"ListItem\",\"position\":1,\"name\":\"Portada\",\"item\":\"https:\\\/\\\/tttattoo.com\\\/de\\\/zuhause\\\/\"},{\"@type\":\"ListItem\",\"position\":2,\"name\":\"Shop\",\"item\":\"https:\\\/\\\/tttattoo.com\\\/shop\\\/\"},{\"@type\":\"ListItem\",\"position\":3,\"name\":\"Primavera bindi set\"}]},{\"@type\":\"WebSite\",\"@id\":\"https:\\\/\\\/tttattoo.com\\\/de\\\/#website\",\"url\":\"https:\\\/\\\/tttattoo.com\\\/de\\\/\",\"name\":\"Kaufen Originelle Tempor\u00e4re Tattoos - TTTattoo\",\"description\":\"Bei TTTattoo k\u00f6nnen Sie originale tempor\u00e4re Tattoos in Top-Qualit\u00e4t kaufen. Wir haben einen umfangreichen Katalog und Sie k\u00f6nnen ihn auch individuell anpassen! Wagen Sie es, mit Ihrer Kreativit\u00e4t zu spielen.\",\"publisher\":{\"@id\":\"https:\\\/\\\/tttattoo.com\\\/de\\\/#organization\"},\"potentialAction\":[{\"@type\":\"SearchAction\",\"target\":{\"@type\":\"EntryPoint\",\"urlTemplate\":\"https:\\\/\\\/tttattoo.com\\\/de\\\/?s={search_term_string}\"},\"query-input\":{\"@type\":\"PropertyValueSpecification\",\"valueRequired\":true,\"valueName\":\"search_term_string\"}}],\"inLanguage\":\"de\"},{\"@type\":\"Organization\",\"@id\":\"https:\\\/\\\/tttattoo.com\\\/de\\\/#organization\",\"name\":\"Kaufen Originelle Tempor\u00e4re Tattoos - TTTattoo\",\"url\":\"https:\\\/\\\/tttattoo.com\\\/de\\\/\",\"logo\":{\"@type\":\"ImageObject\",\"inLanguage\":\"de\",\"@id\":\"https:\\\/\\\/tttattoo.com\\\/de\\\/#\\\/schema\\\/logo\\\/image\\\/\",\"url\":\"https:\\\/\\\/tttattoo.com\\\/wp-content\\\/uploads\\\/2024\\\/03\\\/TTTattoo.png\",\"contentUrl\":\"https:\\\/\\\/tttattoo.com\\\/wp-content\\\/uploads\\\/2024\\\/03\\\/TTTattoo.png\",\"width\":500,\"height\":124,\"caption\":\"Kaufen Originelle Tempor\u00e4re Tattoos - TTTattoo\"},\"image\":{\"@id\":\"https:\\\/\\\/tttattoo.com\\\/de\\\/#\\\/schema\\\/logo\\\/image\\\/\"}}]}<\/script>\n<!-- \/ Yoast SEO plugin. -->","yoast_head_json":{"title":"Bindi Self Adhesive Dots","description":"Bindi Self Adhesive Dots","robots":{"index":"index","follow":"follow","max-snippet":"max-snippet:-1","max-image-preview":"max-image-preview:large","max-video-preview":"max-video-preview:-1"},"canonical":"https:\/\/tttattoo.com\/de\/product\/bindi-set-8\/","og_locale":"de_DE","og_type":"article","og_title":"Bindi Self Adhesive Dots","og_description":"Bindi Self Adhesive Dots","og_url":"https:\/\/tttattoo.com\/de\/product\/bindi-set-8\/","og_site_name":"Kaufen Originelle Tempor\u00e4re Tattoos - TTTattoo","article_modified_time":"2024-05-30T10:13:20+00:00","og_image":[{"width":300,"height":300,"url":"https:\/\/tttattoo.com\/wp-content\/uploads\/2016\/06\/1683-Primavera-bindi-set.jpg","type":"image\/jpeg"}],"twitter_card":"summary_large_image","schema":{"@context":"https:\/\/schema.org","@graph":[{"@type":"WebPage","@id":"https:\/\/tttattoo.com\/de\/product\/bindi-set-8\/","url":"https:\/\/tttattoo.com\/de\/product\/bindi-set-8\/","name":"Bindi Self Adhesive Dots","isPartOf":{"@id":"https:\/\/tttattoo.com\/de\/#website"},"primaryImageOfPage":{"@id":"https:\/\/tttattoo.com\/de\/product\/bindi-set-8\/#primaryimage"},"image":{"@id":"https:\/\/tttattoo.com\/de\/product\/bindi-set-8\/#primaryimage"},"thumbnailUrl":"https:\/\/tttattoo.com\/wp-content\/uploads\/2016\/06\/1683-Primavera-bindi-set.jpg","datePublished":"2024-05-30T10:13:19+00:00","dateModified":"2024-05-30T10:13:20+00:00","description":"Bindi Self Adhesive Dots","breadcrumb":{"@id":"https:\/\/tttattoo.com\/de\/product\/bindi-set-8\/#breadcrumb"},"inLanguage":"de","potentialAction":[{"@type":"ReadAction","target":["https:\/\/tttattoo.com\/de\/product\/bindi-set-8\/"]}]},{"@type":"ImageObject","inLanguage":"de","@id":"https:\/\/tttattoo.com\/de\/product\/bindi-set-8\/#primaryimage","url":"https:\/\/tttattoo.com\/wp-content\/uploads\/2016\/06\/1683-Primavera-bindi-set.jpg","contentUrl":"https:\/\/tttattoo.com\/wp-content\/uploads\/2016\/06\/1683-Primavera-bindi-set.jpg","width":300,"height":300,"caption":"Primavera bindi set"},{"@type":"BreadcrumbList","@id":"https:\/\/tttattoo.com\/de\/product\/bindi-set-8\/#breadcrumb","itemListElement":[{"@type":"ListItem","position":1,"name":"Portada","item":"https:\/\/tttattoo.com\/de\/zuhause\/"},{"@type":"ListItem","position":2,"name":"Shop","item":"https:\/\/tttattoo.com\/shop\/"},{"@type":"ListItem","position":3,"name":"Primavera bindi set"}]},{"@type":"WebSite","@id":"https:\/\/tttattoo.com\/de\/#website","url":"https:\/\/tttattoo.com\/de\/","name":"Kaufen Originelle Tempor\u00e4re Tattoos - TTTattoo","description":"Bei TTTattoo k\u00f6nnen Sie originale tempor\u00e4re Tattoos in Top-Qualit\u00e4t kaufen. Wir haben einen umfangreichen Katalog und Sie k\u00f6nnen ihn auch individuell anpassen! Wagen Sie es, mit Ihrer Kreativit\u00e4t zu spielen.","publisher":{"@id":"https:\/\/tttattoo.com\/de\/#organization"},"potentialAction":[{"@type":"SearchAction","target":{"@type":"EntryPoint","urlTemplate":"https:\/\/tttattoo.com\/de\/?s={search_term_string}"},"query-input":{"@type":"PropertyValueSpecification","valueRequired":true,"valueName":"search_term_string"}}],"inLanguage":"de"},{"@type":"Organization","@id":"https:\/\/tttattoo.com\/de\/#organization","name":"Kaufen Originelle Tempor\u00e4re Tattoos - TTTattoo","url":"https:\/\/tttattoo.com\/de\/","logo":{"@type":"ImageObject","inLanguage":"de","@id":"https:\/\/tttattoo.com\/de\/#\/schema\/logo\/image\/","url":"https:\/\/tttattoo.com\/wp-content\/uploads\/2024\/03\/TTTattoo.png","contentUrl":"https:\/\/tttattoo.com\/wp-content\/uploads\/2024\/03\/TTTattoo.png","width":500,"height":124,"caption":"Kaufen Originelle Tempor\u00e4re Tattoos - TTTattoo"},"image":{"@id":"https:\/\/tttattoo.com\/de\/#\/schema\/logo\/image\/"}}]}},"_links":{"self":[{"href":"https:\/\/tttattoo.com\/de\/wp-json\/wp\/v2\/product\/2468","targetHints":{"allow":["GET"]}}],"collection":[{"href":"https:\/\/tttattoo.com\/de\/wp-json\/wp\/v2\/product"}],"about":[{"href":"https:\/\/tttattoo.com\/de\/wp-json\/wp\/v2\/types\/product"}],"replies":[{"embeddable":true,"href":"https:\/\/tttattoo.com\/de\/wp-json\/wp\/v2\/comments?post=2468"}],"wp:featuredmedia":[{"embeddable":true,"href":"https:\/\/tttattoo.com\/de\/wp-json\/wp\/v2\/media\/2454"}],"wp:attachment":[{"href":"https:\/\/tttattoo.com\/de\/wp-json\/wp\/v2\/media?parent=2468"}],"wp:term":[{"taxonomy":"product_brand","embeddable":true,"href":"https:\/\/tttattoo.com\/de\/wp-json\/wp\/v2\/product_brand?post=2468"},{"taxonomy":"product_cat","embeddable":true,"href":"https:\/\/tttattoo.com\/de\/wp-json\/wp\/v2\/product_cat?post=2468"},{"taxonomy":"product_tag","embeddable":true,"href":"https:\/\/tttattoo.com\/de\/wp-json\/wp\/v2\/product_tag?post=2468"}],"curies":[{"name":"wp","href":"https:\/\/api.w.org\/{rel}","templated":true}]}}