{"id":1750,"date":"2014-09-20T11:58:39","date_gmt":"2014-09-20T09:58:39","guid":{"rendered":"https:\/\/tttattoo.com\/producto\/geometric-herz\/"},"modified":"2024-03-23T01:54:03","modified_gmt":"2024-03-23T00:54:03","slug":"geometric-herz","status":"publish","type":"product","link":"https:\/\/tttattoo.com\/de\/product\/geometric-herz\/","title":{"rendered":"Geometric herz"},"content":{"rendered":"","protected":false},"excerpt":{"rendered":"<p>Menge: 1<br \/>Gr\u00f6\u00dfe: <span dir=\"ltr\">4,4 x 6,5 cm, 9,7 x 6,6 cm o 9,1 x 13,5 cm<\/span><br \/>Sicher und ungiftig<\/p>\n","protected":false},"featured_media":1724,"comment_status":"open","ping_status":"closed","template":"","meta":[],"product_brand":[],"product_cat":[60],"product_tag":[260,259,751],"class_list":{"0":"post-1750","1":"product","2":"type-product","3":"status-publish","4":"has-post-thumbnail","6":"product_cat-geometrisch-de","7":"product_tag-alle","8":"product_tag-schwarze-tattoo","9":"product_tag-tattoo-geometric-herz","10":"pa_size-13_5x9_1cmextralarge-de","11":"pa_size-4_4x6_5cmnormal-de","12":"pa_size-9_7x6_6cmlarge-de","14":"first","15":"instock","16":"shipping-taxable","17":"purchasable","18":"product-type-variable","19":"has-default-attributes"},"yoast_head":"<!-- This site is optimized with the Yoast SEO plugin v27.4 - https:\/\/yoast.com\/product\/yoast-seo-wordpress\/ -->\n<title>Tattoo geometric herz<\/title>\n<meta name=\"description\" content=\"tattoo geometric herz\" \/>\n<meta name=\"robots\" content=\"index, follow, max-snippet:-1, max-image-preview:large, max-video-preview:-1\" \/>\n<link rel=\"canonical\" href=\"https:\/\/tttattoo.com\/de\/product\/geometric-herz\/\" \/>\n<meta property=\"og:locale\" content=\"de_DE\" \/>\n<meta property=\"og:type\" content=\"article\" \/>\n<meta property=\"og:title\" content=\"Tattoo geometric herz\" \/>\n<meta property=\"og:description\" content=\"tattoo geometric herz\" \/>\n<meta property=\"og:url\" content=\"https:\/\/tttattoo.com\/de\/product\/geometric-herz\/\" \/>\n<meta property=\"og:site_name\" content=\"Kaufen Originelle Tempor\u00e4re Tattoos - TTTattoo\" \/>\n<meta property=\"article:modified_time\" content=\"2024-03-23T00:54:03+00:00\" \/>\n<meta property=\"og:image\" content=\"https:\/\/tttattoo.com\/wp-content\/uploads\/2014\/09\/2420-Geometric-heart.jpg\" \/>\n\t<meta property=\"og:image:width\" content=\"1000\" \/>\n\t<meta property=\"og:image:height\" content=\"1000\" \/>\n\t<meta property=\"og:image:type\" content=\"image\/jpeg\" \/>\n<meta name=\"twitter:card\" content=\"summary_large_image\" \/>\n<script type=\"application\/ld+json\" class=\"yoast-schema-graph\">{\"@context\":\"https:\\\/\\\/schema.org\",\"@graph\":[{\"@type\":\"WebPage\",\"@id\":\"https:\\\/\\\/tttattoo.com\\\/de\\\/product\\\/geometric-herz\\\/\",\"url\":\"https:\\\/\\\/tttattoo.com\\\/de\\\/product\\\/geometric-herz\\\/\",\"name\":\"Tattoo geometric herz\",\"isPartOf\":{\"@id\":\"https:\\\/\\\/tttattoo.com\\\/de\\\/#website\"},\"primaryImageOfPage\":{\"@id\":\"https:\\\/\\\/tttattoo.com\\\/de\\\/product\\\/geometric-herz\\\/#primaryimage\"},\"image\":{\"@id\":\"https:\\\/\\\/tttattoo.com\\\/de\\\/product\\\/geometric-herz\\\/#primaryimage\"},\"thumbnailUrl\":\"https:\\\/\\\/tttattoo.com\\\/wp-content\\\/uploads\\\/2014\\\/09\\\/2420-Geometric-heart.jpg\",\"datePublished\":\"2014-09-20T09:58:39+00:00\",\"dateModified\":\"2024-03-23T00:54:03+00:00\",\"description\":\"tattoo geometric herz\",\"breadcrumb\":{\"@id\":\"https:\\\/\\\/tttattoo.com\\\/de\\\/product\\\/geometric-herz\\\/#breadcrumb\"},\"inLanguage\":\"de\",\"potentialAction\":[{\"@type\":\"ReadAction\",\"target\":[\"https:\\\/\\\/tttattoo.com\\\/de\\\/product\\\/geometric-herz\\\/\"]}]},{\"@type\":\"ImageObject\",\"inLanguage\":\"de\",\"@id\":\"https:\\\/\\\/tttattoo.com\\\/de\\\/product\\\/geometric-herz\\\/#primaryimage\",\"url\":\"https:\\\/\\\/tttattoo.com\\\/wp-content\\\/uploads\\\/2014\\\/09\\\/2420-Geometric-heart.jpg\",\"contentUrl\":\"https:\\\/\\\/tttattoo.com\\\/wp-content\\\/uploads\\\/2014\\\/09\\\/2420-Geometric-heart.jpg\",\"width\":1000,\"height\":1000,\"caption\":\"Geometric heart\"},{\"@type\":\"BreadcrumbList\",\"@id\":\"https:\\\/\\\/tttattoo.com\\\/de\\\/product\\\/geometric-herz\\\/#breadcrumb\",\"itemListElement\":[{\"@type\":\"ListItem\",\"position\":1,\"name\":\"Portada\",\"item\":\"https:\\\/\\\/tttattoo.com\\\/de\\\/zuhause\\\/\"},{\"@type\":\"ListItem\",\"position\":2,\"name\":\"Shop\",\"item\":\"https:\\\/\\\/tttattoo.com\\\/shop\\\/\"},{\"@type\":\"ListItem\",\"position\":3,\"name\":\"Geometric herz\"}]},{\"@type\":\"WebSite\",\"@id\":\"https:\\\/\\\/tttattoo.com\\\/de\\\/#website\",\"url\":\"https:\\\/\\\/tttattoo.com\\\/de\\\/\",\"name\":\"Kaufen Originelle Tempor\u00e4re Tattoos - TTTattoo\",\"description\":\"Bei TTTattoo k\u00f6nnen Sie originale tempor\u00e4re Tattoos in Top-Qualit\u00e4t kaufen. Wir haben einen umfangreichen Katalog und Sie k\u00f6nnen ihn auch individuell anpassen! Wagen Sie es, mit Ihrer Kreativit\u00e4t zu spielen.\",\"publisher\":{\"@id\":\"https:\\\/\\\/tttattoo.com\\\/de\\\/#organization\"},\"potentialAction\":[{\"@type\":\"SearchAction\",\"target\":{\"@type\":\"EntryPoint\",\"urlTemplate\":\"https:\\\/\\\/tttattoo.com\\\/de\\\/?s={search_term_string}\"},\"query-input\":{\"@type\":\"PropertyValueSpecification\",\"valueRequired\":true,\"valueName\":\"search_term_string\"}}],\"inLanguage\":\"de\"},{\"@type\":\"Organization\",\"@id\":\"https:\\\/\\\/tttattoo.com\\\/de\\\/#organization\",\"name\":\"Kaufen Originelle Tempor\u00e4re Tattoos - TTTattoo\",\"url\":\"https:\\\/\\\/tttattoo.com\\\/de\\\/\",\"logo\":{\"@type\":\"ImageObject\",\"inLanguage\":\"de\",\"@id\":\"https:\\\/\\\/tttattoo.com\\\/de\\\/#\\\/schema\\\/logo\\\/image\\\/\",\"url\":\"https:\\\/\\\/tttattoo.com\\\/wp-content\\\/uploads\\\/2024\\\/03\\\/TTTattoo.png\",\"contentUrl\":\"https:\\\/\\\/tttattoo.com\\\/wp-content\\\/uploads\\\/2024\\\/03\\\/TTTattoo.png\",\"width\":500,\"height\":124,\"caption\":\"Kaufen Originelle Tempor\u00e4re Tattoos - TTTattoo\"},\"image\":{\"@id\":\"https:\\\/\\\/tttattoo.com\\\/de\\\/#\\\/schema\\\/logo\\\/image\\\/\"}}]}<\/script>\n<!-- \/ Yoast SEO plugin. -->","yoast_head_json":{"title":"Tattoo geometric herz","description":"tattoo geometric herz","robots":{"index":"index","follow":"follow","max-snippet":"max-snippet:-1","max-image-preview":"max-image-preview:large","max-video-preview":"max-video-preview:-1"},"canonical":"https:\/\/tttattoo.com\/de\/product\/geometric-herz\/","og_locale":"de_DE","og_type":"article","og_title":"Tattoo geometric herz","og_description":"tattoo geometric herz","og_url":"https:\/\/tttattoo.com\/de\/product\/geometric-herz\/","og_site_name":"Kaufen Originelle Tempor\u00e4re Tattoos - TTTattoo","article_modified_time":"2024-03-23T00:54:03+00:00","og_image":[{"width":1000,"height":1000,"url":"https:\/\/tttattoo.com\/wp-content\/uploads\/2014\/09\/2420-Geometric-heart.jpg","type":"image\/jpeg"}],"twitter_card":"summary_large_image","schema":{"@context":"https:\/\/schema.org","@graph":[{"@type":"WebPage","@id":"https:\/\/tttattoo.com\/de\/product\/geometric-herz\/","url":"https:\/\/tttattoo.com\/de\/product\/geometric-herz\/","name":"Tattoo geometric herz","isPartOf":{"@id":"https:\/\/tttattoo.com\/de\/#website"},"primaryImageOfPage":{"@id":"https:\/\/tttattoo.com\/de\/product\/geometric-herz\/#primaryimage"},"image":{"@id":"https:\/\/tttattoo.com\/de\/product\/geometric-herz\/#primaryimage"},"thumbnailUrl":"https:\/\/tttattoo.com\/wp-content\/uploads\/2014\/09\/2420-Geometric-heart.jpg","datePublished":"2014-09-20T09:58:39+00:00","dateModified":"2024-03-23T00:54:03+00:00","description":"tattoo geometric herz","breadcrumb":{"@id":"https:\/\/tttattoo.com\/de\/product\/geometric-herz\/#breadcrumb"},"inLanguage":"de","potentialAction":[{"@type":"ReadAction","target":["https:\/\/tttattoo.com\/de\/product\/geometric-herz\/"]}]},{"@type":"ImageObject","inLanguage":"de","@id":"https:\/\/tttattoo.com\/de\/product\/geometric-herz\/#primaryimage","url":"https:\/\/tttattoo.com\/wp-content\/uploads\/2014\/09\/2420-Geometric-heart.jpg","contentUrl":"https:\/\/tttattoo.com\/wp-content\/uploads\/2014\/09\/2420-Geometric-heart.jpg","width":1000,"height":1000,"caption":"Geometric heart"},{"@type":"BreadcrumbList","@id":"https:\/\/tttattoo.com\/de\/product\/geometric-herz\/#breadcrumb","itemListElement":[{"@type":"ListItem","position":1,"name":"Portada","item":"https:\/\/tttattoo.com\/de\/zuhause\/"},{"@type":"ListItem","position":2,"name":"Shop","item":"https:\/\/tttattoo.com\/shop\/"},{"@type":"ListItem","position":3,"name":"Geometric herz"}]},{"@type":"WebSite","@id":"https:\/\/tttattoo.com\/de\/#website","url":"https:\/\/tttattoo.com\/de\/","name":"Kaufen Originelle Tempor\u00e4re Tattoos - TTTattoo","description":"Bei TTTattoo k\u00f6nnen Sie originale tempor\u00e4re Tattoos in Top-Qualit\u00e4t kaufen. Wir haben einen umfangreichen Katalog und Sie k\u00f6nnen ihn auch individuell anpassen! Wagen Sie es, mit Ihrer Kreativit\u00e4t zu spielen.","publisher":{"@id":"https:\/\/tttattoo.com\/de\/#organization"},"potentialAction":[{"@type":"SearchAction","target":{"@type":"EntryPoint","urlTemplate":"https:\/\/tttattoo.com\/de\/?s={search_term_string}"},"query-input":{"@type":"PropertyValueSpecification","valueRequired":true,"valueName":"search_term_string"}}],"inLanguage":"de"},{"@type":"Organization","@id":"https:\/\/tttattoo.com\/de\/#organization","name":"Kaufen Originelle Tempor\u00e4re Tattoos - TTTattoo","url":"https:\/\/tttattoo.com\/de\/","logo":{"@type":"ImageObject","inLanguage":"de","@id":"https:\/\/tttattoo.com\/de\/#\/schema\/logo\/image\/","url":"https:\/\/tttattoo.com\/wp-content\/uploads\/2024\/03\/TTTattoo.png","contentUrl":"https:\/\/tttattoo.com\/wp-content\/uploads\/2024\/03\/TTTattoo.png","width":500,"height":124,"caption":"Kaufen Originelle Tempor\u00e4re Tattoos - TTTattoo"},"image":{"@id":"https:\/\/tttattoo.com\/de\/#\/schema\/logo\/image\/"}}]}},"_links":{"self":[{"href":"https:\/\/tttattoo.com\/de\/wp-json\/wp\/v2\/product\/1750","targetHints":{"allow":["GET"]}}],"collection":[{"href":"https:\/\/tttattoo.com\/de\/wp-json\/wp\/v2\/product"}],"about":[{"href":"https:\/\/tttattoo.com\/de\/wp-json\/wp\/v2\/types\/product"}],"replies":[{"embeddable":true,"href":"https:\/\/tttattoo.com\/de\/wp-json\/wp\/v2\/comments?post=1750"}],"wp:featuredmedia":[{"embeddable":true,"href":"https:\/\/tttattoo.com\/de\/wp-json\/wp\/v2\/media\/1724"}],"wp:attachment":[{"href":"https:\/\/tttattoo.com\/de\/wp-json\/wp\/v2\/media?parent=1750"}],"wp:term":[{"taxonomy":"product_brand","embeddable":true,"href":"https:\/\/tttattoo.com\/de\/wp-json\/wp\/v2\/product_brand?post=1750"},{"taxonomy":"product_cat","embeddable":true,"href":"https:\/\/tttattoo.com\/de\/wp-json\/wp\/v2\/product_cat?post=1750"},{"taxonomy":"product_tag","embeddable":true,"href":"https:\/\/tttattoo.com\/de\/wp-json\/wp\/v2\/product_tag?post=1750"}],"curies":[{"name":"wp","href":"https:\/\/api.w.org\/{rel}","templated":true}]}}