{"id":9443,"date":"2024-02-29T17:20:54","date_gmt":"2024-02-29T16:20:54","guid":{"rendered":"https:\/\/tttattoo.com\/?page_id=9443"},"modified":"2024-03-26T12:48:14","modified_gmt":"2024-03-26T11:48:14","slug":"faq","status":"publish","type":"page","link":"https:\/\/tttattoo.com\/de\/faq\/","title":{"rendered":"H\u00e4ufig Gestellte Fragen"},"content":{"rendered":"\t\t<div data-elementor-type=\"wp-page\" data-elementor-id=\"9443\" class=\"elementor elementor-9443 elementor-7818\" data-elementor-post-type=\"page\">\n\t\t\t\t<div class=\"elementor-element elementor-element-390cbe7d e-flex e-con-boxed e-con e-parent\" data-id=\"390cbe7d\" data-element_type=\"container\" data-e-type=\"container\">\n\t\t\t\t\t<div class=\"e-con-inner\">\n\t\t<div class=\"elementor-element elementor-element-f8f09d1 e-con-full e-flex e-con e-child\" data-id=\"f8f09d1\" data-element_type=\"container\" data-e-type=\"container\">\n\t\t\t\t<div class=\"elementor-element elementor-element-7bcde076 elementor-widget elementor-widget-heading\" data-id=\"7bcde076\" data-element_type=\"widget\" data-e-type=\"widget\" data-widget_type=\"heading.default\">\n\t\t\t\t<div class=\"elementor-widget-container\">\n\t\t\t\t\t<h1 class=\"elementor-heading-title elementor-size-default\">Hilfe &amp; Infos<\/h1>\t\t\t\t<\/div>\n\t\t\t\t<\/div>\n\t\t\t\t<div class=\"elementor-element elementor-element-7ebc261a elementor-widget elementor-widget-heading\" data-id=\"7ebc261a\" data-element_type=\"widget\" data-e-type=\"widget\" id=\"faq\" data-widget_type=\"heading.default\">\n\t\t\t\t<div class=\"elementor-widget-container\">\n\t\t\t\t\t<h2 class=\"elementor-heading-title elementor-size-default\">Faq<\/h2>\t\t\t\t<\/div>\n\t\t\t\t<\/div>\n\t\t\t\t<div class=\"elementor-element elementor-element-56383e61 elementor-widget__width-inherit elementor-widget elementor-widget-toggle\" data-id=\"56383e61\" data-element_type=\"widget\" data-e-type=\"widget\" data-widget_type=\"toggle.default\">\n\t\t\t\t<div class=\"elementor-widget-container\">\n\t\t\t\t\t\t\t<div class=\"elementor-toggle\">\n\t\t\t\t\t\t\t<div class=\"elementor-toggle-item\">\n\t\t\t\t\t<div id=\"elementor-tab-title-1441\" class=\"elementor-tab-title\" data-tab=\"1\" role=\"button\" aria-controls=\"elementor-tab-content-1441\" aria-expanded=\"false\">\n\t\t\t\t\t\t\t\t\t\t\t\t<span class=\"elementor-toggle-icon elementor-toggle-icon-right\" aria-hidden=\"true\">\n\t\t\t\t\t\t\t\t\t\t\t\t\t\t\t<span class=\"elementor-toggle-icon-closed\"><svg xmlns=\"http:\/\/www.w3.org\/2000\/svg\" id=\"e58557d6-aa1b-4b0c-8bc5-8e259947a37c\" data-name=\"Layer 1\" width=\"11\" height=\"11\" viewBox=\"0 0 11 11\"><polygon points=\"6 5 6 0 5 0 5 5 0 5 0 6 5 6 5 11 6 11 6 6 11 6 11 5 6 5\" style=\"fill-rule:evenodd\"><\/polygon><\/svg><\/span>\n\t\t\t\t\t\t\t\t<span class=\"elementor-toggle-icon-opened\"><svg xmlns=\"http:\/\/www.w3.org\/2000\/svg\" id=\"bf0eb473-cf1a-4939-87c4-e2ef9704da1d\" data-name=\"Layer 1\" width=\"11\" height=\"11\" viewBox=\"0 0 11 11\"><rect width=\"11\" height=\"11\" style=\"opacity:0\"><\/rect><rect y=\"5\" width=\"11\" height=\"1\"><\/rect><\/svg><\/span>\n\t\t\t\t\t\t\t\t\t\t\t\t\t<\/span>\n\t\t\t\t\t\t\t\t\t\t\t\t<a class=\"elementor-toggle-title\" tabindex=\"0\">Wie lange h\u00e4lt ein TTTattoo?<\/a>\n\t\t\t\t\t<\/div>\n\n\t\t\t\t\t<div id=\"elementor-tab-content-1441\" class=\"elementor-tab-content elementor-clearfix\" data-tab=\"1\" role=\"region\" aria-labelledby=\"elementor-tab-title-1441\"><p>Die meisten Tattoos halten mindestens 2 oder 3 Tage. Sie sind wasserdicht und es geht ihnen unter der Dusche oder im Schwimmbad gut. Denken Sie daran, das Tattoo\u00a0 auf eine fettfreie Hautoberfl\u00e4che zu platzieren!<\/p><\/div>\n\t\t\t\t<\/div>\n\t\t\t\t\t\t\t<div class=\"elementor-toggle-item\">\n\t\t\t\t\t<div id=\"elementor-tab-title-1442\" class=\"elementor-tab-title\" data-tab=\"2\" role=\"button\" aria-controls=\"elementor-tab-content-1442\" aria-expanded=\"false\">\n\t\t\t\t\t\t\t\t\t\t\t\t<span class=\"elementor-toggle-icon elementor-toggle-icon-right\" aria-hidden=\"true\">\n\t\t\t\t\t\t\t\t\t\t\t\t\t\t\t<span class=\"elementor-toggle-icon-closed\"><svg xmlns=\"http:\/\/www.w3.org\/2000\/svg\" id=\"e58557d6-aa1b-4b0c-8bc5-8e259947a37c\" data-name=\"Layer 1\" width=\"11\" height=\"11\" viewBox=\"0 0 11 11\"><polygon points=\"6 5 6 0 5 0 5 5 0 5 0 6 5 6 5 11 6 11 6 6 11 6 11 5 6 5\" style=\"fill-rule:evenodd\"><\/polygon><\/svg><\/span>\n\t\t\t\t\t\t\t\t<span class=\"elementor-toggle-icon-opened\"><svg xmlns=\"http:\/\/www.w3.org\/2000\/svg\" id=\"bf0eb473-cf1a-4939-87c4-e2ef9704da1d\" data-name=\"Layer 1\" width=\"11\" height=\"11\" viewBox=\"0 0 11 11\"><rect width=\"11\" height=\"11\" style=\"opacity:0\"><\/rect><rect y=\"5\" width=\"11\" height=\"1\"><\/rect><\/svg><\/span>\n\t\t\t\t\t\t\t\t\t\t\t\t\t<\/span>\n\t\t\t\t\t\t\t\t\t\t\t\t<a class=\"elementor-toggle-title\" tabindex=\"0\">Sind sie sicher?<\/a>\n\t\t\t\t\t<\/div>\n\n\t\t\t\t\t<div id=\"elementor-tab-content-1442\" class=\"elementor-tab-content elementor-clearfix\" data-tab=\"2\" role=\"region\" aria-labelledby=\"elementor-tab-title-1442\"><p>Sicherheit ist f\u00fcr TTTattoo eine Priorit\u00e4t. S\u00e4mtliche unserer tempor\u00e4ren Tattoos sind ungiftig und sicher f\u00fcr jede Person, die sie tr\u00e4gt. Wir stellen sicher, dass jede tempor\u00e4re T\u00e4towierung in \u00dcbereinstimmung mit den geltenden Sicherheitszertifizierungen und internationalen regulatorischen Standards hergestellt wird. TTTattoo erf\u00fcllt auch die Bedingungen der FDA. Au\u00dferdem garantieren wir Ihnen, dass sie die Standards der Kosmetik und Spielzeugbranche erf\u00fcllen. Ist Ihre Haut allerdings sehr empfindlich, oder wenn Sie auf Klebstoffe allergisch sind, empfehlen wir es nicht, TTTattoos zu\u00a0 tragen.<\/p><\/div>\n\t\t\t\t<\/div>\n\t\t\t\t\t\t\t<div class=\"elementor-toggle-item\">\n\t\t\t\t\t<div id=\"elementor-tab-title-1443\" class=\"elementor-tab-title\" data-tab=\"3\" role=\"button\" aria-controls=\"elementor-tab-content-1443\" aria-expanded=\"false\">\n\t\t\t\t\t\t\t\t\t\t\t\t<span class=\"elementor-toggle-icon elementor-toggle-icon-right\" aria-hidden=\"true\">\n\t\t\t\t\t\t\t\t\t\t\t\t\t\t\t<span class=\"elementor-toggle-icon-closed\"><svg xmlns=\"http:\/\/www.w3.org\/2000\/svg\" id=\"e58557d6-aa1b-4b0c-8bc5-8e259947a37c\" data-name=\"Layer 1\" width=\"11\" height=\"11\" viewBox=\"0 0 11 11\"><polygon points=\"6 5 6 0 5 0 5 5 0 5 0 6 5 6 5 11 6 11 6 6 11 6 11 5 6 5\" style=\"fill-rule:evenodd\"><\/polygon><\/svg><\/span>\n\t\t\t\t\t\t\t\t<span class=\"elementor-toggle-icon-opened\"><svg xmlns=\"http:\/\/www.w3.org\/2000\/svg\" id=\"bf0eb473-cf1a-4939-87c4-e2ef9704da1d\" data-name=\"Layer 1\" width=\"11\" height=\"11\" viewBox=\"0 0 11 11\"><rect width=\"11\" height=\"11\" style=\"opacity:0\"><\/rect><rect y=\"5\" width=\"11\" height=\"1\"><\/rect><\/svg><\/span>\n\t\t\t\t\t\t\t\t\t\t\t\t\t<\/span>\n\t\t\t\t\t\t\t\t\t\t\t\t<a class=\"elementor-toggle-title\" tabindex=\"0\">Zahlungsweise<\/a>\n\t\t\t\t\t<\/div>\n\n\t\t\t\t\t<div id=\"elementor-tab-content-1443\" class=\"elementor-tab-content elementor-clearfix\" data-tab=\"3\" role=\"region\" aria-labelledby=\"elementor-tab-title-1443\"><p>Zahlung der Bestellungen erfolgt durch PayPal\u00a0<span lang=\"de\" xml:lang=\"de\">und Kreditkarten<\/span>. Die Kreditkarten die bis dato akzeptiert werden sind: Visa und Mastercard. Die PayPal Webseite ist sehr sicher. Sie nutzen branchenf\u00fchrende Technologie (wie SSL), um Ihre Daten zu sch\u00fctzen.<\/p><\/div>\n\t\t\t\t<\/div>\n\t\t\t\t\t\t\t<div class=\"elementor-toggle-item\">\n\t\t\t\t\t<div id=\"elementor-tab-title-1444\" class=\"elementor-tab-title\" data-tab=\"4\" role=\"button\" aria-controls=\"elementor-tab-content-1444\" aria-expanded=\"false\">\n\t\t\t\t\t\t\t\t\t\t\t\t<span class=\"elementor-toggle-icon elementor-toggle-icon-right\" aria-hidden=\"true\">\n\t\t\t\t\t\t\t\t\t\t\t\t\t\t\t<span class=\"elementor-toggle-icon-closed\"><svg xmlns=\"http:\/\/www.w3.org\/2000\/svg\" id=\"e58557d6-aa1b-4b0c-8bc5-8e259947a37c\" data-name=\"Layer 1\" width=\"11\" height=\"11\" viewBox=\"0 0 11 11\"><polygon points=\"6 5 6 0 5 0 5 5 0 5 0 6 5 6 5 11 6 11 6 6 11 6 11 5 6 5\" style=\"fill-rule:evenodd\"><\/polygon><\/svg><\/span>\n\t\t\t\t\t\t\t\t<span class=\"elementor-toggle-icon-opened\"><svg xmlns=\"http:\/\/www.w3.org\/2000\/svg\" id=\"bf0eb473-cf1a-4939-87c4-e2ef9704da1d\" data-name=\"Layer 1\" width=\"11\" height=\"11\" viewBox=\"0 0 11 11\"><rect width=\"11\" height=\"11\" style=\"opacity:0\"><\/rect><rect y=\"5\" width=\"11\" height=\"1\"><\/rect><\/svg><\/span>\n\t\t\t\t\t\t\t\t\t\t\t\t\t<\/span>\n\t\t\t\t\t\t\t\t\t\t\t\t<a class=\"elementor-toggle-title\" tabindex=\"0\">Wie viel kostet der Versand?<\/a>\n\t\t\t\t\t<\/div>\n\n\t\t\t\t\t<div id=\"elementor-tab-content-1444\" class=\"elementor-tab-content elementor-clearfix\" data-tab=\"4\" role=\"region\" aria-labelledby=\"elementor-tab-title-1444\"><p>Der Versand hat eine Pauschale von 2,10\u20ac. Wenn Sie Express Versand m\u00f6chten, kommen diese zus\u00e4tzliche Kosten auf Sie zu.<\/p><\/div>\n\t\t\t\t<\/div>\n\t\t\t\t\t\t\t<div class=\"elementor-toggle-item\">\n\t\t\t\t\t<div id=\"elementor-tab-title-1445\" class=\"elementor-tab-title\" data-tab=\"5\" role=\"button\" aria-controls=\"elementor-tab-content-1445\" aria-expanded=\"false\">\n\t\t\t\t\t\t\t\t\t\t\t\t<span class=\"elementor-toggle-icon elementor-toggle-icon-right\" aria-hidden=\"true\">\n\t\t\t\t\t\t\t\t\t\t\t\t\t\t\t<span class=\"elementor-toggle-icon-closed\"><svg xmlns=\"http:\/\/www.w3.org\/2000\/svg\" id=\"e58557d6-aa1b-4b0c-8bc5-8e259947a37c\" data-name=\"Layer 1\" width=\"11\" height=\"11\" viewBox=\"0 0 11 11\"><polygon points=\"6 5 6 0 5 0 5 5 0 5 0 6 5 6 5 11 6 11 6 6 11 6 11 5 6 5\" style=\"fill-rule:evenodd\"><\/polygon><\/svg><\/span>\n\t\t\t\t\t\t\t\t<span class=\"elementor-toggle-icon-opened\"><svg xmlns=\"http:\/\/www.w3.org\/2000\/svg\" id=\"bf0eb473-cf1a-4939-87c4-e2ef9704da1d\" data-name=\"Layer 1\" width=\"11\" height=\"11\" viewBox=\"0 0 11 11\"><rect width=\"11\" height=\"11\" style=\"opacity:0\"><\/rect><rect y=\"5\" width=\"11\" height=\"1\"><\/rect><\/svg><\/span>\n\t\t\t\t\t\t\t\t\t\t\t\t\t<\/span>\n\t\t\t\t\t\t\t\t\t\t\t\t<a class=\"elementor-toggle-title\" tabindex=\"0\">Wie viel kostet es, um meine Bestellung zu bekommen?<\/a>\n\t\t\t\t\t<\/div>\n\n\t\t\t\t\t<div id=\"elementor-tab-content-1445\" class=\"elementor-tab-content elementor-clearfix\" data-tab=\"5\" role=\"region\" aria-labelledby=\"elementor-tab-title-1445\"><p>F\u00fcr Bestellungen nach Europa, ist die Transportzeit 2-7 Werktage, bis sie ankommen, nach dem Versand. F\u00fcr Bestellungen in nicht-europ\u00e4ische L\u00e4nder, kann der Transport bis zu 15 Werktage dauern f\u00fcr die meisten L\u00e4nder. Jedes Zollb\u00fcro ist anders und TTTatto ist nicht f\u00fcr irgendwelche Geb\u00fchren verantwortlich.<\/p><\/div>\n\t\t\t\t<\/div>\n\t\t\t\t\t\t\t<div class=\"elementor-toggle-item\">\n\t\t\t\t\t<div id=\"elementor-tab-title-1446\" class=\"elementor-tab-title\" data-tab=\"6\" role=\"button\" aria-controls=\"elementor-tab-content-1446\" aria-expanded=\"false\">\n\t\t\t\t\t\t\t\t\t\t\t\t<span class=\"elementor-toggle-icon elementor-toggle-icon-right\" aria-hidden=\"true\">\n\t\t\t\t\t\t\t\t\t\t\t\t\t\t\t<span class=\"elementor-toggle-icon-closed\"><svg xmlns=\"http:\/\/www.w3.org\/2000\/svg\" id=\"e58557d6-aa1b-4b0c-8bc5-8e259947a37c\" data-name=\"Layer 1\" width=\"11\" height=\"11\" viewBox=\"0 0 11 11\"><polygon points=\"6 5 6 0 5 0 5 5 0 5 0 6 5 6 5 11 6 11 6 6 11 6 11 5 6 5\" style=\"fill-rule:evenodd\"><\/polygon><\/svg><\/span>\n\t\t\t\t\t\t\t\t<span class=\"elementor-toggle-icon-opened\"><svg xmlns=\"http:\/\/www.w3.org\/2000\/svg\" id=\"bf0eb473-cf1a-4939-87c4-e2ef9704da1d\" data-name=\"Layer 1\" width=\"11\" height=\"11\" viewBox=\"0 0 11 11\"><rect width=\"11\" height=\"11\" style=\"opacity:0\"><\/rect><rect y=\"5\" width=\"11\" height=\"1\"><\/rect><\/svg><\/span>\n\t\t\t\t\t\t\t\t\t\t\t\t\t<\/span>\n\t\t\t\t\t\t\t\t\t\t\t\t<a class=\"elementor-toggle-title\" tabindex=\"0\">R\u00fccksendung, R\u00fccknahme und Erstattung<\/a>\n\t\t\t\t\t<\/div>\n\n\t\t\t\t\t<div id=\"elementor-tab-content-1446\" class=\"elementor-tab-content elementor-clearfix\" data-tab=\"6\" role=\"region\" aria-labelledby=\"elementor-tab-title-1446\"><p>Nach dem Empfang der Ware durch den Kunden, hat er ein Widerrufsrecht, das er\u00a0 innerhalb einer Frist von 30 Tagen aus\u00fcben kann durch die R\u00fccksendung der gelieferten Ware, wobei die R\u00fccksendekosten vom Kunden getragen werden. Nur die Produkte, die auf der Webseite gekauft wurden, und sich noch in ihrem Schutzfilm und individueller Schutzverpackung (unge\u00f6ffnet und in der Originalverpackung) befinden und zur\u00fcck gesendet werden, k\u00f6nnen zur\u00fcckerstattet werden. F\u00fcr personalisierte Artikel wird keine R\u00fcckkehr akzeptiert. Wenn Sie irgendwelche Zweifel haben, wenden Sie sich an unseren Kundendienst info@tttattoo.com mit Ihrem Namen oder der Bestellnummer.<\/p><\/div>\n\t\t\t\t<\/div>\n\t\t\t\t\t\t\t\t<\/div>\n\t\t\t\t\t\t<\/div>\n\t\t\t\t<\/div>\n\t\t\t\t<\/div>\n\t\t\t\t\t<\/div>\n\t\t\t\t<\/div>\n\t\t\t\t<\/div>\n\t\t","protected":false},"excerpt":{"rendered":"<p>Hilfe &#038; Infos Faq Wie lange h\u00e4lt ein TTTattoo? Die meisten Tattoos halten mindestens 2 oder 3 Tage. Sie sind wasserdicht und es geht ihnen unter der Dusche oder im Schwimmbad gut. Denken Sie daran, das Tattoo\u00a0 auf eine fettfreie Hautoberfl\u00e4che zu platzieren! Sind sie sicher? Sicherheit ist f\u00fcr TTTattoo eine Priorit\u00e4t. S\u00e4mtliche unserer tempor\u00e4ren [&hellip;]<\/p>\n","protected":false},"author":1,"featured_media":7823,"parent":0,"menu_order":0,"comment_status":"closed","ping_status":"closed","template":"elementor_header_footer","meta":{"footnotes":""},"class_list":["post-9443","page","type-page","status-publish","has-post-thumbnail","hentry"],"yoast_head":"<!-- This site is optimized with the Yoast SEO plugin v27.4 - https:\/\/yoast.com\/product\/yoast-seo-wordpress\/ -->\n<title>H\u00e4ufig Gestellte Fragen - Kaufen Originelle Tempor\u00e4re Tattoos - TTTattoo<\/title>\n<meta name=\"robots\" content=\"index, follow, max-snippet:-1, max-image-preview:large, max-video-preview:-1\" \/>\n<link rel=\"canonical\" href=\"https:\/\/tttattoo.com\/de\/faq\/\" \/>\n<meta property=\"og:locale\" content=\"de_DE\" \/>\n<meta property=\"og:type\" content=\"article\" \/>\n<meta property=\"og:title\" content=\"H\u00e4ufig Gestellte Fragen - Kaufen Originelle Tempor\u00e4re Tattoos - TTTattoo\" \/>\n<meta property=\"og:description\" content=\"Hilfe &#038; Infos Faq Wie lange h\u00e4lt ein TTTattoo? Die meisten Tattoos halten mindestens 2 oder 3 Tage. Sie sind wasserdicht und es geht ihnen unter der Dusche oder im Schwimmbad gut. Denken Sie daran, das Tattoo\u00a0 auf eine fettfreie Hautoberfl\u00e4che zu platzieren! Sind sie sicher? Sicherheit ist f\u00fcr TTTattoo eine Priorit\u00e4t. S\u00e4mtliche unserer tempor\u00e4ren [&hellip;]\" \/>\n<meta property=\"og:url\" content=\"https:\/\/tttattoo.com\/de\/faq\/\" \/>\n<meta property=\"og:site_name\" content=\"Kaufen Originelle Tempor\u00e4re Tattoos - TTTattoo\" \/>\n<meta property=\"article:modified_time\" content=\"2024-03-26T11:48:14+00:00\" \/>\n<meta property=\"og:image\" content=\"https:\/\/tttattoo.com\/wp-content\/uploads\/2024\/02\/Handmade-Kid-Shop-My-cart.jpg\" \/>\n\t<meta property=\"og:image:width\" content=\"400\" \/>\n\t<meta property=\"og:image:height\" content=\"380\" \/>\n\t<meta property=\"og:image:type\" content=\"image\/jpeg\" \/>\n<meta name=\"twitter:card\" content=\"summary_large_image\" \/>\n<meta name=\"twitter:label1\" content=\"Gesch\u00e4tzte Lesezeit\" \/>\n\t<meta name=\"twitter:data1\" content=\"2\u00a0Minuten\" \/>\n<script type=\"application\/ld+json\" class=\"yoast-schema-graph\">{\"@context\":\"https:\\\/\\\/schema.org\",\"@graph\":[{\"@type\":\"WebPage\",\"@id\":\"https:\\\/\\\/tttattoo.com\\\/de\\\/faq\\\/\",\"url\":\"https:\\\/\\\/tttattoo.com\\\/de\\\/faq\\\/\",\"name\":\"H\u00e4ufig Gestellte Fragen - Kaufen Originelle Tempor\u00e4re Tattoos - TTTattoo\",\"isPartOf\":{\"@id\":\"https:\\\/\\\/tttattoo.com\\\/de\\\/#website\"},\"primaryImageOfPage\":{\"@id\":\"https:\\\/\\\/tttattoo.com\\\/de\\\/faq\\\/#primaryimage\"},\"image\":{\"@id\":\"https:\\\/\\\/tttattoo.com\\\/de\\\/faq\\\/#primaryimage\"},\"thumbnailUrl\":\"https:\\\/\\\/tttattoo.com\\\/wp-content\\\/uploads\\\/2024\\\/02\\\/Handmade-Kid-Shop-My-cart.jpg\",\"datePublished\":\"2024-02-29T16:20:54+00:00\",\"dateModified\":\"2024-03-26T11:48:14+00:00\",\"breadcrumb\":{\"@id\":\"https:\\\/\\\/tttattoo.com\\\/de\\\/faq\\\/#breadcrumb\"},\"inLanguage\":\"de\",\"potentialAction\":[{\"@type\":\"ReadAction\",\"target\":[\"https:\\\/\\\/tttattoo.com\\\/de\\\/faq\\\/\"]}]},{\"@type\":\"ImageObject\",\"inLanguage\":\"de\",\"@id\":\"https:\\\/\\\/tttattoo.com\\\/de\\\/faq\\\/#primaryimage\",\"url\":\"https:\\\/\\\/tttattoo.com\\\/wp-content\\\/uploads\\\/2024\\\/02\\\/Handmade-Kid-Shop-My-cart.jpg\",\"contentUrl\":\"https:\\\/\\\/tttattoo.com\\\/wp-content\\\/uploads\\\/2024\\\/02\\\/Handmade-Kid-Shop-My-cart.jpg\",\"width\":400,\"height\":380},{\"@type\":\"BreadcrumbList\",\"@id\":\"https:\\\/\\\/tttattoo.com\\\/de\\\/faq\\\/#breadcrumb\",\"itemListElement\":[{\"@type\":\"ListItem\",\"position\":1,\"name\":\"Portada\",\"item\":\"https:\\\/\\\/tttattoo.com\\\/de\\\/zuhause\\\/\"},{\"@type\":\"ListItem\",\"position\":2,\"name\":\"H\u00e4ufig Gestellte Fragen\"}]},{\"@type\":\"WebSite\",\"@id\":\"https:\\\/\\\/tttattoo.com\\\/de\\\/#website\",\"url\":\"https:\\\/\\\/tttattoo.com\\\/de\\\/\",\"name\":\"Kaufen Originelle Tempor\u00e4re Tattoos - TTTattoo\",\"description\":\"Bei TTTattoo k\u00f6nnen Sie originale tempor\u00e4re Tattoos in Top-Qualit\u00e4t kaufen. Wir haben einen umfangreichen Katalog und Sie k\u00f6nnen ihn auch individuell anpassen! Wagen Sie es, mit Ihrer Kreativit\u00e4t zu spielen.\",\"publisher\":{\"@id\":\"https:\\\/\\\/tttattoo.com\\\/de\\\/#organization\"},\"potentialAction\":[{\"@type\":\"SearchAction\",\"target\":{\"@type\":\"EntryPoint\",\"urlTemplate\":\"https:\\\/\\\/tttattoo.com\\\/de\\\/?s={search_term_string}\"},\"query-input\":{\"@type\":\"PropertyValueSpecification\",\"valueRequired\":true,\"valueName\":\"search_term_string\"}}],\"inLanguage\":\"de\"},{\"@type\":\"Organization\",\"@id\":\"https:\\\/\\\/tttattoo.com\\\/de\\\/#organization\",\"name\":\"Kaufen Originelle Tempor\u00e4re Tattoos - TTTattoo\",\"url\":\"https:\\\/\\\/tttattoo.com\\\/de\\\/\",\"logo\":{\"@type\":\"ImageObject\",\"inLanguage\":\"de\",\"@id\":\"https:\\\/\\\/tttattoo.com\\\/de\\\/#\\\/schema\\\/logo\\\/image\\\/\",\"url\":\"https:\\\/\\\/tttattoo.com\\\/wp-content\\\/uploads\\\/2024\\\/03\\\/TTTattoo.png\",\"contentUrl\":\"https:\\\/\\\/tttattoo.com\\\/wp-content\\\/uploads\\\/2024\\\/03\\\/TTTattoo.png\",\"width\":500,\"height\":124,\"caption\":\"Kaufen Originelle Tempor\u00e4re Tattoos - TTTattoo\"},\"image\":{\"@id\":\"https:\\\/\\\/tttattoo.com\\\/de\\\/#\\\/schema\\\/logo\\\/image\\\/\"}}]}<\/script>\n<!-- \/ Yoast SEO plugin. -->","yoast_head_json":{"title":"H\u00e4ufig Gestellte Fragen - Kaufen Originelle Tempor\u00e4re Tattoos - TTTattoo","robots":{"index":"index","follow":"follow","max-snippet":"max-snippet:-1","max-image-preview":"max-image-preview:large","max-video-preview":"max-video-preview:-1"},"canonical":"https:\/\/tttattoo.com\/de\/faq\/","og_locale":"de_DE","og_type":"article","og_title":"H\u00e4ufig Gestellte Fragen - Kaufen Originelle Tempor\u00e4re Tattoos - TTTattoo","og_description":"Hilfe &#038; Infos Faq Wie lange h\u00e4lt ein TTTattoo? Die meisten Tattoos halten mindestens 2 oder 3 Tage. Sie sind wasserdicht und es geht ihnen unter der Dusche oder im Schwimmbad gut. Denken Sie daran, das Tattoo\u00a0 auf eine fettfreie Hautoberfl\u00e4che zu platzieren! Sind sie sicher? Sicherheit ist f\u00fcr TTTattoo eine Priorit\u00e4t. S\u00e4mtliche unserer tempor\u00e4ren [&hellip;]","og_url":"https:\/\/tttattoo.com\/de\/faq\/","og_site_name":"Kaufen Originelle Tempor\u00e4re Tattoos - TTTattoo","article_modified_time":"2024-03-26T11:48:14+00:00","og_image":[{"width":400,"height":380,"url":"https:\/\/tttattoo.com\/wp-content\/uploads\/2024\/02\/Handmade-Kid-Shop-My-cart.jpg","type":"image\/jpeg"}],"twitter_card":"summary_large_image","twitter_misc":{"Gesch\u00e4tzte Lesezeit":"2\u00a0Minuten"},"schema":{"@context":"https:\/\/schema.org","@graph":[{"@type":"WebPage","@id":"https:\/\/tttattoo.com\/de\/faq\/","url":"https:\/\/tttattoo.com\/de\/faq\/","name":"H\u00e4ufig Gestellte Fragen - Kaufen Originelle Tempor\u00e4re Tattoos - TTTattoo","isPartOf":{"@id":"https:\/\/tttattoo.com\/de\/#website"},"primaryImageOfPage":{"@id":"https:\/\/tttattoo.com\/de\/faq\/#primaryimage"},"image":{"@id":"https:\/\/tttattoo.com\/de\/faq\/#primaryimage"},"thumbnailUrl":"https:\/\/tttattoo.com\/wp-content\/uploads\/2024\/02\/Handmade-Kid-Shop-My-cart.jpg","datePublished":"2024-02-29T16:20:54+00:00","dateModified":"2024-03-26T11:48:14+00:00","breadcrumb":{"@id":"https:\/\/tttattoo.com\/de\/faq\/#breadcrumb"},"inLanguage":"de","potentialAction":[{"@type":"ReadAction","target":["https:\/\/tttattoo.com\/de\/faq\/"]}]},{"@type":"ImageObject","inLanguage":"de","@id":"https:\/\/tttattoo.com\/de\/faq\/#primaryimage","url":"https:\/\/tttattoo.com\/wp-content\/uploads\/2024\/02\/Handmade-Kid-Shop-My-cart.jpg","contentUrl":"https:\/\/tttattoo.com\/wp-content\/uploads\/2024\/02\/Handmade-Kid-Shop-My-cart.jpg","width":400,"height":380},{"@type":"BreadcrumbList","@id":"https:\/\/tttattoo.com\/de\/faq\/#breadcrumb","itemListElement":[{"@type":"ListItem","position":1,"name":"Portada","item":"https:\/\/tttattoo.com\/de\/zuhause\/"},{"@type":"ListItem","position":2,"name":"H\u00e4ufig Gestellte Fragen"}]},{"@type":"WebSite","@id":"https:\/\/tttattoo.com\/de\/#website","url":"https:\/\/tttattoo.com\/de\/","name":"Kaufen Originelle Tempor\u00e4re Tattoos - TTTattoo","description":"Bei TTTattoo k\u00f6nnen Sie originale tempor\u00e4re Tattoos in Top-Qualit\u00e4t kaufen. Wir haben einen umfangreichen Katalog und Sie k\u00f6nnen ihn auch individuell anpassen! Wagen Sie es, mit Ihrer Kreativit\u00e4t zu spielen.","publisher":{"@id":"https:\/\/tttattoo.com\/de\/#organization"},"potentialAction":[{"@type":"SearchAction","target":{"@type":"EntryPoint","urlTemplate":"https:\/\/tttattoo.com\/de\/?s={search_term_string}"},"query-input":{"@type":"PropertyValueSpecification","valueRequired":true,"valueName":"search_term_string"}}],"inLanguage":"de"},{"@type":"Organization","@id":"https:\/\/tttattoo.com\/de\/#organization","name":"Kaufen Originelle Tempor\u00e4re Tattoos - TTTattoo","url":"https:\/\/tttattoo.com\/de\/","logo":{"@type":"ImageObject","inLanguage":"de","@id":"https:\/\/tttattoo.com\/de\/#\/schema\/logo\/image\/","url":"https:\/\/tttattoo.com\/wp-content\/uploads\/2024\/03\/TTTattoo.png","contentUrl":"https:\/\/tttattoo.com\/wp-content\/uploads\/2024\/03\/TTTattoo.png","width":500,"height":124,"caption":"Kaufen Originelle Tempor\u00e4re Tattoos - TTTattoo"},"image":{"@id":"https:\/\/tttattoo.com\/de\/#\/schema\/logo\/image\/"}}]}},"_links":{"self":[{"href":"https:\/\/tttattoo.com\/de\/wp-json\/wp\/v2\/pages\/9443","targetHints":{"allow":["GET"]}}],"collection":[{"href":"https:\/\/tttattoo.com\/de\/wp-json\/wp\/v2\/pages"}],"about":[{"href":"https:\/\/tttattoo.com\/de\/wp-json\/wp\/v2\/types\/page"}],"author":[{"embeddable":true,"href":"https:\/\/tttattoo.com\/de\/wp-json\/wp\/v2\/users\/1"}],"replies":[{"embeddable":true,"href":"https:\/\/tttattoo.com\/de\/wp-json\/wp\/v2\/comments?post=9443"}],"version-history":[{"count":16,"href":"https:\/\/tttattoo.com\/de\/wp-json\/wp\/v2\/pages\/9443\/revisions"}],"predecessor-version":[{"id":9494,"href":"https:\/\/tttattoo.com\/de\/wp-json\/wp\/v2\/pages\/9443\/revisions\/9494"}],"wp:featuredmedia":[{"embeddable":true,"href":"https:\/\/tttattoo.com\/de\/wp-json\/wp\/v2\/media\/7823"}],"wp:attachment":[{"href":"https:\/\/tttattoo.com\/de\/wp-json\/wp\/v2\/media?parent=9443"}],"curies":[{"name":"wp","href":"https:\/\/api.w.org\/{rel}","templated":true}]}}