{"id":9159,"date":"2024-02-29T17:20:45","date_gmt":"2024-02-29T16:20:45","guid":{"rendered":"https:\/\/tttattoo.com\/wir-ueber-uns\/"},"modified":"2024-03-24T13:29:08","modified_gmt":"2024-03-24T12:29:08","slug":"wir-ueber-uns","status":"publish","type":"page","link":"https:\/\/tttattoo.com\/de\/wir-ueber-uns\/","title":{"rendered":"Wir \u00fcber uns"},"content":{"rendered":"\t\t<div data-elementor-type=\"wp-page\" data-elementor-id=\"9159\" class=\"elementor elementor-9159 elementor-7756\" data-elementor-post-type=\"page\">\n\t\t\t\t<div class=\"elementor-element elementor-element-197771d7 e-con-full e-flex e-con e-parent\" data-id=\"197771d7\" data-element_type=\"container\" data-e-type=\"container\">\n\t\t<div class=\"elementor-element elementor-element-18f3b1e7 e-con-full e-flex e-con e-child\" data-id=\"18f3b1e7\" data-element_type=\"container\" data-e-type=\"container\">\n\t\t\t\t<div class=\"elementor-element elementor-element-484d5e2c elementor-invisible elementor-widget elementor-widget-icon-box\" data-id=\"484d5e2c\" data-element_type=\"widget\" data-e-type=\"widget\" data-settings=\"{&quot;_animation&quot;:&quot;fadeInRight&quot;}\" data-widget_type=\"icon-box.default\">\n\t\t\t\t<div class=\"elementor-widget-container\">\n\t\t\t\t\t\t\t<div class=\"elementor-icon-box-wrapper\">\n\n\t\t\t\n\t\t\t\t\t\t<div class=\"elementor-icon-box-content\">\n\n\t\t\t\t\t\t\t\t\t<h1 class=\"elementor-icon-box-title\">\n\t\t\t\t\t\t<span  >\n\t\t\t\t\t\t\tFOREVER IS OUT!\t\t\t\t\t\t<\/span>\n\t\t\t\t\t<\/h1>\n\t\t\t\t\n\t\t\t\t\t\t\t\t\t<p class=\"elementor-icon-box-description\">\n\t\t\t\t\t\tTTTattoo ist ein Unternehmen f\u00fcr tempor\u00e4re Tattoos mit Sitz im sch\u00f6nen Barcelona, \u200b\u200b\u200b\u200bSpanien, das Originale und personalisierte tempor\u00e4re Tattoos f\u00fcr Erwachsene, Kinder und Jugendliche entwirft und vermarktet.\n\nDas Team von TTTattoo besteht aus sehr unterschiedlichen Profilen, aber mit einem gemeinsamen Nenner: Leidenschaft f\u00fcr Kunst und Grafikdesign und die Gewissheit, dass jedes Unternehmen auf Vertrauen und Kundendienstqualit\u00e4t basiert.\n\nWarum tempor\u00e4re Tattoos? Weil sie Spa\u00df machen und ein cooles Modeaccessoire sind.\t\t\t\t\t<\/p>\n\t\t\t\t\n\t\t\t<\/div>\n\t\t\t\n\t\t<\/div>\n\t\t\t\t\t\t<\/div>\n\t\t\t\t<\/div>\n\t\t\t\t<div class=\"elementor-element elementor-element-2308c4c2 animated-slow elementor-invisible elementor-widget elementor-widget-spacer\" data-id=\"2308c4c2\" data-element_type=\"widget\" data-e-type=\"widget\" data-settings=\"{&quot;_animation&quot;:&quot;fadeInLeft&quot;}\" data-widget_type=\"spacer.default\">\n\t\t\t\t<div class=\"elementor-widget-container\">\n\t\t\t\t\t\t\t<div class=\"elementor-spacer\">\n\t\t\t<div class=\"elementor-spacer-inner\"><\/div>\n\t\t<\/div>\n\t\t\t\t\t\t<\/div>\n\t\t\t\t<\/div>\n\t\t\t\t<\/div>\n\t\t<div class=\"elementor-element elementor-element-706a157c e-con-full e-flex e-con e-child\" data-id=\"706a157c\" data-element_type=\"container\" data-e-type=\"container\" data-settings=\"{&quot;background_background&quot;:&quot;classic&quot;,&quot;background_motion_fx_motion_fx_scrolling&quot;:&quot;yes&quot;,&quot;background_motion_fx_scale_effect&quot;:&quot;yes&quot;,&quot;background_motion_fx_scale_range&quot;:{&quot;unit&quot;:&quot;%&quot;,&quot;size&quot;:&quot;&quot;,&quot;sizes&quot;:{&quot;start&quot;:35,&quot;end&quot;:100}},&quot;background_motion_fx_scale_direction&quot;:&quot;out-in&quot;,&quot;background_motion_fx_scale_speed&quot;:{&quot;unit&quot;:&quot;px&quot;,&quot;size&quot;:4,&quot;sizes&quot;:[]},&quot;background_motion_fx_devices&quot;:[&quot;desktop&quot;,&quot;tablet&quot;,&quot;mobile&quot;]}\">\n\t\t\t\t<\/div>\n\t\t\t\t<\/div>\n\t\t<div class=\"elementor-element elementor-element-6c87940d e-con-full e-flex e-con e-parent\" data-id=\"6c87940d\" data-element_type=\"container\" data-e-type=\"container\">\n\t\t<div class=\"elementor-element elementor-element-62f9692 e-con-full e-flex e-con e-child\" data-id=\"62f9692\" data-element_type=\"container\" data-e-type=\"container\">\n\t\t\t\t<div class=\"elementor-element elementor-element-2d63ca99 elementor-invisible elementor-widget elementor-widget-image\" data-id=\"2d63ca99\" data-element_type=\"widget\" data-e-type=\"widget\" data-settings=\"{&quot;motion_fx_motion_fx_scrolling&quot;:&quot;yes&quot;,&quot;motion_fx_translateY_effect&quot;:&quot;yes&quot;,&quot;motion_fx_translateY_direction&quot;:&quot;negative&quot;,&quot;motion_fx_translateY_affectedRange&quot;:{&quot;unit&quot;:&quot;%&quot;,&quot;size&quot;:&quot;&quot;,&quot;sizes&quot;:{&quot;start&quot;:50,&quot;end&quot;:100}},&quot;motion_fx_devices&quot;:[&quot;desktop&quot;,&quot;tablet&quot;],&quot;_animation&quot;:&quot;fadeInUp&quot;,&quot;motion_fx_translateY_speed&quot;:{&quot;unit&quot;:&quot;px&quot;,&quot;size&quot;:4,&quot;sizes&quot;:[]}}\" data-widget_type=\"image.default\">\n\t\t\t\t<div class=\"elementor-widget-container\">\n\t\t\t\t\t\t\t\t\t\t\t\t\t\t\t<img fetchpriority=\"high\" decoding=\"async\" width=\"1000\" height=\"1000\" src=\"https:\/\/tttattoo.com\/wp-content\/uploads\/2021\/09\/2025-Ladybug.jpg\" class=\"attachment-full size-full wp-image-3941\" alt=\"\" srcset=\"https:\/\/tttattoo.com\/wp-content\/uploads\/2021\/09\/2025-Ladybug.jpg 1000w, https:\/\/tttattoo.com\/wp-content\/uploads\/2021\/09\/2025-Ladybug-300x300.jpg 300w, https:\/\/tttattoo.com\/wp-content\/uploads\/2021\/09\/2025-Ladybug-100x100.jpg 100w, https:\/\/tttattoo.com\/wp-content\/uploads\/2021\/09\/2025-Ladybug-600x600.jpg 600w, https:\/\/tttattoo.com\/wp-content\/uploads\/2021\/09\/2025-Ladybug-150x150.jpg 150w, https:\/\/tttattoo.com\/wp-content\/uploads\/2021\/09\/2025-Ladybug-768x768.jpg 768w\" sizes=\"(max-width: 1000px) 100vw, 1000px\" \/>\t\t\t\t\t\t\t\t\t\t\t\t\t\t\t<\/div>\n\t\t\t\t<\/div>\n\t\t\t\t<\/div>\n\t\t<div class=\"elementor-element elementor-element-cc7c57a e-con-full e-flex e-con e-child\" data-id=\"cc7c57a\" data-element_type=\"container\" data-e-type=\"container\" data-settings=\"{&quot;background_background&quot;:&quot;classic&quot;}\">\n\t\t\t\t<div class=\"elementor-element elementor-element-3dc91419 animated-slow elementor-invisible elementor-widget elementor-widget-image\" data-id=\"3dc91419\" data-element_type=\"widget\" data-e-type=\"widget\" data-settings=\"{&quot;motion_fx_motion_fx_scrolling&quot;:&quot;yes&quot;,&quot;motion_fx_devices&quot;:[&quot;desktop&quot;,&quot;tablet&quot;],&quot;motion_fx_motion_fx_mouse&quot;:&quot;yes&quot;,&quot;motion_fx_mouseTrack_effect&quot;:&quot;yes&quot;,&quot;motion_fx_mouseTrack_speed&quot;:{&quot;unit&quot;:&quot;px&quot;,&quot;size&quot;:0.1,&quot;sizes&quot;:[]},&quot;_animation&quot;:&quot;fadeInLeft&quot;}\" data-widget_type=\"image.default\">\n\t\t\t\t<div class=\"elementor-widget-container\">\n\t\t\t\t\t\t\t\t\t\t\t\t\t\t\t<img decoding=\"async\" width=\"1000\" height=\"1000\" src=\"https:\/\/tttattoo.com\/wp-content\/uploads\/2021\/09\/2072-Black-Cat.jpg\" class=\"attachment-full size-full wp-image-3741\" alt=\"\" srcset=\"https:\/\/tttattoo.com\/wp-content\/uploads\/2021\/09\/2072-Black-Cat.jpg 1000w, https:\/\/tttattoo.com\/wp-content\/uploads\/2021\/09\/2072-Black-Cat-300x300.jpg 300w, https:\/\/tttattoo.com\/wp-content\/uploads\/2021\/09\/2072-Black-Cat-100x100.jpg 100w, https:\/\/tttattoo.com\/wp-content\/uploads\/2021\/09\/2072-Black-Cat-600x600.jpg 600w, https:\/\/tttattoo.com\/wp-content\/uploads\/2021\/09\/2072-Black-Cat-150x150.jpg 150w, https:\/\/tttattoo.com\/wp-content\/uploads\/2021\/09\/2072-Black-Cat-768x768.jpg 768w\" sizes=\"(max-width: 1000px) 100vw, 1000px\" \/>\t\t\t\t\t\t\t\t\t\t\t\t\t\t\t<\/div>\n\t\t\t\t<\/div>\n\t\t\t\t<div class=\"elementor-element elementor-element-9f24adc elementor-invisible elementor-widget elementor-widget-heading\" data-id=\"9f24adc\" data-element_type=\"widget\" data-e-type=\"widget\" data-settings=\"{&quot;_animation&quot;:&quot;slideInUp&quot;}\" data-widget_type=\"heading.default\">\n\t\t\t\t<div class=\"elementor-widget-container\">\n\t\t\t\t\t<h2 class=\"elementor-heading-title elementor-size-default\">Die Zukunft<\/h2>\t\t\t\t<\/div>\n\t\t\t\t<\/div>\n\t\t\t\t<div class=\"elementor-element elementor-element-21ef804a elementor-invisible elementor-widget elementor-widget-text-editor\" data-id=\"21ef804a\" data-element_type=\"widget\" data-e-type=\"widget\" data-settings=\"{&quot;_animation&quot;:&quot;slideInDown&quot;}\" data-widget_type=\"text-editor.default\">\n\t\t\t\t<div class=\"elementor-widget-container\">\n\t\t\t\t\t\t\t\t\t<p>Wir stellen uns eine Welt vor, in der s\u00e4mtliches Plastik zu n\u00fctzlichen, sch\u00f6nen Kreationen recycelt wird. Da sich die Technologie verbessert und die Verbraucher umweltbewusster werden, werden wir alles tun, um die \u00e4sthetischsten und nachhaltigsten Produkte anzubieten.<\/p>\n\t\t\t\t\t\t\t\t<\/div>\n\t\t\t\t<\/div>\n\t\t\t\t<div class=\"elementor-element elementor-element-7a855f9d animated-slow elementor-invisible elementor-widget elementor-widget-image\" data-id=\"7a855f9d\" data-element_type=\"widget\" data-e-type=\"widget\" data-settings=\"{&quot;motion_fx_motion_fx_scrolling&quot;:&quot;yes&quot;,&quot;motion_fx_devices&quot;:[&quot;desktop&quot;,&quot;tablet&quot;],&quot;motion_fx_motion_fx_mouse&quot;:&quot;yes&quot;,&quot;motion_fx_mouseTrack_effect&quot;:&quot;yes&quot;,&quot;motion_fx_mouseTrack_direction&quot;:&quot;negative&quot;,&quot;motion_fx_mouseTrack_speed&quot;:{&quot;unit&quot;:&quot;px&quot;,&quot;size&quot;:0.1,&quot;sizes&quot;:[]},&quot;_animation&quot;:&quot;fadeInRight&quot;}\" data-widget_type=\"image.default\">\n\t\t\t\t<div class=\"elementor-widget-container\">\n\t\t\t\t\t\t\t\t\t\t\t\t\t\t\t<img decoding=\"async\" width=\"1000\" height=\"1000\" src=\"https:\/\/tttattoo.com\/wp-content\/uploads\/2021\/09\/1952-Dots-Tree.jpg\" class=\"attachment-full size-full wp-image-3801\" alt=\"\" srcset=\"https:\/\/tttattoo.com\/wp-content\/uploads\/2021\/09\/1952-Dots-Tree.jpg 1000w, https:\/\/tttattoo.com\/wp-content\/uploads\/2021\/09\/1952-Dots-Tree-300x300.jpg 300w, https:\/\/tttattoo.com\/wp-content\/uploads\/2021\/09\/1952-Dots-Tree-100x100.jpg 100w, https:\/\/tttattoo.com\/wp-content\/uploads\/2021\/09\/1952-Dots-Tree-600x600.jpg 600w, https:\/\/tttattoo.com\/wp-content\/uploads\/2021\/09\/1952-Dots-Tree-150x150.jpg 150w, https:\/\/tttattoo.com\/wp-content\/uploads\/2021\/09\/1952-Dots-Tree-768x768.jpg 768w\" sizes=\"(max-width: 1000px) 100vw, 1000px\" \/>\t\t\t\t\t\t\t\t\t\t\t\t\t\t\t<\/div>\n\t\t\t\t<\/div>\n\t\t\t\t<\/div>\n\t\t<div class=\"elementor-element elementor-element-1df1dd33 e-con-full e-flex e-con e-child\" data-id=\"1df1dd33\" data-element_type=\"container\" data-e-type=\"container\">\n\t\t\t\t<div class=\"elementor-element elementor-element-47cabb29 elementor-invisible elementor-widget elementor-widget-image\" data-id=\"47cabb29\" data-element_type=\"widget\" data-e-type=\"widget\" data-settings=\"{&quot;motion_fx_motion_fx_scrolling&quot;:&quot;yes&quot;,&quot;motion_fx_translateY_effect&quot;:&quot;yes&quot;,&quot;_animation&quot;:&quot;fadeInDown&quot;,&quot;motion_fx_translateY_speed&quot;:{&quot;unit&quot;:&quot;px&quot;,&quot;size&quot;:4,&quot;sizes&quot;:[]},&quot;motion_fx_translateY_affectedRange&quot;:{&quot;unit&quot;:&quot;%&quot;,&quot;size&quot;:&quot;&quot;,&quot;sizes&quot;:{&quot;start&quot;:0,&quot;end&quot;:100}},&quot;motion_fx_devices&quot;:[&quot;desktop&quot;,&quot;tablet&quot;,&quot;mobile&quot;]}\" data-widget_type=\"image.default\">\n\t\t\t\t<div class=\"elementor-widget-container\">\n\t\t\t\t\t\t\t\t\t\t\t\t\t\t\t<img loading=\"lazy\" decoding=\"async\" width=\"1000\" height=\"1000\" src=\"https:\/\/tttattoo.com\/wp-content\/uploads\/2019\/05\/2066-Go-Vegan.jpg\" class=\"attachment-full size-full wp-image-3006\" alt=\"\" srcset=\"https:\/\/tttattoo.com\/wp-content\/uploads\/2019\/05\/2066-Go-Vegan.jpg 1000w, https:\/\/tttattoo.com\/wp-content\/uploads\/2019\/05\/2066-Go-Vegan-300x300.jpg 300w, https:\/\/tttattoo.com\/wp-content\/uploads\/2019\/05\/2066-Go-Vegan-100x100.jpg 100w, https:\/\/tttattoo.com\/wp-content\/uploads\/2019\/05\/2066-Go-Vegan-600x600.jpg 600w, https:\/\/tttattoo.com\/wp-content\/uploads\/2019\/05\/2066-Go-Vegan-150x150.jpg 150w, https:\/\/tttattoo.com\/wp-content\/uploads\/2019\/05\/2066-Go-Vegan-768x768.jpg 768w\" sizes=\"(max-width: 1000px) 100vw, 1000px\" \/>\t\t\t\t\t\t\t\t\t\t\t\t\t\t\t<\/div>\n\t\t\t\t<\/div>\n\t\t\t\t<\/div>\n\t\t\t\t<\/div>\n\t\t\t\t<\/div>\n\t\t","protected":false},"excerpt":{"rendered":"<p>FOREVER IS OUT! TTTattoo ist ein Unternehmen f\u00fcr tempor\u00e4re Tattoos mit Sitz im sch\u00f6nen Barcelona, \u200b\u200b\u200b\u200bSpanien, das Originale und personalisierte tempor\u00e4re Tattoos f\u00fcr Erwachsene, Kinder und Jugendliche entwirft und vermarktet. Das Team von TTTattoo besteht aus sehr unterschiedlichen Profilen, aber mit einem gemeinsamen Nenner: Leidenschaft f\u00fcr Kunst und Grafikdesign und die Gewissheit, dass jedes Unternehmen [&hellip;]<\/p>\n","protected":false},"author":1,"featured_media":7791,"parent":0,"menu_order":0,"comment_status":"closed","ping_status":"closed","template":"elementor_header_footer","meta":{"footnotes":""},"class_list":["post-9159","page","type-page","status-publish","has-post-thumbnail","hentry"],"yoast_head":"<!-- This site is optimized with the Yoast SEO plugin v27.4 - https:\/\/yoast.com\/product\/yoast-seo-wordpress\/ -->\n<title>Wir \u00fcber uns - Kaufen Originelle Tempor\u00e4re Tattoos - TTTattoo<\/title>\n<meta name=\"robots\" content=\"index, follow, max-snippet:-1, max-image-preview:large, max-video-preview:-1\" \/>\n<link rel=\"canonical\" href=\"https:\/\/tttattoo.com\/de\/wir-ueber-uns\/\" \/>\n<meta property=\"og:locale\" content=\"de_DE\" \/>\n<meta property=\"og:type\" content=\"article\" \/>\n<meta property=\"og:title\" content=\"Wir \u00fcber uns - Kaufen Originelle Tempor\u00e4re Tattoos - TTTattoo\" \/>\n<meta property=\"og:description\" content=\"FOREVER IS OUT! TTTattoo ist ein Unternehmen f\u00fcr tempor\u00e4re Tattoos mit Sitz im sch\u00f6nen Barcelona, \u200b\u200b\u200b\u200bSpanien, das Originale und personalisierte tempor\u00e4re Tattoos f\u00fcr Erwachsene, Kinder und Jugendliche entwirft und vermarktet. Das Team von TTTattoo besteht aus sehr unterschiedlichen Profilen, aber mit einem gemeinsamen Nenner: Leidenschaft f\u00fcr Kunst und Grafikdesign und die Gewissheit, dass jedes Unternehmen [&hellip;]\" \/>\n<meta property=\"og:url\" content=\"https:\/\/tttattoo.com\/de\/wir-ueber-uns\/\" \/>\n<meta property=\"og:site_name\" content=\"Kaufen Originelle Tempor\u00e4re Tattoos - TTTattoo\" \/>\n<meta property=\"article:modified_time\" content=\"2024-03-24T12:29:08+00:00\" \/>\n<meta property=\"og:image\" content=\"https:\/\/tttattoo.com\/wp-content\/uploads\/2024\/02\/Handmade-Kid-Shop-Product-single-page.jpg\" \/>\n\t<meta property=\"og:image:width\" content=\"400\" \/>\n\t<meta property=\"og:image:height\" content=\"380\" \/>\n\t<meta property=\"og:image:type\" content=\"image\/jpeg\" \/>\n<meta name=\"twitter:card\" content=\"summary_large_image\" \/>\n<meta name=\"twitter:label1\" content=\"Gesch\u00e4tzte Lesezeit\" \/>\n\t<meta name=\"twitter:data1\" content=\"1\u00a0Minute\" \/>\n<script type=\"application\/ld+json\" class=\"yoast-schema-graph\">{\"@context\":\"https:\\\/\\\/schema.org\",\"@graph\":[{\"@type\":\"WebPage\",\"@id\":\"https:\\\/\\\/tttattoo.com\\\/de\\\/wir-ueber-uns\\\/\",\"url\":\"https:\\\/\\\/tttattoo.com\\\/de\\\/wir-ueber-uns\\\/\",\"name\":\"Wir \u00fcber uns - Kaufen Originelle Tempor\u00e4re Tattoos - TTTattoo\",\"isPartOf\":{\"@id\":\"https:\\\/\\\/tttattoo.com\\\/de\\\/#website\"},\"primaryImageOfPage\":{\"@id\":\"https:\\\/\\\/tttattoo.com\\\/de\\\/wir-ueber-uns\\\/#primaryimage\"},\"image\":{\"@id\":\"https:\\\/\\\/tttattoo.com\\\/de\\\/wir-ueber-uns\\\/#primaryimage\"},\"thumbnailUrl\":\"https:\\\/\\\/tttattoo.com\\\/wp-content\\\/uploads\\\/2024\\\/02\\\/Handmade-Kid-Shop-Product-single-page.jpg\",\"datePublished\":\"2024-02-29T16:20:45+00:00\",\"dateModified\":\"2024-03-24T12:29:08+00:00\",\"breadcrumb\":{\"@id\":\"https:\\\/\\\/tttattoo.com\\\/de\\\/wir-ueber-uns\\\/#breadcrumb\"},\"inLanguage\":\"de\",\"potentialAction\":[{\"@type\":\"ReadAction\",\"target\":[\"https:\\\/\\\/tttattoo.com\\\/de\\\/wir-ueber-uns\\\/\"]}]},{\"@type\":\"ImageObject\",\"inLanguage\":\"de\",\"@id\":\"https:\\\/\\\/tttattoo.com\\\/de\\\/wir-ueber-uns\\\/#primaryimage\",\"url\":\"https:\\\/\\\/tttattoo.com\\\/wp-content\\\/uploads\\\/2024\\\/02\\\/Handmade-Kid-Shop-Product-single-page.jpg\",\"contentUrl\":\"https:\\\/\\\/tttattoo.com\\\/wp-content\\\/uploads\\\/2024\\\/02\\\/Handmade-Kid-Shop-Product-single-page.jpg\",\"width\":400,\"height\":380},{\"@type\":\"BreadcrumbList\",\"@id\":\"https:\\\/\\\/tttattoo.com\\\/de\\\/wir-ueber-uns\\\/#breadcrumb\",\"itemListElement\":[{\"@type\":\"ListItem\",\"position\":1,\"name\":\"Portada\",\"item\":\"https:\\\/\\\/tttattoo.com\\\/de\\\/zuhause\\\/\"},{\"@type\":\"ListItem\",\"position\":2,\"name\":\"Wir \u00fcber uns\"}]},{\"@type\":\"WebSite\",\"@id\":\"https:\\\/\\\/tttattoo.com\\\/de\\\/#website\",\"url\":\"https:\\\/\\\/tttattoo.com\\\/de\\\/\",\"name\":\"Kaufen Originelle Tempor\u00e4re Tattoos - TTTattoo\",\"description\":\"Bei TTTattoo k\u00f6nnen Sie originale tempor\u00e4re Tattoos in Top-Qualit\u00e4t kaufen. Wir haben einen umfangreichen Katalog und Sie k\u00f6nnen ihn auch individuell anpassen! Wagen Sie es, mit Ihrer Kreativit\u00e4t zu spielen.\",\"publisher\":{\"@id\":\"https:\\\/\\\/tttattoo.com\\\/de\\\/#organization\"},\"potentialAction\":[{\"@type\":\"SearchAction\",\"target\":{\"@type\":\"EntryPoint\",\"urlTemplate\":\"https:\\\/\\\/tttattoo.com\\\/de\\\/?s={search_term_string}\"},\"query-input\":{\"@type\":\"PropertyValueSpecification\",\"valueRequired\":true,\"valueName\":\"search_term_string\"}}],\"inLanguage\":\"de\"},{\"@type\":\"Organization\",\"@id\":\"https:\\\/\\\/tttattoo.com\\\/de\\\/#organization\",\"name\":\"Kaufen Originelle Tempor\u00e4re Tattoos - TTTattoo\",\"url\":\"https:\\\/\\\/tttattoo.com\\\/de\\\/\",\"logo\":{\"@type\":\"ImageObject\",\"inLanguage\":\"de\",\"@id\":\"https:\\\/\\\/tttattoo.com\\\/de\\\/#\\\/schema\\\/logo\\\/image\\\/\",\"url\":\"https:\\\/\\\/tttattoo.com\\\/wp-content\\\/uploads\\\/2024\\\/03\\\/TTTattoo.png\",\"contentUrl\":\"https:\\\/\\\/tttattoo.com\\\/wp-content\\\/uploads\\\/2024\\\/03\\\/TTTattoo.png\",\"width\":500,\"height\":124,\"caption\":\"Kaufen Originelle Tempor\u00e4re Tattoos - TTTattoo\"},\"image\":{\"@id\":\"https:\\\/\\\/tttattoo.com\\\/de\\\/#\\\/schema\\\/logo\\\/image\\\/\"}}]}<\/script>\n<!-- \/ Yoast SEO plugin. -->","yoast_head_json":{"title":"Wir \u00fcber uns - Kaufen Originelle Tempor\u00e4re Tattoos - TTTattoo","robots":{"index":"index","follow":"follow","max-snippet":"max-snippet:-1","max-image-preview":"max-image-preview:large","max-video-preview":"max-video-preview:-1"},"canonical":"https:\/\/tttattoo.com\/de\/wir-ueber-uns\/","og_locale":"de_DE","og_type":"article","og_title":"Wir \u00fcber uns - Kaufen Originelle Tempor\u00e4re Tattoos - TTTattoo","og_description":"FOREVER IS OUT! TTTattoo ist ein Unternehmen f\u00fcr tempor\u00e4re Tattoos mit Sitz im sch\u00f6nen Barcelona, \u200b\u200b\u200b\u200bSpanien, das Originale und personalisierte tempor\u00e4re Tattoos f\u00fcr Erwachsene, Kinder und Jugendliche entwirft und vermarktet. Das Team von TTTattoo besteht aus sehr unterschiedlichen Profilen, aber mit einem gemeinsamen Nenner: Leidenschaft f\u00fcr Kunst und Grafikdesign und die Gewissheit, dass jedes Unternehmen [&hellip;]","og_url":"https:\/\/tttattoo.com\/de\/wir-ueber-uns\/","og_site_name":"Kaufen Originelle Tempor\u00e4re Tattoos - TTTattoo","article_modified_time":"2024-03-24T12:29:08+00:00","og_image":[{"width":400,"height":380,"url":"https:\/\/tttattoo.com\/wp-content\/uploads\/2024\/02\/Handmade-Kid-Shop-Product-single-page.jpg","type":"image\/jpeg"}],"twitter_card":"summary_large_image","twitter_misc":{"Gesch\u00e4tzte Lesezeit":"1\u00a0Minute"},"schema":{"@context":"https:\/\/schema.org","@graph":[{"@type":"WebPage","@id":"https:\/\/tttattoo.com\/de\/wir-ueber-uns\/","url":"https:\/\/tttattoo.com\/de\/wir-ueber-uns\/","name":"Wir \u00fcber uns - Kaufen Originelle Tempor\u00e4re Tattoos - TTTattoo","isPartOf":{"@id":"https:\/\/tttattoo.com\/de\/#website"},"primaryImageOfPage":{"@id":"https:\/\/tttattoo.com\/de\/wir-ueber-uns\/#primaryimage"},"image":{"@id":"https:\/\/tttattoo.com\/de\/wir-ueber-uns\/#primaryimage"},"thumbnailUrl":"https:\/\/tttattoo.com\/wp-content\/uploads\/2024\/02\/Handmade-Kid-Shop-Product-single-page.jpg","datePublished":"2024-02-29T16:20:45+00:00","dateModified":"2024-03-24T12:29:08+00:00","breadcrumb":{"@id":"https:\/\/tttattoo.com\/de\/wir-ueber-uns\/#breadcrumb"},"inLanguage":"de","potentialAction":[{"@type":"ReadAction","target":["https:\/\/tttattoo.com\/de\/wir-ueber-uns\/"]}]},{"@type":"ImageObject","inLanguage":"de","@id":"https:\/\/tttattoo.com\/de\/wir-ueber-uns\/#primaryimage","url":"https:\/\/tttattoo.com\/wp-content\/uploads\/2024\/02\/Handmade-Kid-Shop-Product-single-page.jpg","contentUrl":"https:\/\/tttattoo.com\/wp-content\/uploads\/2024\/02\/Handmade-Kid-Shop-Product-single-page.jpg","width":400,"height":380},{"@type":"BreadcrumbList","@id":"https:\/\/tttattoo.com\/de\/wir-ueber-uns\/#breadcrumb","itemListElement":[{"@type":"ListItem","position":1,"name":"Portada","item":"https:\/\/tttattoo.com\/de\/zuhause\/"},{"@type":"ListItem","position":2,"name":"Wir \u00fcber uns"}]},{"@type":"WebSite","@id":"https:\/\/tttattoo.com\/de\/#website","url":"https:\/\/tttattoo.com\/de\/","name":"Kaufen Originelle Tempor\u00e4re Tattoos - TTTattoo","description":"Bei TTTattoo k\u00f6nnen Sie originale tempor\u00e4re Tattoos in Top-Qualit\u00e4t kaufen. Wir haben einen umfangreichen Katalog und Sie k\u00f6nnen ihn auch individuell anpassen! Wagen Sie es, mit Ihrer Kreativit\u00e4t zu spielen.","publisher":{"@id":"https:\/\/tttattoo.com\/de\/#organization"},"potentialAction":[{"@type":"SearchAction","target":{"@type":"EntryPoint","urlTemplate":"https:\/\/tttattoo.com\/de\/?s={search_term_string}"},"query-input":{"@type":"PropertyValueSpecification","valueRequired":true,"valueName":"search_term_string"}}],"inLanguage":"de"},{"@type":"Organization","@id":"https:\/\/tttattoo.com\/de\/#organization","name":"Kaufen Originelle Tempor\u00e4re Tattoos - TTTattoo","url":"https:\/\/tttattoo.com\/de\/","logo":{"@type":"ImageObject","inLanguage":"de","@id":"https:\/\/tttattoo.com\/de\/#\/schema\/logo\/image\/","url":"https:\/\/tttattoo.com\/wp-content\/uploads\/2024\/03\/TTTattoo.png","contentUrl":"https:\/\/tttattoo.com\/wp-content\/uploads\/2024\/03\/TTTattoo.png","width":500,"height":124,"caption":"Kaufen Originelle Tempor\u00e4re Tattoos - TTTattoo"},"image":{"@id":"https:\/\/tttattoo.com\/de\/#\/schema\/logo\/image\/"}}]}},"_links":{"self":[{"href":"https:\/\/tttattoo.com\/de\/wp-json\/wp\/v2\/pages\/9159","targetHints":{"allow":["GET"]}}],"collection":[{"href":"https:\/\/tttattoo.com\/de\/wp-json\/wp\/v2\/pages"}],"about":[{"href":"https:\/\/tttattoo.com\/de\/wp-json\/wp\/v2\/types\/page"}],"author":[{"embeddable":true,"href":"https:\/\/tttattoo.com\/de\/wp-json\/wp\/v2\/users\/1"}],"replies":[{"embeddable":true,"href":"https:\/\/tttattoo.com\/de\/wp-json\/wp\/v2\/comments?post=9159"}],"version-history":[{"count":1,"href":"https:\/\/tttattoo.com\/de\/wp-json\/wp\/v2\/pages\/9159\/revisions"}],"predecessor-version":[{"id":9160,"href":"https:\/\/tttattoo.com\/de\/wp-json\/wp\/v2\/pages\/9159\/revisions\/9160"}],"wp:featuredmedia":[{"embeddable":true,"href":"https:\/\/tttattoo.com\/de\/wp-json\/wp\/v2\/media\/7791"}],"wp:attachment":[{"href":"https:\/\/tttattoo.com\/de\/wp-json\/wp\/v2\/media?parent=9159"}],"curies":[{"name":"wp","href":"https:\/\/api.w.org\/{rel}","templated":true}]}}