{"id":4415,"date":"2021-08-31T16:08:04","date_gmt":"2021-08-31T14:08:04","guid":{"rendered":"https:\/\/tttattoo.com\/wholesale\/"},"modified":"2024-04-22T15:56:43","modified_gmt":"2024-04-22T13:56:43","slug":"grosshandel","status":"publish","type":"page","link":"https:\/\/tttattoo.com\/de\/grosshandel\/","title":{"rendered":"Gro\u00dfhandel"},"content":{"rendered":"\t\t<div data-elementor-type=\"wp-page\" data-elementor-id=\"4415\" class=\"elementor elementor-4415 elementor-4411\" data-elementor-post-type=\"page\">\n\t\t\t\t<div class=\"elementor-element elementor-element-5f1ba91 e-flex e-con-boxed e-con e-parent\" data-id=\"5f1ba91\" data-element_type=\"container\" data-e-type=\"container\">\n\t\t\t\t\t<div class=\"e-con-inner\">\n\t\t<div class=\"elementor-element elementor-element-4d0f533 e-con-full e-flex e-con e-child\" data-id=\"4d0f533\" data-element_type=\"container\" data-e-type=\"container\">\n\t\t\t\t<div class=\"elementor-element elementor-element-f66bc3c elementor-widget elementor-widget-heading\" data-id=\"f66bc3c\" data-element_type=\"widget\" data-e-type=\"widget\" data-widget_type=\"heading.default\">\n\t\t\t\t<div class=\"elementor-widget-container\">\n\t\t\t\t\t<h1 class=\"elementor-heading-title elementor-size-default\">Gro\u00dfhandel<\/h1>\t\t\t\t<\/div>\n\t\t\t\t<\/div>\n\t\t\t\t<div class=\"elementor-element elementor-element-f1f2549 elementor-widget elementor-widget-heading\" data-id=\"f1f2549\" data-element_type=\"widget\" data-e-type=\"widget\" data-widget_type=\"heading.default\">\n\t\t\t\t<div class=\"elementor-widget-container\">\n\t\t\t\t\t<h2 class=\"elementor-heading-title elementor-size-default\">Custom TEMPORARY Tattoos Gro\u00dfhandel<\/h2>\t\t\t\t<\/div>\n\t\t\t\t<\/div>\n\t\t\t\t<div class=\"elementor-element elementor-element-250a93d elementor-widget elementor-widget-text-editor\" data-id=\"250a93d\" data-element_type=\"widget\" data-e-type=\"widget\" data-widget_type=\"text-editor.default\">\n\t\t\t\t<div class=\"elementor-widget-container\">\n\t\t\t\t\t\t\t\t\t<p>Suchst du nach einer originellen neuen M\u00f6glichkeit, deine Marke zu bewerben? M\u00f6chtest du, dass dein Marketing-Event auch nach dem gro\u00dfen Tag in der Haut deiner G\u00e4ste weiterlebt und viel mehr Menschen erreicht als die, die tats\u00e4chlich dabei waren? Hier bist du richtig! Wir haben, was du suchst.<\/p>\n<p>Tempor\u00e4re Tattoos sind eine lustige und originelle Art, sich zu zeigen, der perfekte Eisbrecher f\u00fcr eine Veranstaltung, sie sind modisch, billig und sie k\u00f6nnen eine ganze Generation in eine nostalgische Kindheit zur\u00fcckversetzen, als sie noch als &#8222;Transfers&#8220; bekannt waren.<\/p>\n<p><strong>TTTattoo bietet dir Mengenflexibilit\u00e4t bei bester Qualit\u00e4t. Wir brauchen nur:<\/strong><\/p>\n<ul>\n<li>Die Gr\u00f6\u00dfe und Menge des personalisierten Tattoos<\/li>\n<li>Deine Zeichnung (oder dein Modell), wenn du sie bereits hast, kannst du sie in den folgenden Formaten schicken: .PDF, .TIF, .JPG, .PNG, .PSD, .AI, .EPS (denk daran, dass es sich um qualitativ hochwertige Dateien handeln muss)<\/li>\n<\/ul>\n<p>Belebe dein Produktangebot und hebe dich auf dem Markt ab mit dem Verkauf von tempor\u00e4ren Tattoos im Gro\u00dfhandel von TTTattoo. Diese Produkte sind nicht nur ein vor\u00fcbergehender Trend, sondern ein m\u00e4chtiges Marketinginstrument und eine perfekte Erg\u00e4nzung f\u00fcr jeden Laden, der sein Konzept erneuern m\u00f6chte. Der Gro\u00dfhandel mit tempor\u00e4ren Tattoos von TTTattoo erm\u00f6glicht es dir, individuelle Designs zu entwerfen, die deine Marke oder den Geist deiner Veranstaltung widerspiegeln, damit jedes Tattoo so einzigartig ist wie deine Kunden.<\/p>\n<p>Dies ist eine Gelegenheit, Gespr\u00e4che und Verbindungen herzustellen. Du kannst die tempor\u00e4ren Tattoos bei Firmenveranstaltungen, Konzerten, Festivals oder einfach als Teil des regul\u00e4ren Angebots deines Ladens einsetzen &#8211; diese Tattoos hinterlassen garantiert einen bleibenden Eindruck.<\/p>\n<p>Mit TTTattoo ist der Prozess einfach und kann an deine Bed\u00fcrfnisse angepasst werden. Du kannst aus einer Vielzahl bereits vorhandener Designs w\u00e4hlen oder deine eigenen Entw\u00fcrfe in verschiedenen Formaten einsenden, um sicherzustellen, dass das Endprodukt genau so ist, wie du es brauchst &#8211; ganz individuell. Und egal, ob du nur kleine Mengen f\u00fcr eine bestimmte Veranstaltung oder gro\u00dfe Mengen f\u00fcr eine breitere Verteilung ben\u00f6tigst, TTTattoo passt sich deinen Anforderungen flexibel und effizient an.<\/p>\n<p>Ermutige deine Kunden, ihre Kreativit\u00e4t und ihren pers\u00f6nlichen Stil mit Tattoos auszudr\u00fccken, die sie mit Stolz und ohne langfristige Verpflichtung tragen k\u00f6nnen. Der Verkauf von tempor\u00e4ren Tattoos im Gro\u00dfhandel von TTTattoo ist nicht nur eine Dienstleistung; es sind tragbare, gemeinsam nutzbare Erlebnisse, die deine Kunden mit sich tragen und an die sie sich erinnern werden. Es ist an der Zeit, deine Reichweite zu erh\u00f6hen und die Wirkung deines Unternehmens mit TTTattoo zu vertiefen, wo Qualit\u00e4t auf Kreativit\u00e4t trifft.<\/p>\n<p>Hast du noch Zweifel? Keine Sorge, wir sind darauf bestens vorbereitet \ud83d\ude09 Konsultiere uns unter <a href=\"mailto:info@tttattoo.com\">info@tttattoo.com!<\/a><\/p>\n\t\t\t\t\t\t\t\t<\/div>\n\t\t\t\t<\/div>\n\t\t\t\t<div class=\"elementor-element elementor-element-9437d39 elementor-widget elementor-widget-text-editor\" data-id=\"9437d39\" data-element_type=\"widget\" data-e-type=\"widget\" data-widget_type=\"text-editor.default\">\n\t\t\t\t<div class=\"elementor-widget-container\">\n\t\t\t\t\t\t\t\t\t<p>Willst du mehr \u00fcber unser Sortiment an tempor\u00e4ren Tattoos erfahren? Hast du einen Laden und denkst du, dass unsere TTTattoos zu deinem Laden passen? Toll! Du kannst unseren Gro\u00dfhandelskatalog bei uns anfordern und uns unter <a href=\"mailto:info@tttattoo.com\">info@tttattoo.com<\/a> kontaktieren <a href=\"mailto:info@tttattoo.com\">.<\/a> Wir freuen uns auf ein Gespr\u00e4ch mit dir.<\/p>\n<p>Wir freuen uns darauf, von dir zu h\u00f6ren!<\/p>\n\t\t\t\t\t\t\t\t<\/div>\n\t\t\t\t<\/div>\n\t\t\t\t<\/div>\n\t\t\t\t\t<\/div>\n\t\t\t\t<\/div>\n\t\t\t\t<\/div>\n\t\t","protected":false},"excerpt":{"rendered":"<p>Gro\u00dfhandel Custom TEMPORARY Tattoos Gro\u00dfhandel Suchst du nach einer originellen neuen M\u00f6glichkeit, deine Marke zu bewerben? M\u00f6chtest du, dass dein Marketing-Event auch nach dem gro\u00dfen Tag in der Haut deiner G\u00e4ste weiterlebt und viel mehr Menschen erreicht als die, die tats\u00e4chlich dabei waren? Hier bist du richtig! Wir haben, was du suchst. Tempor\u00e4re Tattoos sind [&hellip;]<\/p>\n","protected":false},"author":1,"featured_media":0,"parent":0,"menu_order":6,"comment_status":"closed","ping_status":"closed","template":"","meta":{"footnotes":""},"class_list":["post-4415","page","type-page","status-publish","hentry"],"yoast_head":"<!-- This site is optimized with the Yoast SEO plugin v27.4 - https:\/\/yoast.com\/product\/yoast-seo-wordpress\/ -->\n<title>Gro\u00dfhandel Tempor\u00e4re Tattoos Verkauf<\/title>\n<meta name=\"description\" content=\"TTTatto bietet dir einen Gro\u00dfhandelsservice f\u00fcr tempor\u00e4re Tattoos: f\u00fcr Marketing-Events, Partys, Hochzeiten oder zum Verkauf in deinem Gesch\u00e4ft.\" \/>\n<meta name=\"robots\" content=\"index, follow, max-snippet:-1, max-image-preview:large, max-video-preview:-1\" \/>\n<link rel=\"canonical\" href=\"https:\/\/tttattoo.com\/de\/grosshandel\/\" \/>\n<meta property=\"og:locale\" content=\"de_DE\" \/>\n<meta property=\"og:type\" content=\"article\" \/>\n<meta property=\"og:title\" content=\"Gro\u00dfhandel Tempor\u00e4re Tattoos Verkauf\" \/>\n<meta property=\"og:description\" content=\"TTTatto bietet dir einen Gro\u00dfhandelsservice f\u00fcr tempor\u00e4re Tattoos: f\u00fcr Marketing-Events, Partys, Hochzeiten oder zum Verkauf in deinem Gesch\u00e4ft.\" \/>\n<meta property=\"og:url\" content=\"https:\/\/tttattoo.com\/de\/grosshandel\/\" \/>\n<meta property=\"og:site_name\" content=\"Kaufen Originelle Tempor\u00e4re Tattoos - TTTattoo\" \/>\n<meta property=\"article:modified_time\" content=\"2024-04-22T13:56:43+00:00\" \/>\n<meta name=\"twitter:card\" content=\"summary_large_image\" \/>\n<meta name=\"twitter:label1\" content=\"Gesch\u00e4tzte Lesezeit\" \/>\n\t<meta name=\"twitter:data1\" content=\"2\u00a0Minuten\" \/>\n<script type=\"application\/ld+json\" class=\"yoast-schema-graph\">{\"@context\":\"https:\\\/\\\/schema.org\",\"@graph\":[{\"@type\":\"WebPage\",\"@id\":\"https:\\\/\\\/tttattoo.com\\\/de\\\/grosshandel\\\/\",\"url\":\"https:\\\/\\\/tttattoo.com\\\/de\\\/grosshandel\\\/\",\"name\":\"Gro\u00dfhandel Tempor\u00e4re Tattoos Verkauf\",\"isPartOf\":{\"@id\":\"https:\\\/\\\/tttattoo.com\\\/de\\\/#website\"},\"datePublished\":\"2021-08-31T14:08:04+00:00\",\"dateModified\":\"2024-04-22T13:56:43+00:00\",\"description\":\"TTTatto bietet dir einen Gro\u00dfhandelsservice f\u00fcr tempor\u00e4re Tattoos: f\u00fcr Marketing-Events, Partys, Hochzeiten oder zum Verkauf in deinem Gesch\u00e4ft.\",\"breadcrumb\":{\"@id\":\"https:\\\/\\\/tttattoo.com\\\/de\\\/grosshandel\\\/#breadcrumb\"},\"inLanguage\":\"de\",\"potentialAction\":[{\"@type\":\"ReadAction\",\"target\":[\"https:\\\/\\\/tttattoo.com\\\/de\\\/grosshandel\\\/\"]}]},{\"@type\":\"BreadcrumbList\",\"@id\":\"https:\\\/\\\/tttattoo.com\\\/de\\\/grosshandel\\\/#breadcrumb\",\"itemListElement\":[{\"@type\":\"ListItem\",\"position\":1,\"name\":\"Portada\",\"item\":\"https:\\\/\\\/tttattoo.com\\\/de\\\/zuhause\\\/\"},{\"@type\":\"ListItem\",\"position\":2,\"name\":\"Gro\u00dfhandel\"}]},{\"@type\":\"WebSite\",\"@id\":\"https:\\\/\\\/tttattoo.com\\\/de\\\/#website\",\"url\":\"https:\\\/\\\/tttattoo.com\\\/de\\\/\",\"name\":\"Kaufen Originelle Tempor\u00e4re Tattoos - TTTattoo\",\"description\":\"Bei TTTattoo k\u00f6nnen Sie originale tempor\u00e4re Tattoos in Top-Qualit\u00e4t kaufen. Wir haben einen umfangreichen Katalog und Sie k\u00f6nnen ihn auch individuell anpassen! Wagen Sie es, mit Ihrer Kreativit\u00e4t zu spielen.\",\"publisher\":{\"@id\":\"https:\\\/\\\/tttattoo.com\\\/de\\\/#organization\"},\"potentialAction\":[{\"@type\":\"SearchAction\",\"target\":{\"@type\":\"EntryPoint\",\"urlTemplate\":\"https:\\\/\\\/tttattoo.com\\\/de\\\/?s={search_term_string}\"},\"query-input\":{\"@type\":\"PropertyValueSpecification\",\"valueRequired\":true,\"valueName\":\"search_term_string\"}}],\"inLanguage\":\"de\"},{\"@type\":\"Organization\",\"@id\":\"https:\\\/\\\/tttattoo.com\\\/de\\\/#organization\",\"name\":\"Kaufen Originelle Tempor\u00e4re Tattoos - TTTattoo\",\"url\":\"https:\\\/\\\/tttattoo.com\\\/de\\\/\",\"logo\":{\"@type\":\"ImageObject\",\"inLanguage\":\"de\",\"@id\":\"https:\\\/\\\/tttattoo.com\\\/de\\\/#\\\/schema\\\/logo\\\/image\\\/\",\"url\":\"https:\\\/\\\/tttattoo.com\\\/wp-content\\\/uploads\\\/2024\\\/03\\\/TTTattoo.png\",\"contentUrl\":\"https:\\\/\\\/tttattoo.com\\\/wp-content\\\/uploads\\\/2024\\\/03\\\/TTTattoo.png\",\"width\":500,\"height\":124,\"caption\":\"Kaufen Originelle Tempor\u00e4re Tattoos - TTTattoo\"},\"image\":{\"@id\":\"https:\\\/\\\/tttattoo.com\\\/de\\\/#\\\/schema\\\/logo\\\/image\\\/\"}}]}<\/script>\n<!-- \/ Yoast SEO plugin. -->","yoast_head_json":{"title":"Gro\u00dfhandel Tempor\u00e4re Tattoos Verkauf","description":"TTTatto bietet dir einen Gro\u00dfhandelsservice f\u00fcr tempor\u00e4re Tattoos: f\u00fcr Marketing-Events, Partys, Hochzeiten oder zum Verkauf in deinem Gesch\u00e4ft.","robots":{"index":"index","follow":"follow","max-snippet":"max-snippet:-1","max-image-preview":"max-image-preview:large","max-video-preview":"max-video-preview:-1"},"canonical":"https:\/\/tttattoo.com\/de\/grosshandel\/","og_locale":"de_DE","og_type":"article","og_title":"Gro\u00dfhandel Tempor\u00e4re Tattoos Verkauf","og_description":"TTTatto bietet dir einen Gro\u00dfhandelsservice f\u00fcr tempor\u00e4re Tattoos: f\u00fcr Marketing-Events, Partys, Hochzeiten oder zum Verkauf in deinem Gesch\u00e4ft.","og_url":"https:\/\/tttattoo.com\/de\/grosshandel\/","og_site_name":"Kaufen Originelle Tempor\u00e4re Tattoos - TTTattoo","article_modified_time":"2024-04-22T13:56:43+00:00","twitter_card":"summary_large_image","twitter_misc":{"Gesch\u00e4tzte Lesezeit":"2\u00a0Minuten"},"schema":{"@context":"https:\/\/schema.org","@graph":[{"@type":"WebPage","@id":"https:\/\/tttattoo.com\/de\/grosshandel\/","url":"https:\/\/tttattoo.com\/de\/grosshandel\/","name":"Gro\u00dfhandel Tempor\u00e4re Tattoos Verkauf","isPartOf":{"@id":"https:\/\/tttattoo.com\/de\/#website"},"datePublished":"2021-08-31T14:08:04+00:00","dateModified":"2024-04-22T13:56:43+00:00","description":"TTTatto bietet dir einen Gro\u00dfhandelsservice f\u00fcr tempor\u00e4re Tattoos: f\u00fcr Marketing-Events, Partys, Hochzeiten oder zum Verkauf in deinem Gesch\u00e4ft.","breadcrumb":{"@id":"https:\/\/tttattoo.com\/de\/grosshandel\/#breadcrumb"},"inLanguage":"de","potentialAction":[{"@type":"ReadAction","target":["https:\/\/tttattoo.com\/de\/grosshandel\/"]}]},{"@type":"BreadcrumbList","@id":"https:\/\/tttattoo.com\/de\/grosshandel\/#breadcrumb","itemListElement":[{"@type":"ListItem","position":1,"name":"Portada","item":"https:\/\/tttattoo.com\/de\/zuhause\/"},{"@type":"ListItem","position":2,"name":"Gro\u00dfhandel"}]},{"@type":"WebSite","@id":"https:\/\/tttattoo.com\/de\/#website","url":"https:\/\/tttattoo.com\/de\/","name":"Kaufen Originelle Tempor\u00e4re Tattoos - TTTattoo","description":"Bei TTTattoo k\u00f6nnen Sie originale tempor\u00e4re Tattoos in Top-Qualit\u00e4t kaufen. Wir haben einen umfangreichen Katalog und Sie k\u00f6nnen ihn auch individuell anpassen! Wagen Sie es, mit Ihrer Kreativit\u00e4t zu spielen.","publisher":{"@id":"https:\/\/tttattoo.com\/de\/#organization"},"potentialAction":[{"@type":"SearchAction","target":{"@type":"EntryPoint","urlTemplate":"https:\/\/tttattoo.com\/de\/?s={search_term_string}"},"query-input":{"@type":"PropertyValueSpecification","valueRequired":true,"valueName":"search_term_string"}}],"inLanguage":"de"},{"@type":"Organization","@id":"https:\/\/tttattoo.com\/de\/#organization","name":"Kaufen Originelle Tempor\u00e4re Tattoos - TTTattoo","url":"https:\/\/tttattoo.com\/de\/","logo":{"@type":"ImageObject","inLanguage":"de","@id":"https:\/\/tttattoo.com\/de\/#\/schema\/logo\/image\/","url":"https:\/\/tttattoo.com\/wp-content\/uploads\/2024\/03\/TTTattoo.png","contentUrl":"https:\/\/tttattoo.com\/wp-content\/uploads\/2024\/03\/TTTattoo.png","width":500,"height":124,"caption":"Kaufen Originelle Tempor\u00e4re Tattoos - TTTattoo"},"image":{"@id":"https:\/\/tttattoo.com\/de\/#\/schema\/logo\/image\/"}}]}},"_links":{"self":[{"href":"https:\/\/tttattoo.com\/de\/wp-json\/wp\/v2\/pages\/4415","targetHints":{"allow":["GET"]}}],"collection":[{"href":"https:\/\/tttattoo.com\/de\/wp-json\/wp\/v2\/pages"}],"about":[{"href":"https:\/\/tttattoo.com\/de\/wp-json\/wp\/v2\/types\/page"}],"author":[{"embeddable":true,"href":"https:\/\/tttattoo.com\/de\/wp-json\/wp\/v2\/users\/1"}],"replies":[{"embeddable":true,"href":"https:\/\/tttattoo.com\/de\/wp-json\/wp\/v2\/comments?post=4415"}],"version-history":[{"count":5,"href":"https:\/\/tttattoo.com\/de\/wp-json\/wp\/v2\/pages\/4415\/revisions"}],"predecessor-version":[{"id":9917,"href":"https:\/\/tttattoo.com\/de\/wp-json\/wp\/v2\/pages\/4415\/revisions\/9917"}],"wp:attachment":[{"href":"https:\/\/tttattoo.com\/de\/wp-json\/wp\/v2\/media?parent=4415"}],"curies":[{"name":"wp","href":"https:\/\/api.w.org\/{rel}","templated":true}]}}